{"id":4727,"date":"2023-07-13T16:19:00","date_gmt":"2023-07-13T14:19:00","guid":{"rendered":"https:\/\/agrarpetrovic.rs\/?post_type=product&#038;p=4727"},"modified":"2023-07-13T16:19:36","modified_gmt":"2023-07-13T14:19:36","slug":"bacilomix-specijal","status":"publish","type":"product","link":"https:\/\/agrarpetrovic.rs\/en\/proizvod\/bacilomix-specijal\/","title":{"rendered":"BACILOMIX SPECIJAL"},"content":{"rendered":"<p>KOLI\u010cINA PRIMENE:<\/p>\n<p>P\u0161enica, kukuruz, suncokret, soja i lucerka &#8211; koli\u010dina primene 2-3 l\/ha; tretiranjem 1-2 puta u toku vegetacije<\/p>\n<p>Povr\u0107e &#8211; koli\u010dina primene 4-6 l\/ha; tretiranjem vi\u0161e puta u toku vegetacije<\/p>\n<p>Vo\u0107e i vinova loza &#8211; 6-8 l\/ha; tretiranjem vi\u0161e puta u toku vegetacije<\/p>\n<p>Seme &#8211; inokulacija semena se vr\u0161i sa 10% rastvorom preparata, 100 ml na hektarsku normu uz dodatak 1 l vode; tretiranjem pre setve ili najranije 120 dana pre setve<\/p>","protected":false},"excerpt":{"rendered":"<p>Folijarno\/fertiligacija<\/p>\n<p>SASTAV: Bacillus sp. 1,5x10na8 po litru \u0107elije bakterije<\/p>\n<p>PRIMENA: Primenjuje se kao 1 i 1,5% rastvor za folijarno tretiranje, kao starter za biljke i oplemenjiva\u010d zemlji\u0161ta uno\u0161enjem u zemlju inkorporacijom zalivanjem sistemima kap po kap, dok se za tretman semena i kod rasa\u0111ivanja mo\u017ee vr\u0161iti u koncentraciji i do 10%.<\/p>\n<p>PAKOVANJE: 100ml, 1l, 10l.<\/p>","protected":false},"featured_media":4771,"template":"","meta":[],"product_brand":[],"product_cat":[200,303],"product_tag":[],"class_list":{"0":"post-4727","1":"product","2":"type-product","3":"status-publish","4":"has-post-thumbnail","6":"product_cat-ishrana-bilja","7":"product_cat-mikrobioloska-djubriva","9":"first","10":"instock","11":"shipping-taxable","12":"product-type-simple"},"_links":{"self":[{"href":"https:\/\/agrarpetrovic.rs\/en\/wp-json\/wp\/v2\/product\/4727","targetHints":{"allow":["GET"]}}],"collection":[{"href":"https:\/\/agrarpetrovic.rs\/en\/wp-json\/wp\/v2\/product"}],"about":[{"href":"https:\/\/agrarpetrovic.rs\/en\/wp-json\/wp\/v2\/types\/product"}],"wp:featuredmedia":[{"embeddable":true,"href":"https:\/\/agrarpetrovic.rs\/en\/wp-json\/wp\/v2\/media\/4771"}],"wp:attachment":[{"href":"https:\/\/agrarpetrovic.rs\/en\/wp-json\/wp\/v2\/media?parent=4727"}],"wp:term":[{"taxonomy":"product_brand","embeddable":true,"href":"https:\/\/agrarpetrovic.rs\/en\/wp-json\/wp\/v2\/product_brand?post=4727"},{"taxonomy":"product_cat","embeddable":true,"href":"https:\/\/agrarpetrovic.rs\/en\/wp-json\/wp\/v2\/product_cat?post=4727"},{"taxonomy":"product_tag","embeddable":true,"href":"https:\/\/agrarpetrovic.rs\/en\/wp-json\/wp\/v2\/product_tag?post=4727"}],"curies":[{"name":"wp","href":"https:\/\/api.w.org\/{rel}","templated":true}]}}