{"id":4728,"date":"2023-07-13T16:19:00","date_gmt":"2023-07-13T14:19:00","guid":{"rendered":"https:\/\/agrarpetrovic.rs\/?post_type=product&#038;p=4728"},"modified":"2023-07-13T16:19:36","modified_gmt":"2023-07-13T14:19:36","slug":"bacilomix-aurum","status":"publish","type":"product","link":"https:\/\/agrarpetrovic.rs\/en\/proizvod\/bacilomix-aurum\/","title":{"rendered":"BACILOMIX AURUM"},"content":{"rendered":"<p>KOLI\u010cINA PRIMENE:<\/p>\n<p>Jagode &#8211; 0.5-2% u zavisnosti od uslova za pojavu oboljenja, uz utro\u0161ak vode od 500l\/ha<br \/>\n0,5% zajedno sa ostalim sredstvima za ishranu i za\u0161titu bilja; po\u010detak cvetanja, puno cvetanje 50-100% otvorenih cvetova<br \/>\n0,5-2% samostalno nema karencu, sazrevanje plodova i berba<\/p>\n<p>Paprika -1-2% u zavisnosti od uslova z apojavu oboljenja, uz utro\u0161ak vode 200-400l\/ha.<\/p>","protected":false},"excerpt":{"rendered":"<p>AKTIVNA MATERIJA: Bakterijski inokulum Bacillus sp. min. 6&#215;1010 cfu\/ml<\/p>\n<p>AURUM B- Biofungicid i biobaktericid, registrovan za suzbijanje Pseudomonas spp, Xanthomonas spp, Botrytis cinerea.<\/p>\n<p>PRIMENA:<br \/>\nPrimenjuje se u zasadima jagode folijarnim tretiranjem od po\u010detka cvetanja pa do kraja berbe protiv sive trule\u017ei,u zasadima paprike folijarnim tretiranjem od po\u010detka nicanja pa do kraja berbe protiv bakteriozne plamenja\u010de.<\/p>","protected":false},"featured_media":4772,"template":"","meta":[],"product_brand":[],"product_cat":[296,202],"product_tag":[],"class_list":{"0":"post-4728","1":"product","2":"type-product","3":"status-publish","4":"has-post-thumbnail","6":"product_cat-biopesticidi","7":"product_cat-zastita-bilja","9":"first","10":"instock","11":"shipping-taxable","12":"product-type-simple"},"_links":{"self":[{"href":"https:\/\/agrarpetrovic.rs\/en\/wp-json\/wp\/v2\/product\/4728","targetHints":{"allow":["GET"]}}],"collection":[{"href":"https:\/\/agrarpetrovic.rs\/en\/wp-json\/wp\/v2\/product"}],"about":[{"href":"https:\/\/agrarpetrovic.rs\/en\/wp-json\/wp\/v2\/types\/product"}],"wp:featuredmedia":[{"embeddable":true,"href":"https:\/\/agrarpetrovic.rs\/en\/wp-json\/wp\/v2\/media\/4772"}],"wp:attachment":[{"href":"https:\/\/agrarpetrovic.rs\/en\/wp-json\/wp\/v2\/media?parent=4728"}],"wp:term":[{"taxonomy":"product_brand","embeddable":true,"href":"https:\/\/agrarpetrovic.rs\/en\/wp-json\/wp\/v2\/product_brand?post=4728"},{"taxonomy":"product_cat","embeddable":true,"href":"https:\/\/agrarpetrovic.rs\/en\/wp-json\/wp\/v2\/product_cat?post=4728"},{"taxonomy":"product_tag","embeddable":true,"href":"https:\/\/agrarpetrovic.rs\/en\/wp-json\/wp\/v2\/product_tag?post=4728"}],"curies":[{"name":"wp","href":"https:\/\/api.w.org\/{rel}","templated":true}]}}