{"id":4751,"date":"2023-07-13T16:19:26","date_gmt":"2023-07-13T14:19:26","guid":{"rendered":"https:\/\/agrarpetrovic.rs\/?post_type=product&#038;p=4751"},"modified":"2023-07-13T16:20:02","modified_gmt":"2023-07-13T14:20:02","slug":"yara-ferticare-10-5-26","status":"publish","type":"product","link":"https:\/\/agrarpetrovic.rs\/en\/proizvod\/yara-ferticare-10-5-26\/","title":{"rendered":"YARA FERTICARE 10-5-26"},"content":{"rendered":"<p>Mineralno dubrivo sa vi\u0161im sadr\u017eajem kalijuma i idealnim odnosom hraniva za period plodono\u0161enja. Preporucuje se kod kultura koje zahtevaju vecu kolicinu kalijuma u drugom periodu vegetacije. Obezbeduje lep\u0161u boju plodovima, pobolj\u0161ava kvalitet i mogucnost dugotrajnijeg skladi\u0161tenja.<\/p>","protected":false},"excerpt":{"rendered":"<p>FERTICARETM 10-5-26 III-posle cvetanja, za plodono\u0161enje<\/p>","protected":false},"featured_media":4790,"template":"","meta":[],"product_brand":[],"product_cat":[200,201],"product_tag":[],"class_list":{"0":"post-4751","1":"product","2":"type-product","3":"status-publish","4":"has-post-thumbnail","6":"product_cat-ishrana-bilja","7":"product_cat-vodotopiva-djubriva","9":"first","10":"instock","11":"shipping-taxable","12":"product-type-simple"},"_links":{"self":[{"href":"https:\/\/agrarpetrovic.rs\/en\/wp-json\/wp\/v2\/product\/4751","targetHints":{"allow":["GET"]}}],"collection":[{"href":"https:\/\/agrarpetrovic.rs\/en\/wp-json\/wp\/v2\/product"}],"about":[{"href":"https:\/\/agrarpetrovic.rs\/en\/wp-json\/wp\/v2\/types\/product"}],"wp:featuredmedia":[{"embeddable":true,"href":"https:\/\/agrarpetrovic.rs\/en\/wp-json\/wp\/v2\/media\/4790"}],"wp:attachment":[{"href":"https:\/\/agrarpetrovic.rs\/en\/wp-json\/wp\/v2\/media?parent=4751"}],"wp:term":[{"taxonomy":"product_brand","embeddable":true,"href":"https:\/\/agrarpetrovic.rs\/en\/wp-json\/wp\/v2\/product_brand?post=4751"},{"taxonomy":"product_cat","embeddable":true,"href":"https:\/\/agrarpetrovic.rs\/en\/wp-json\/wp\/v2\/product_cat?post=4751"},{"taxonomy":"product_tag","embeddable":true,"href":"https:\/\/agrarpetrovic.rs\/en\/wp-json\/wp\/v2\/product_tag?post=4751"}],"curies":[{"name":"wp","href":"https:\/\/api.w.org\/{rel}","templated":true}]}}