{"id":4755,"date":"2023-07-13T16:19:26","date_gmt":"2023-07-13T14:19:26","guid":{"rendered":"https:\/\/agrarpetrovic.rs\/?post_type=product&#038;p=4755"},"modified":"2023-07-13T16:20:03","modified_gmt":"2023-07-13T14:20:03","slug":"yara-krista-ka-plus","status":"publish","type":"product","link":"https:\/\/agrarpetrovic.rs\/en\/proizvod\/yara-krista-ka-plus\/","title":{"rendered":"YARA KRISTA-KA PLUS"},"content":{"rendered":"<p>Pobolj\u0161ava kvalitet proizvoda kao i sposobnost skladi\u0161tenja i ubrzava zrenje. Povecava otpornost biljke na su\u0161u, bolesti i \u0161tetocine. Pored kalijuma ovo dubrivo je i dodatni izvor lako pristupacnog azota.<\/p>","protected":false},"excerpt":{"rendered":"<p>Dopunsko dvokomponentno (azot i kalijum) mineralno dubrivo, bez hlora. Krista K Plus je dubrivo, u obliku kristala, koje se u vodi rastvara brzo i bez ostataka.<\/p>","protected":false},"featured_media":4792,"template":"","meta":[],"product_brand":[],"product_cat":[200,277,276],"product_tag":[],"class_list":{"0":"post-4755","1":"product","2":"type-product","3":"status-publish","4":"has-post-thumbnail","6":"product_cat-ishrana-bilja","7":"product_cat-kompleksna-djubriva","8":"product_cat-osnovna-djubriva","10":"first","11":"instock","12":"shipping-taxable","13":"product-type-simple"},"_links":{"self":[{"href":"https:\/\/agrarpetrovic.rs\/en\/wp-json\/wp\/v2\/product\/4755","targetHints":{"allow":["GET"]}}],"collection":[{"href":"https:\/\/agrarpetrovic.rs\/en\/wp-json\/wp\/v2\/product"}],"about":[{"href":"https:\/\/agrarpetrovic.rs\/en\/wp-json\/wp\/v2\/types\/product"}],"wp:featuredmedia":[{"embeddable":true,"href":"https:\/\/agrarpetrovic.rs\/en\/wp-json\/wp\/v2\/media\/4792"}],"wp:attachment":[{"href":"https:\/\/agrarpetrovic.rs\/en\/wp-json\/wp\/v2\/media?parent=4755"}],"wp:term":[{"taxonomy":"product_brand","embeddable":true,"href":"https:\/\/agrarpetrovic.rs\/en\/wp-json\/wp\/v2\/product_brand?post=4755"},{"taxonomy":"product_cat","embeddable":true,"href":"https:\/\/agrarpetrovic.rs\/en\/wp-json\/wp\/v2\/product_cat?post=4755"},{"taxonomy":"product_tag","embeddable":true,"href":"https:\/\/agrarpetrovic.rs\/en\/wp-json\/wp\/v2\/product_tag?post=4755"}],"curies":[{"name":"wp","href":"https:\/\/api.w.org\/{rel}","templated":true}]}}