{"id":4759,"date":"2023-07-13T16:19:27","date_gmt":"2023-07-13T14:19:27","guid":{"rendered":"https:\/\/agrarpetrovic.rs\/?post_type=product&#038;p=4759"},"modified":"2023-07-13T16:20:04","modified_gmt":"2023-07-13T14:20:04","slug":"yara-mila-komplex-12-11-18","status":"publish","type":"product","link":"https:\/\/agrarpetrovic.rs\/en\/proizvod\/yara-mila-komplex-12-11-18\/","title":{"rendered":"YARA MILA KOMPLEX 12-11-18"},"content":{"rendered":"<div><span class=\"ws12\">Yara Mila Complex je izvoran proizvod iz Norve\u0161ke i najefikasnije dubrivo na svim tipovima zemlji\u0161ta: na zaslanjenim zemlji\u0161tima, pri povi\u0161enom pH, te na zemlji\u0161tima iscrpljenim vi\u0161egodi\u0161njim intenzivnim uzgojem.<\/span><\/div>\n<div><span class=\"ws12\">Jedna od va\u017enih karakteristika YaraMila Complexa , po kojoj se razlikuje od svih trenutno dostupnih dubriva na tr\u017ei\u0161tu, je sadr\u017eaj fosfora (P) koji je u obliku orto i polifasfata, te omogucava najvi\u0161u iskori\u0161cenost i efikasnost fosfora u \u0161irokom rasponu pH zemlji\u0161ta.<\/span><\/div>\n<div><span class=\"ws12\">YaraMila Complex se koristi za voce vinograde, povrce u plastenicima i na otvorenom: 300 &#8211; 800 kg\/ha.<\/span><\/div>","protected":false},"excerpt":{"rendered":"<p>Yara Mila COMPLEX 12-11-18 SOP + 13S + 2Mg + Mikroelementi, dubrivo u perlama sadr\u017ei Polyfosfat, 100% Kalijum Sulfat.<\/p>","protected":false},"featured_media":4795,"template":"","meta":[],"product_brand":[],"product_cat":[200,277,276],"product_tag":[],"class_list":{"0":"post-4759","1":"product","2":"type-product","3":"status-publish","4":"has-post-thumbnail","6":"product_cat-ishrana-bilja","7":"product_cat-kompleksna-djubriva","8":"product_cat-osnovna-djubriva","10":"first","11":"instock","12":"shipping-taxable","13":"product-type-simple"},"_links":{"self":[{"href":"https:\/\/agrarpetrovic.rs\/en\/wp-json\/wp\/v2\/product\/4759","targetHints":{"allow":["GET"]}}],"collection":[{"href":"https:\/\/agrarpetrovic.rs\/en\/wp-json\/wp\/v2\/product"}],"about":[{"href":"https:\/\/agrarpetrovic.rs\/en\/wp-json\/wp\/v2\/types\/product"}],"wp:featuredmedia":[{"embeddable":true,"href":"https:\/\/agrarpetrovic.rs\/en\/wp-json\/wp\/v2\/media\/4795"}],"wp:attachment":[{"href":"https:\/\/agrarpetrovic.rs\/en\/wp-json\/wp\/v2\/media?parent=4759"}],"wp:term":[{"taxonomy":"product_brand","embeddable":true,"href":"https:\/\/agrarpetrovic.rs\/en\/wp-json\/wp\/v2\/product_brand?post=4759"},{"taxonomy":"product_cat","embeddable":true,"href":"https:\/\/agrarpetrovic.rs\/en\/wp-json\/wp\/v2\/product_cat?post=4759"},{"taxonomy":"product_tag","embeddable":true,"href":"https:\/\/agrarpetrovic.rs\/en\/wp-json\/wp\/v2\/product_tag?post=4759"}],"curies":[{"name":"wp","href":"https:\/\/api.w.org\/{rel}","templated":true}]}}