{"id":4760,"date":"2023-07-13T16:19:27","date_gmt":"2023-07-13T14:19:27","guid":{"rendered":"https:\/\/agrarpetrovic.rs\/?post_type=product&#038;p=4760"},"modified":"2023-07-13T16:20:04","modified_gmt":"2023-07-13T14:20:04","slug":"yara-mila-16-27-7me","status":"publish","type":"product","link":"https:\/\/agrarpetrovic.rs\/en\/proizvod\/yara-mila-16-27-7me\/","title":{"rendered":"YARA MILA 16-27-7+ME"},"content":{"rendered":"<div><span class=\"ws12\">\u00d0ubrivo za \u017eitarice i zemlji\u0161ta sa srednjim i vi\u0161im sadr\u017eajem kalijuma.<\/span><\/div>\n<div><span class=\"ws12\">Primenjuje se najvi\u0161e u strnim \u017eitima u jesen u kolicini 300-400 kg N\/ha. To je dovoljno za jesenje razdoblje vegetacije jer vi\u0161ak azota smanjuje otpornost na negativne uslove tokom zime. Takode zadovoljavamo potrebe za fosforom od 81 do 108 kg\/ha, \u0161to je optimalno za strna \u017eita. Strna \u017eita iznose kalijum u kolicini 60 kg\/ha te je potpuno dovoljan unos 50 % potreba za potrebnim kalijumom.<\/span><\/div>\n<div><span class=\"ws12\">Zahvaljujuci efektnom i uravnote\u017eenom sastavu YaraMila\u2122 kompleksnih dubriva, svaka granula je potpuno istog sastava, stoga usvajanje hraniva tece postepeno i precizno. Pored azota-N, fosfora-P i kalijuma-K, na\u0161a dubriva sadr\u017ee mezo i mikroelemente, kao \u0161to su kalcijum-Ca, magnezijum-Mg, sumpor-S, bor-B, mangan-Mn, cink-Zn..<\/span><\/div>\n<div><span class=\"ws12\">Harmonican odnos hranljivih elemenata tokom faze intenzivnog rasta doprinosi znacajnom povecanju kolicine usvojenih hraniva i to ne samo azota vec i svih ostalih u odredenoj relaciji. Nedostatak hranljivih materija i nepravilna ishrana useva sprecava pravilan razvoj i rast, biljke su manjeg porasta i krajnji prinos i kvalitet roda je ni\u017ei. Zato je veoma va\u017eno da se biljkama obezbede hranljivi elementi, stalno i u pravilnom odnosu, sa YaraMila\u2122 kompleksnim dubrivima.<\/span><\/div>","protected":false},"excerpt":{"rendered":"<p>Yara Mila 16-27-7 + S + Zn, kompleksno dubrivo sa mikroelementima bogato fosforom.<\/p>","protected":false},"featured_media":4795,"template":"","meta":[],"product_brand":[],"product_cat":[200,277,276],"product_tag":[],"class_list":{"0":"post-4760","1":"product","2":"type-product","3":"status-publish","4":"has-post-thumbnail","6":"product_cat-ishrana-bilja","7":"product_cat-kompleksna-djubriva","8":"product_cat-osnovna-djubriva","10":"first","11":"instock","12":"shipping-taxable","13":"product-type-simple"},"_links":{"self":[{"href":"https:\/\/agrarpetrovic.rs\/en\/wp-json\/wp\/v2\/product\/4760","targetHints":{"allow":["GET"]}}],"collection":[{"href":"https:\/\/agrarpetrovic.rs\/en\/wp-json\/wp\/v2\/product"}],"about":[{"href":"https:\/\/agrarpetrovic.rs\/en\/wp-json\/wp\/v2\/types\/product"}],"wp:featuredmedia":[{"embeddable":true,"href":"https:\/\/agrarpetrovic.rs\/en\/wp-json\/wp\/v2\/media\/4795"}],"wp:attachment":[{"href":"https:\/\/agrarpetrovic.rs\/en\/wp-json\/wp\/v2\/media?parent=4760"}],"wp:term":[{"taxonomy":"product_brand","embeddable":true,"href":"https:\/\/agrarpetrovic.rs\/en\/wp-json\/wp\/v2\/product_brand?post=4760"},{"taxonomy":"product_cat","embeddable":true,"href":"https:\/\/agrarpetrovic.rs\/en\/wp-json\/wp\/v2\/product_cat?post=4760"},{"taxonomy":"product_tag","embeddable":true,"href":"https:\/\/agrarpetrovic.rs\/en\/wp-json\/wp\/v2\/product_tag?post=4760"}],"curies":[{"name":"wp","href":"https:\/\/api.w.org\/{rel}","templated":true}]}}