{"id":4761,"date":"2023-07-13T16:19:27","date_gmt":"2023-07-13T14:19:27","guid":{"rendered":"https:\/\/agrarpetrovic.rs\/?post_type=product&#038;p=4761"},"modified":"2023-07-13T16:20:04","modified_gmt":"2023-07-13T14:20:04","slug":"yara-mila-7-12-25me","status":"publish","type":"product","link":"https:\/\/agrarpetrovic.rs\/en\/proizvod\/yara-mila-7-12-25me\/","title":{"rendered":"YARA MILA 7-12-25+ME"},"content":{"rendered":"<div><span class=\"ws12\">Za zemlji\u0161ta sa uravnote\u017eenim odnosom hraniva, za jesenje i prolecno dubrenje ratarskih i intenzivnih useva.<\/span><\/div>\n<div><span class=\"ws12\">Upotreba:<\/span><\/div>\n<div><span class=\"ws12\">Jesenje dubrenje: zaoravanje i osnovno dubrenje 200-300 kg\/ha uz dohranjivanje useva pre setve.<\/span><\/div>\n<div><span class=\"ws12\">Prolece: u pripremi zemlji\u0161ta ako nije bilo jesenjeg dubrenja, 300-500 kg\/ha. Izvrsno uravnote\u017eene kombinacije hraniva za useve kukuruza, suncokreta, uljane repice, \u0161ecernu repu.<\/span><\/div>\n<div><span class=\"ws12\">Zahvaljujuci efektnom i uravnote\u017eenom sastavu YaraMila\u2122 kompleksnih dubriva, svaka granula je potpuno istog sastava, stoga usvajanje hraniva tece postepeno i precizno. Pored azota-N, fosfora-P i kalijuma-K, na\u0161a dubriva sadr\u017ee mezo i mikroelemente, kao \u0161to su kalcijum-Ca, magnezijum-Mg, sumpor-S, bor-B, mangan-Mn, cink-Zn..<\/span><\/div>\n<div><span class=\"ws12\">Harmonican odnos hranljivih elemenata tokom faze intenzivnog rasta doprinosi znacajnom povecanju kolicine usvojenih hraniva i to ne samo azota vec i svih ostalih u odredenoj relaciji. Nedostatak hranljivih materija i nepravilna ishrana useva sprecava pravilan razvoj i rast, biljke su manjeg porasta i krajnji prinos i kvalitet roda je ni\u017ei. Zato je veoma va\u017eno da se biljkama obezbede hranljivi elementi, stalno i u pravilnom odnosu, sa YaraMila\u2122 kompleksnim dubrivima.<\/span><\/div>","protected":false},"excerpt":{"rendered":"<p>Yara Mila 7-12-25 + S + Mg + B, kompleksno dubrivo sa mikroelementima bogato kalijumom.<\/p>","protected":false},"featured_media":4795,"template":"","meta":[],"product_brand":[],"product_cat":[200,277,276],"product_tag":[],"class_list":{"0":"post-4761","1":"product","2":"type-product","3":"status-publish","4":"has-post-thumbnail","6":"product_cat-ishrana-bilja","7":"product_cat-kompleksna-djubriva","8":"product_cat-osnovna-djubriva","10":"first","11":"instock","12":"shipping-taxable","13":"product-type-simple"},"_links":{"self":[{"href":"https:\/\/agrarpetrovic.rs\/en\/wp-json\/wp\/v2\/product\/4761","targetHints":{"allow":["GET"]}}],"collection":[{"href":"https:\/\/agrarpetrovic.rs\/en\/wp-json\/wp\/v2\/product"}],"about":[{"href":"https:\/\/agrarpetrovic.rs\/en\/wp-json\/wp\/v2\/types\/product"}],"wp:featuredmedia":[{"embeddable":true,"href":"https:\/\/agrarpetrovic.rs\/en\/wp-json\/wp\/v2\/media\/4795"}],"wp:attachment":[{"href":"https:\/\/agrarpetrovic.rs\/en\/wp-json\/wp\/v2\/media?parent=4761"}],"wp:term":[{"taxonomy":"product_brand","embeddable":true,"href":"https:\/\/agrarpetrovic.rs\/en\/wp-json\/wp\/v2\/product_brand?post=4761"},{"taxonomy":"product_cat","embeddable":true,"href":"https:\/\/agrarpetrovic.rs\/en\/wp-json\/wp\/v2\/product_cat?post=4761"},{"taxonomy":"product_tag","embeddable":true,"href":"https:\/\/agrarpetrovic.rs\/en\/wp-json\/wp\/v2\/product_tag?post=4761"}],"curies":[{"name":"wp","href":"https:\/\/api.w.org\/{rel}","templated":true}]}}