{"id":4763,"date":"2023-07-13T16:19:27","date_gmt":"2023-07-13T14:19:27","guid":{"rendered":"https:\/\/agrarpetrovic.rs\/?post_type=product&#038;p=4763"},"modified":"2023-07-13T16:20:04","modified_gmt":"2023-07-13T14:20:04","slug":"yara-bela-sulfan-24me","status":"publish","type":"product","link":"https:\/\/agrarpetrovic.rs\/en\/proizvod\/yara-bela-sulfan-24me\/","title":{"rendered":"YARA BELA SULFAN 24+ME"},"content":{"rendered":"<div><span class=\"ws12\">Yara Bela su dubriva vrhunskog kvaliteta na bazi azota, univerzalno priznata zbog svoje strate\u0161ke va\u017enosti i delotvornosti, posebno u prihrani ratarskih kultura.<\/span><\/div>\n<div><span class=\"ws12\">Proizvodi Yara Bela na bazi nitratnog i amonijacnog azota garantuju uravnote\u017eeno snabdevanje azotom, univerzalni su i lako se primenjuju na mnogim usevima. Proizvodi Yara Bela posebno su osmi\u0161ljeni kako bi biljka prihvatila azot u \u0161to kracem vremenu.<\/span><\/div>\n<div><span class=\"ws12\">Dostupni u razlicitim formulacijama Yara Bela proizvodi prate visoke Yara standarde, pretvarajuci amonijacni azot u nitratni, a u nekim slucajevima sadr\u017ee dodatna hraniva nu\u017ena u biljnoj ishrani, kao \u0161to su kalcijum i sumpor.<\/span><\/div>\n<div><span class=\"ws12\">Upotreba: Yara Bela dubriva koriste se u prihrani svih useva u kolicinama 150-600 kg\/ha.<\/span><\/div>\n<div><span class=\"ws12\">\u00a0<\/span><\/div>\n<div><span class=\"ws12\">Prednosti upotrebe Yara Bela proizvoda:<\/span><\/div>\n<div><span class=\"ws12\">1) Na usevima:<\/span><\/div>\n<div><span class=\"ws12\">sadr\u017ee odmah dostupan nitratni azot, koji negativnim nabojem svojih molekula olak\u0161ava apsorpciju kationa (kalcijuma, kalijuma i magnezijuma),<\/span><\/div>\n<div><span class=\"ws12\">sadr\u017ei amonijacni azot, koji ima produ\u017eeno delovanje.<\/span><\/div>\n<div><span class=\"ws12\">2) U zemlji\u0161tu:<\/span><\/div>\n<div><span class=\"ws12\">preme\u0161ta se s lakocom u kru\u017enom ciklusu,<\/span><\/div>\n<div><span class=\"ws12\">donosi kiseonik u zemlji\u0161ta sa manjkom kiseonika,<\/span><\/div>\n<div><span class=\"ws12\">dostupan je biljkama i u slucaju manjka padavina.<\/span><\/div>\n<div><span class=\"ws12\">Za \u017eivotnu sredinu:<\/span><\/div>\n<div><span class=\"ws12\">smanjuje gubitke azota usled gubitka amonijaka, \u0161to znaci vi\u0161e azota za biljke i vi\u0161e ekonomske koristi za poljoprivrednike,<\/span><\/div>\n<div><span class=\"ws12\">smanjuje rizik od ispiranja.<\/span><\/div>","protected":false},"excerpt":{"rendered":"<p>Yara Bela SULFAN 24, AN sa sumporom 24 % N + 15 % SO3<\/p>","protected":false},"featured_media":4797,"template":"","meta":[],"product_brand":[],"product_cat":[200,277,276],"product_tag":[],"class_list":{"0":"post-4763","1":"product","2":"type-product","3":"status-publish","4":"has-post-thumbnail","6":"product_cat-ishrana-bilja","7":"product_cat-kompleksna-djubriva","8":"product_cat-osnovna-djubriva","10":"first","11":"instock","12":"shipping-taxable","13":"product-type-simple"},"_links":{"self":[{"href":"https:\/\/agrarpetrovic.rs\/en\/wp-json\/wp\/v2\/product\/4763","targetHints":{"allow":["GET"]}}],"collection":[{"href":"https:\/\/agrarpetrovic.rs\/en\/wp-json\/wp\/v2\/product"}],"about":[{"href":"https:\/\/agrarpetrovic.rs\/en\/wp-json\/wp\/v2\/types\/product"}],"wp:featuredmedia":[{"embeddable":true,"href":"https:\/\/agrarpetrovic.rs\/en\/wp-json\/wp\/v2\/media\/4797"}],"wp:attachment":[{"href":"https:\/\/agrarpetrovic.rs\/en\/wp-json\/wp\/v2\/media?parent=4763"}],"wp:term":[{"taxonomy":"product_brand","embeddable":true,"href":"https:\/\/agrarpetrovic.rs\/en\/wp-json\/wp\/v2\/product_brand?post=4763"},{"taxonomy":"product_cat","embeddable":true,"href":"https:\/\/agrarpetrovic.rs\/en\/wp-json\/wp\/v2\/product_cat?post=4763"},{"taxonomy":"product_tag","embeddable":true,"href":"https:\/\/agrarpetrovic.rs\/en\/wp-json\/wp\/v2\/product_tag?post=4763"}],"curies":[{"name":"wp","href":"https:\/\/api.w.org\/{rel}","templated":true}]}}