{"id":4780,"date":"2023-07-13T16:19:51","date_gmt":"2023-07-13T14:19:51","guid":{"rendered":"https:\/\/agrarpetrovic.rs\/?post_type=product&#038;p=4780"},"modified":"2023-07-13T16:20:07","modified_gmt":"2023-07-13T14:20:07","slug":"motorni-trimer-villager-bc-43-eb","status":"publish","type":"product","link":"https:\/\/agrarpetrovic.rs\/en\/proizvod\/motorni-trimer-villager-bc-43-eb\/","title":{"rendered":"MOTORNI TRIMER VILLAGER BC 43 EB"},"content":{"rendered":"<h2>OPIS<\/h2>\n<p>Narand\u017easta serija Villager motornih kosa najbolje ilustruje raznovrsnost ponude. Ovde vam predstavljamo Eco Friendly modele svih oblika i namena. U zavisnosti od Va\u0161ih potreba mo\u017eemo Vam ponuditi: klasi\u010dne i le\u0111ne modele; \u0161irok spektar motora razli\u010ditih snaga i zapremina; deljive i nedeljive kardanske cevi; \u201cbicikl\u201d i \u201cloop\u201d rukohvate, obi\u010dne i profesionalne remene&#8230;<\/p>\n<p>PREDNOSTI:<\/p>\n<ul>\n<li>Lagana aluminijumska konstrukcija<\/li>\n<li>Pode\u0161avanje nagiba rukohvata (opciono)<\/li>\n<li>Izmenjivost reznog alata (opciono)<\/li>\n<li>Profesionalni remen za no\u0161enje (opciono)<\/li>\n<li>Multifunkcionalana ru\u010dka<\/li>\n<\/ul>\n<p>Funkcije:<\/p>\n<ul>\n<li>Eco friendly model<\/li>\n<\/ul>\n<p>Preporuka:<\/p>\n<ul>\n<li>Koristiti sme\u0161u goriva i Villager 2T ulja u razmeri 40:1 (2.5%)<\/li>\n<\/ul>","protected":false},"excerpt":{"rendered":"<table class=\"table\">\n<thead>\n<tr>\n<th colspan=\"2\">Karakteristike<\/th>\n<\/tr>\n<\/thead>\n<tbody>\n<tr>\n<td>Kategorija<\/td>\n<td><strong>Motorni trimeri<\/strong><\/td>\n<\/tr>\n<tr>\n<td>Tip motora<\/td>\n<td><strong>Dvotaktni, vazdu\u0161no hla\u0111eni<\/strong><\/td>\n<\/tr>\n<tr>\n<td>Zapremina motora<\/td>\n<td><strong>42.7 cm\u00b3<\/strong><\/td>\n<\/tr>\n<tr>\n<td>Snaga motora \/ broj obrtaja<\/td>\n<td><strong>1.1 kW \/ 7800 rpm<\/strong><\/td>\n<\/tr>\n<tr>\n<td>Radni zahvat niti<\/td>\n<td><strong>430 mm<\/strong><\/td>\n<\/tr>\n<tr>\n<td>Radni zahvat no\u017ea<\/td>\n<td><strong>255 mm<\/strong><\/td>\n<\/tr>\n<tr>\n<td>Sistem prenosa<\/td>\n<td><strong>Kardan<\/strong><\/td>\n<\/tr>\n<tr>\n<td>Tip kardanske cevi<\/td>\n<td><strong>Nedeljiva aluminijumska<\/strong><\/td>\n<\/tr>\n<tr>\n<td>Pre\u010dnik kardanske cevi<\/td>\n<td><strong>28 mm<\/strong><\/td>\n<\/tr>\n<tr>\n<td>Tip rukohvata<\/td>\n<td><strong>Bike rukohvat<\/strong><\/td>\n<\/tr>\n<tr>\n<td>Tip remena<\/td>\n<td><strong>Profesionalni remen<\/strong><\/td>\n<\/tr>\n<tr>\n<td>Masa<\/td>\n<td><strong>8.4 kg<\/strong><\/td>\n<\/tr>\n<\/tbody>\n<\/table>","protected":false},"featured_media":4801,"template":"","meta":[],"product_brand":[],"product_cat":[216,217],"product_tag":[],"class_list":{"0":"post-4780","1":"product","2":"type-product","3":"status-publish","4":"has-post-thumbnail","6":"product_cat-garden-program","7":"product_cat-trimeri","9":"first","10":"instock","11":"shipping-taxable","12":"product-type-simple"},"_links":{"self":[{"href":"https:\/\/agrarpetrovic.rs\/en\/wp-json\/wp\/v2\/product\/4780","targetHints":{"allow":["GET"]}}],"collection":[{"href":"https:\/\/agrarpetrovic.rs\/en\/wp-json\/wp\/v2\/product"}],"about":[{"href":"https:\/\/agrarpetrovic.rs\/en\/wp-json\/wp\/v2\/types\/product"}],"wp:featuredmedia":[{"embeddable":true,"href":"https:\/\/agrarpetrovic.rs\/en\/wp-json\/wp\/v2\/media\/4801"}],"wp:attachment":[{"href":"https:\/\/agrarpetrovic.rs\/en\/wp-json\/wp\/v2\/media?parent=4780"}],"wp:term":[{"taxonomy":"product_brand","embeddable":true,"href":"https:\/\/agrarpetrovic.rs\/en\/wp-json\/wp\/v2\/product_brand?post=4780"},{"taxonomy":"product_cat","embeddable":true,"href":"https:\/\/agrarpetrovic.rs\/en\/wp-json\/wp\/v2\/product_cat?post=4780"},{"taxonomy":"product_tag","embeddable":true,"href":"https:\/\/agrarpetrovic.rs\/en\/wp-json\/wp\/v2\/product_tag?post=4780"}],"curies":[{"name":"wp","href":"https:\/\/api.w.org\/{rel}","templated":true}]}}