{"id":4783,"date":"2023-07-13T16:19:51","date_gmt":"2023-07-13T14:19:51","guid":{"rendered":"https:\/\/agrarpetrovic.rs\/?post_type=product&#038;p=4783"},"modified":"2023-07-13T16:20:09","modified_gmt":"2023-07-13T14:20:09","slug":"motorni-trimer-villager-bc-1900-pe","status":"publish","type":"product","link":"https:\/\/agrarpetrovic.rs\/en\/proizvod\/motorni-trimer-villager-bc-1900-pe\/","title":{"rendered":"MOTORNI TRIMER VILLAGER BC 1900 PE"},"content":{"rendered":"<h2>OPIS<\/h2>\n<div>BC 1900 PE i BC 1250 PE su motorne kose namenjene \u201ctvrdokornim ba\u0161tovanima\u201d. Kako bi ispunili sva o\u010dekivanja najzahtevnijih korisnika, \u00a0u ove kose smo implementirali niz naprednih in\u017eenjerskih re\u0161enja, kao \u0161to su: kovani klipni prstenovi<\/div>\n<div>od CrMoTi legure, digitalni limitator broja obrtaja, klip sa kerami\u010dkom zavr\u0161nicom, itd. Uz pomo\u0107 Villager profesionalnog remena posao \u0107e biti izuzetno udoban i efikasan uz ispunjavanje svih bezbedonosnih uslova.<\/div>\n<p>Osobine::<\/p>\n<ul>\n<li>Super Start TM<\/li>\n<li>NGK\u00ae sve\u0107ica<\/li>\n<li>Digitalni limitator broja obrtaja<\/li>\n<li>Kovana karika od CrMoTi legure<\/li>\n<\/ul>\n<p>Preporuka:<\/p>\n<ul>\n<li>Koristiti sme\u0161u goriva i Villager 2T ulja u razmeri 40:1 (2.5%)<\/li>\n<\/ul>","protected":false},"excerpt":{"rendered":"<h2>SPECIFIKACIJA<\/h2>\n<table class=\"table\">\n<thead>\n<tr>\n<th colspan=\"2\">Karakteristike<\/th>\n<\/tr>\n<\/thead>\n<tbody>\n<tr>\n<td>Kategorija<\/td>\n<td><strong>Motorni trimeri<\/strong><\/td>\n<\/tr>\n<tr>\n<td>Tip motora<\/td>\n<td><strong>Dvotaktni, vazdu\u0161no hla\u0111eni<\/strong><\/td>\n<\/tr>\n<tr>\n<td>Zapremina motora<\/td>\n<td><strong>51.7 cm\u00b3<\/strong><\/td>\n<\/tr>\n<tr>\n<td>Snaga motora \/ broj obrtaja<\/td>\n<td><strong>1.3 kW (9600 rpm)<\/strong><\/td>\n<\/tr>\n<tr>\n<td>Radni zahvat niti<\/td>\n<td><strong>430 mm<\/strong><\/td>\n<\/tr>\n<tr>\n<td>Radni zahvat no\u017ea<\/td>\n<td><strong>255 mm<\/strong><\/td>\n<\/tr>\n<tr>\n<td>Sistem prenosa<\/td>\n<td><strong>Kardan<\/strong><\/td>\n<\/tr>\n<tr>\n<td>Tip kardanske cevi<\/td>\n<td><strong>Nedeljiva aluminijumska<\/strong><\/td>\n<\/tr>\n<tr>\n<td>Pre\u010dnik kardanske cevi<\/td>\n<td><strong>28 mm<\/strong><\/td>\n<\/tr>\n<tr>\n<td>Tip rukohvata<\/td>\n<td><strong>Bike rukohvat<\/strong><\/td>\n<\/tr>\n<tr>\n<td>Tip remena<\/td>\n<td><strong>Profesionalni remen<\/strong><\/td>\n<\/tr>\n<tr>\n<td>Masa<\/td>\n<td><strong>8.24 kg<\/strong><\/td>\n<\/tr>\n<\/tbody>\n<\/table>","protected":false},"featured_media":4804,"template":"","meta":[],"product_brand":[],"product_cat":[216,217],"product_tag":[],"class_list":{"0":"post-4783","1":"product","2":"type-product","3":"status-publish","4":"has-post-thumbnail","6":"product_cat-garden-program","7":"product_cat-trimeri","9":"first","10":"instock","11":"shipping-taxable","12":"product-type-simple"},"_links":{"self":[{"href":"https:\/\/agrarpetrovic.rs\/en\/wp-json\/wp\/v2\/product\/4783","targetHints":{"allow":["GET"]}}],"collection":[{"href":"https:\/\/agrarpetrovic.rs\/en\/wp-json\/wp\/v2\/product"}],"about":[{"href":"https:\/\/agrarpetrovic.rs\/en\/wp-json\/wp\/v2\/types\/product"}],"wp:featuredmedia":[{"embeddable":true,"href":"https:\/\/agrarpetrovic.rs\/en\/wp-json\/wp\/v2\/media\/4804"}],"wp:attachment":[{"href":"https:\/\/agrarpetrovic.rs\/en\/wp-json\/wp\/v2\/media?parent=4783"}],"wp:term":[{"taxonomy":"product_brand","embeddable":true,"href":"https:\/\/agrarpetrovic.rs\/en\/wp-json\/wp\/v2\/product_brand?post=4783"},{"taxonomy":"product_cat","embeddable":true,"href":"https:\/\/agrarpetrovic.rs\/en\/wp-json\/wp\/v2\/product_cat?post=4783"},{"taxonomy":"product_tag","embeddable":true,"href":"https:\/\/agrarpetrovic.rs\/en\/wp-json\/wp\/v2\/product_tag?post=4783"}],"curies":[{"name":"wp","href":"https:\/\/api.w.org\/{rel}","templated":true}]}}