{"id":4785,"date":"2023-07-13T16:19:51","date_gmt":"2023-07-13T14:19:51","guid":{"rendered":"https:\/\/agrarpetrovic.rs\/?post_type=product&#038;p=4785"},"modified":"2023-07-13T16:20:11","modified_gmt":"2023-07-13T14:20:11","slug":"motorni-trimer-villager-bcm-43-xce","status":"publish","type":"product","link":"https:\/\/agrarpetrovic.rs\/en\/proizvod\/motorni-trimer-villager-bcm-43-xce\/","title":{"rendered":"MOTORNI TRIMER VILLAGER BCM 43 XCE"},"content":{"rendered":"<div class=\"row\">\n<div class=\"col-md-6\">\n<h2>OPIS<\/h2>\n<div>\n<p>Villager\u00ae je u saradnji sa Mitsubishijem razvio novu seriju motornih kosa namenjenih profesionalnoj upotrebi. Razvoj i proizvodnja ovih izuzetnih ure\u0111aja podrazumeva implementaciju najnovijih tehnologija, pre svega u oblasti dvotaktnih motora. Mitsubishi Strato Charged dvotakni motori TLE serije obiluju tehni\u010dko-tehnolo\u0161kim dostignu\u0107ima najsavremenije generacije. Neka od tih dostignu\u0107a su:<br \/>\n\u2022 Niska emisija \u0161tetnih gasova, sa ciljem o\u010duvanja \u017eivotne sredine.<br \/>\n\u2022 Niska potro\u0161nja goriva (do 35% manja u pore\u0111enju sa ure\u0111ajima predhodene generacije).<\/p>\n<p>\u2022 Uve\u0107ana izlazna snaga ure\u0111aja (10% ve\u0107a u odnosu na ure\u0111aje predhodne generacije), sa ciljem efikasnijeg rada i boljeg korisni\u010dkog iskustva.<\/p>\n<\/div>\n<p>Villager BCM 43 XCE je najmanja motorna kosa iz ove serije. Lagana, agilna, opremljna Mitsubishi TLE43 motorom, namenjena je radu u svim uslovima.<\/p>\n<p>Osobine:<\/p>\n<ul>\n<li>Mitsubishi Strato Charged engine technology<\/li>\n<li>Super Start TM<\/li>\n<li>Villager\u00ae BC174 trimmer head<\/li>\n<\/ul>\n<p>Preporuka:<\/p>\n<ul>\n<li>Koristiti sme\u0161u goriva i Villager 2T ulja u razmeri 50:1 (2%)<\/li>\n<\/ul>\n<\/div>\n<\/div>\n<hr \/>\n<div class=\"row product-photos\">\n<div class=\"col-md-12\">\n<h2>GALERIJA<\/h2>\n<\/div>\n<\/div>","protected":false},"excerpt":{"rendered":"<table class=\"table\">\n<thead>\n<tr>\n<th colspan=\"2\">Karakteristike<\/th>\n<\/tr>\n<\/thead>\n<tbody>\n<tr>\n<td>Kategorija<\/td>\n<td><strong>Motorni trimeri<\/strong><\/td>\n<\/tr>\n<tr>\n<td>Tip motora<\/td>\n<td><strong>Mitsubishi TLE43<\/strong><\/td>\n<\/tr>\n<tr>\n<td>Zapremina motora<\/td>\n<td><strong>42.7 cm\u00b3<\/strong><\/td>\n<\/tr>\n<tr>\n<td>Snaga motora \/ broj obrtaja<\/td>\n<td><strong>1.25 kW \/ 11500 rpm<\/strong><\/td>\n<\/tr>\n<tr>\n<td>Radni zahvat niti<\/td>\n<td><strong>430 mm<\/strong><\/td>\n<\/tr>\n<tr>\n<td>Radni zahvat no\u017ea<\/td>\n<td><strong>255 mm<\/strong><\/td>\n<\/tr>\n<tr>\n<td>Sistem prenosa<\/td>\n<td><strong>Kardan<\/strong><\/td>\n<\/tr>\n<tr>\n<td>Tip kardanske cevi<\/td>\n<td><strong>Nedeljiva aluminijumska<\/strong><\/td>\n<\/tr>\n<tr>\n<td>Pre\u010dnik kardanske cevi<\/td>\n<td><strong>28 mm<\/strong><\/td>\n<\/tr>\n<tr>\n<td>Tip rukohvata<\/td>\n<td><strong>Bike rukohvat<\/strong><\/td>\n<\/tr>\n<tr>\n<td>Tip remena<\/td>\n<td><strong>Profesionalni remen<\/strong><\/td>\n<\/tr>\n<tr>\n<td>Masa<\/td>\n<td><strong>8.24 kg<\/strong><\/td>\n<\/tr>\n<\/tbody>\n<\/table>","protected":false},"featured_media":4806,"template":"","meta":[],"product_brand":[],"product_cat":[216,217],"product_tag":[],"class_list":{"0":"post-4785","1":"product","2":"type-product","3":"status-publish","4":"has-post-thumbnail","6":"product_cat-garden-program","7":"product_cat-trimeri","9":"first","10":"instock","11":"shipping-taxable","12":"product-type-simple"},"_links":{"self":[{"href":"https:\/\/agrarpetrovic.rs\/en\/wp-json\/wp\/v2\/product\/4785","targetHints":{"allow":["GET"]}}],"collection":[{"href":"https:\/\/agrarpetrovic.rs\/en\/wp-json\/wp\/v2\/product"}],"about":[{"href":"https:\/\/agrarpetrovic.rs\/en\/wp-json\/wp\/v2\/types\/product"}],"wp:featuredmedia":[{"embeddable":true,"href":"https:\/\/agrarpetrovic.rs\/en\/wp-json\/wp\/v2\/media\/4806"}],"wp:attachment":[{"href":"https:\/\/agrarpetrovic.rs\/en\/wp-json\/wp\/v2\/media?parent=4785"}],"wp:term":[{"taxonomy":"product_brand","embeddable":true,"href":"https:\/\/agrarpetrovic.rs\/en\/wp-json\/wp\/v2\/product_brand?post=4785"},{"taxonomy":"product_cat","embeddable":true,"href":"https:\/\/agrarpetrovic.rs\/en\/wp-json\/wp\/v2\/product_cat?post=4785"},{"taxonomy":"product_tag","embeddable":true,"href":"https:\/\/agrarpetrovic.rs\/en\/wp-json\/wp\/v2\/product_tag?post=4785"}],"curies":[{"name":"wp","href":"https:\/\/api.w.org\/{rel}","templated":true}]}}