{"id":4786,"date":"2023-07-13T16:19:51","date_gmt":"2023-07-13T14:19:51","guid":{"rendered":"https:\/\/agrarpetrovic.rs\/?post_type=product&#038;p=4786"},"modified":"2023-07-13T16:20:12","modified_gmt":"2023-07-13T14:20:12","slug":"motorni-trimer-villager-bcm-48-xce","status":"publish","type":"product","link":"https:\/\/agrarpetrovic.rs\/en\/proizvod\/motorni-trimer-villager-bcm-48-xce\/","title":{"rendered":"MOTORNI TRIMER VILLAGER BCM 48 XCE"},"content":{"rendered":"<h2>OPIS<\/h2>\n<p>Villager\u00ae je u saradnji sa Mitsubishijem razvio novu seriju motornih kosa namenjenih profesionalnoj upotrebi. Razvoj i proizvodnja ovih izuzetnih ure\u0111aja podrazumeva implementaciju najnovijih tehnologija, pre svega u oblasti dvotaktnih motora. Mitsubishi Strato Charged dvotakni motori TLE serije obiluju tehni\u010dko-tehnolo\u0161kim dostignu\u0107ima najsavremenije generacije. Neka od tih dostignu\u0107a su:<\/p>\n<p>\u2022 Niska emisija \u0161tetnih gasova, sa ciljem o\u010duvanja \u017eivotne sredine.<\/p>\n<p>\u2022 Niska potro\u0161nja goriva (do 35% manja u pore\u0111enju sa ure\u0111ajima predhodene generacije).<\/p>\n<p>\u2022 Uve\u0107ana izlazna snaga ure\u0111aja (10% ve\u0107a u odnosu na ure\u0111aje predhodne generacije), sa ciljem efikasnijeg rada i boljeg korisni\u010dkog iskustva.<\/p>\n<p>&nbsp;<\/p>\n<p>Villager BCM 48 XCE je profesionalna motorna kosa najnovije generacije sa \u201cbicikl\u201d rukohvatom. Antivibracioni sistem u 4 ta\u010dke, podesiv rukohvat, profesionalni remen za no\u0161enje i Mitsubishi TLE48 dvotaktni motor su samo neke od odlika ove izuzetne motorne kose.<\/p>\n<p>Osobine:<\/p>\n<ul>\n<li>Mitsubishi Strato Charged engine technology<\/li>\n<li>Antivibration System<\/li>\n<li>Super Start TM<\/li>\n<li>Villager\u00ae BC174 trimmer head<\/li>\n<\/ul>","protected":false},"excerpt":{"rendered":"<table class=\"table\">\n<thead>\n<tr>\n<th colspan=\"2\">Karakteristike<\/th>\n<\/tr>\n<\/thead>\n<tbody>\n<tr>\n<td>Kategorija<\/td>\n<td><strong>Motorni trimeri<\/strong><\/td>\n<\/tr>\n<tr>\n<td>Tip motora<\/td>\n<td><strong>Mitsubishi TLE48<\/strong><\/td>\n<\/tr>\n<tr>\n<td>Zapremina motora<\/td>\n<td><strong>47.1 cm\u00b3<\/strong><\/td>\n<\/tr>\n<tr>\n<td>Snaga motora \/ broj obrtaja<\/td>\n<td><strong>1.76 kW \/ 11000 rpm<\/strong><\/td>\n<\/tr>\n<tr>\n<td>Radni zahvat niti<\/td>\n<td><strong>430 mm<\/strong><\/td>\n<\/tr>\n<tr>\n<td>Radni zahvat no\u017ea<\/td>\n<td><strong>255 mm<\/strong><\/td>\n<\/tr>\n<tr>\n<td>Sistem prenosa<\/td>\n<td><strong>Kardan<\/strong><\/td>\n<\/tr>\n<tr>\n<td>Tip kardanske cevi<\/td>\n<td><strong>Nedeljiva aluminijumska<\/strong><\/td>\n<\/tr>\n<tr>\n<td>Pre\u010dnik kardanske cevi<\/td>\n<td><strong>28 mm<\/strong><\/td>\n<\/tr>\n<tr>\n<td>Tip rukohvata<\/td>\n<td><strong>Bike rukohvat<\/strong><\/td>\n<\/tr>\n<tr>\n<td>Tip remena<\/td>\n<td><strong>Profesionalni remen<\/strong><\/td>\n<\/tr>\n<tr>\n<td>Masa<\/td>\n<td><strong>8.85 kg<\/strong><\/td>\n<\/tr>\n<\/tbody>\n<\/table>","protected":false},"featured_media":4807,"template":"","meta":[],"product_brand":[],"product_cat":[216,217],"product_tag":[],"class_list":{"0":"post-4786","1":"product","2":"type-product","3":"status-publish","4":"has-post-thumbnail","6":"product_cat-garden-program","7":"product_cat-trimeri","9":"first","10":"instock","11":"shipping-taxable","12":"product-type-simple"},"_links":{"self":[{"href":"https:\/\/agrarpetrovic.rs\/en\/wp-json\/wp\/v2\/product\/4786","targetHints":{"allow":["GET"]}}],"collection":[{"href":"https:\/\/agrarpetrovic.rs\/en\/wp-json\/wp\/v2\/product"}],"about":[{"href":"https:\/\/agrarpetrovic.rs\/en\/wp-json\/wp\/v2\/types\/product"}],"wp:featuredmedia":[{"embeddable":true,"href":"https:\/\/agrarpetrovic.rs\/en\/wp-json\/wp\/v2\/media\/4807"}],"wp:attachment":[{"href":"https:\/\/agrarpetrovic.rs\/en\/wp-json\/wp\/v2\/media?parent=4786"}],"wp:term":[{"taxonomy":"product_brand","embeddable":true,"href":"https:\/\/agrarpetrovic.rs\/en\/wp-json\/wp\/v2\/product_brand?post=4786"},{"taxonomy":"product_cat","embeddable":true,"href":"https:\/\/agrarpetrovic.rs\/en\/wp-json\/wp\/v2\/product_cat?post=4786"},{"taxonomy":"product_tag","embeddable":true,"href":"https:\/\/agrarpetrovic.rs\/en\/wp-json\/wp\/v2\/product_tag?post=4786"}],"curies":[{"name":"wp","href":"https:\/\/api.w.org\/{rel}","templated":true}]}}