{"id":4787,"date":"2023-07-13T16:19:52","date_gmt":"2023-07-13T14:19:52","guid":{"rendered":"https:\/\/agrarpetrovic.rs\/?post_type=product&#038;p=4787"},"modified":"2023-07-13T16:20:17","modified_gmt":"2023-07-13T14:20:17","slug":"motorni-trimer-villager-bcm-48-bpe","status":"publish","type":"product","link":"https:\/\/agrarpetrovic.rs\/en\/proizvod\/motorni-trimer-villager-bcm-48-bpe\/","title":{"rendered":"MOTORNI TRIMER VILLAGER BCM 48 BPE"},"content":{"rendered":"<h2>OPIS<\/h2>\n<div>Villager\u00ae je u saradnji sa Mitsubishijem razvio novu seriju motornih kosa namenjenih profesionalnoj upotrebi. Razvoj i proizvodnja ovih izuzetnih ure\u0111aja podrazumeva implementaciju najnovijih tehnologija, pre svega u oblasti dvotaktnih motora. Mitsubishi Strato Charged dvotakni motori TLE serije obiluju tehni\u010dko-tehnolo\u0161kim dostignu\u0107ima najsavremenije generacije. Neka od tih dostignu\u0107a su:<br \/>\n\u2022 Niska emisija \u0161tetnih gasova, sa ciljem o\u010duvanja \u017eivotne sredine.<br \/>\n\u2022 Niska potro\u0161nja goriva (do 35% manja u pore\u0111enju sa ure\u0111ajima predhodene generacije).<\/div>\n<div>\u2022 Uve\u0107ana izlazna snaga ure\u0111aja (10% ve\u0107a u odnosu na ure\u0111aje predhodne generacije), sa ciljem efikasnijeg rada i boljeg korisni\u010dkog iskustva.<\/div>\n<div>Villager BCM 48 BPE je profesionalna le\u0111na motorna kosa najnovije generacije. Mitsubishi TLE48 dvotaktni motor koji pokre\u0107e ovu kosu je atestiran na preko 200 sati punog optere\u0107enja, \u0161to zna\u010di da \u0107e vam ova motorna kosa pru\u017eiti godine udobnog i pouzdanog rada u svim uslovima.<\/div>\n<div><\/div>\n<div>Osobine:<\/div>\n<ul>\n<li>Mitsubishi Strato Charged engine technology<\/li>\n<li>Antivibration System<\/li>\n<li>Super Start TM<\/li>\n<li>Villager\u00ae BC174 trimmer head<\/li>\n<li>Back-pack model<\/li>\n<\/ul>","protected":false},"excerpt":{"rendered":"<table class=\"table\">\n<thead>\n<tr>\n<th colspan=\"2\">Karakteristike<\/th>\n<\/tr>\n<\/thead>\n<tbody>\n<tr>\n<td>Kategorija<\/td>\n<td><strong>Motorni trimeri<\/strong><\/td>\n<\/tr>\n<tr>\n<td>Tip motora<\/td>\n<td><strong>Mitsubishi TLE48<\/strong><\/td>\n<\/tr>\n<tr>\n<td>Zapremina motora<\/td>\n<td><strong>47.1 cm\u00b3<\/strong><\/td>\n<\/tr>\n<tr>\n<td>Snaga motora \/ broj obrtaja<\/td>\n<td><strong>1.76 kW \/ 11000 rpm<\/strong><\/td>\n<\/tr>\n<tr>\n<td>Radni zahvat niti<\/td>\n<td><strong>430 mm<\/strong><\/td>\n<\/tr>\n<tr>\n<td>Radni zahvat no\u017ea<\/td>\n<td><strong>255 mm<\/strong><\/td>\n<\/tr>\n<tr>\n<td>Sistem prenosa<\/td>\n<td><strong>Sajla i kardan<\/strong><\/td>\n<\/tr>\n<tr>\n<td>Tip kardanske cevi<\/td>\n<td><strong>Deljiva aluminijumska<\/strong><\/td>\n<\/tr>\n<tr>\n<td>Pre\u010dnik kardanske cevi<\/td>\n<td><strong>26 mm<\/strong><\/td>\n<\/tr>\n<tr>\n<td>Tip rukohvata<\/td>\n<td><strong>Loop rukohvat<\/strong><\/td>\n<\/tr>\n<tr>\n<td>Tip remena<\/td>\n<td><strong>Profesionalni remen<\/strong><\/td>\n<\/tr>\n<tr>\n<td>Masa<\/td>\n<td><strong>10.8 kg<\/strong><\/td>\n<\/tr>\n<\/tbody>\n<\/table>","protected":false},"featured_media":4837,"template":"","meta":[],"product_brand":[],"product_cat":[216,217],"product_tag":[],"class_list":{"0":"post-4787","1":"product","2":"type-product","3":"status-publish","4":"has-post-thumbnail","6":"product_cat-garden-program","7":"product_cat-trimeri","9":"first","10":"instock","11":"shipping-taxable","12":"product-type-simple"},"_links":{"self":[{"href":"https:\/\/agrarpetrovic.rs\/en\/wp-json\/wp\/v2\/product\/4787","targetHints":{"allow":["GET"]}}],"collection":[{"href":"https:\/\/agrarpetrovic.rs\/en\/wp-json\/wp\/v2\/product"}],"about":[{"href":"https:\/\/agrarpetrovic.rs\/en\/wp-json\/wp\/v2\/types\/product"}],"wp:featuredmedia":[{"embeddable":true,"href":"https:\/\/agrarpetrovic.rs\/en\/wp-json\/wp\/v2\/media\/4837"}],"wp:attachment":[{"href":"https:\/\/agrarpetrovic.rs\/en\/wp-json\/wp\/v2\/media?parent=4787"}],"wp:term":[{"taxonomy":"product_brand","embeddable":true,"href":"https:\/\/agrarpetrovic.rs\/en\/wp-json\/wp\/v2\/product_brand?post=4787"},{"taxonomy":"product_cat","embeddable":true,"href":"https:\/\/agrarpetrovic.rs\/en\/wp-json\/wp\/v2\/product_cat?post=4787"},{"taxonomy":"product_tag","embeddable":true,"href":"https:\/\/agrarpetrovic.rs\/en\/wp-json\/wp\/v2\/product_tag?post=4787"}],"curies":[{"name":"wp","href":"https:\/\/api.w.org\/{rel}","templated":true}]}}