{"id":4813,"date":"2023-07-13T16:20:15","date_gmt":"2023-07-13T14:20:15","guid":{"rendered":"https:\/\/agrarpetrovic.rs\/?post_type=product&#038;p=4813"},"modified":"2023-07-13T16:20:21","modified_gmt":"2023-07-13T14:20:21","slug":"motorna-kosacica-vr-51-e","status":"publish","type":"product","link":"https:\/\/agrarpetrovic.rs\/en\/proizvod\/motorna-kosacica-vr-51-e\/","title":{"rendered":"MOTORNA KOSA\u010cICA VR 51 E"},"content":{"rendered":"<h2>OPIS<\/h2>\n<p>DIY (uradi sam) serija Villager\u00ae kosa\u010dica je namenjena hobi korisnicima. Veliki izbor \u0161irina ko\u0161enja, tipova pogona i motora zadovolji\u0107e potrebe svakog korisnika. Ova serija kosa\u010dica mo\u017eda najbolje ilustruje raznovrsnost ponude koju Villager\u00ae pru\u017ea svojim korisnicima. Bilo da ste obi\u010dan hobista ili tvrdokorni ba\u0161tovan u ovoj seriji sigurno mo\u017eete na\u0107i ne\u0161to Vama interesantno. Povr\u0161ine ko\u0161enja od 800 do 1500 m2 , Villager\u00ae ili B&amp;S, samohodni ili guraju\u0107i pogon, su samo neke od opcija koje su Vam na raspolaganju.<\/p>\n<p><strong>Funkcije:<\/strong><\/p>\n<ul>\n<li>Ko\u0161enje<\/li>\n<li>Sakupljanje<\/li>\n<li>Mal\u010diranje<\/li>\n<li>Bo\u010dno izbacivanje<\/li>\n<\/ul>\n<p><strong>Preporuka:<\/strong><\/p>\n<ul>\n<li>Koristiti Villager 4T ulje<\/li>\n<li>Koristiti set za zamenu ulja<\/li>\n<\/ul>","protected":false},"excerpt":{"rendered":"<table class=\"table\">\n<thead>\n<tr>\n<th colspan=\"2\">Karakteristike<\/th>\n<\/tr>\n<\/thead>\n<tbody>\n<tr>\n<td>Kategorija<\/td>\n<td><strong>Motorne kosa\u010dice<\/strong><\/td>\n<\/tr>\n<tr>\n<td>Tip motora<\/td>\n<td><strong>B&amp;S 625 E OHV<\/strong><\/td>\n<\/tr>\n<tr>\n<td>Zapremina motora<\/td>\n<td><strong>150 cm\u00b3<\/strong><\/td>\n<\/tr>\n<tr>\n<td>Snaga motora<\/td>\n<td><strong>2.45 kW (2800 rpm)<\/strong><\/td>\n<\/tr>\n<tr>\n<td>\u0160irina ko\u0161enja<\/td>\n<td><strong>501 mm<\/strong><\/td>\n<\/tr>\n<tr>\n<td>Povr\u0161ina ko\u0161enja<\/td>\n<td><strong>1500 m\u00b2<\/strong><\/td>\n<\/tr>\n<tr>\n<td>Visina ko\u0161enja<\/td>\n<td><strong>25 &#8211; 75 mm (7 nivoa, centralno)<\/strong><\/td>\n<\/tr>\n<tr>\n<td>Tip pogona<\/td>\n<td><strong>Samohodni GT\u00ae<\/strong><\/td>\n<\/tr>\n<tr>\n<td>Pre\u010dnik to\u010dka prednji \/ zadnji<\/td>\n<td><strong>178 mm \/ 254 mm<\/strong><\/td>\n<\/tr>\n<tr>\n<td>Tip ku\u0107i\u0161ta<\/td>\n<td><strong>Metalno<\/strong><\/td>\n<\/tr>\n<tr>\n<td>Zapremina sakuplja\u010da<\/td>\n<td><strong>60 l<\/strong><\/td>\n<\/tr>\n<tr>\n<td>Masa<\/td>\n<td><strong>40.5 kg<\/strong><\/td>\n<\/tr>\n<\/tbody>\n<\/table>","protected":false},"featured_media":4843,"template":"","meta":[],"product_brand":[],"product_cat":[216,218],"product_tag":[],"class_list":{"0":"post-4813","1":"product","2":"type-product","3":"status-publish","4":"has-post-thumbnail","6":"product_cat-garden-program","7":"product_cat-kosacice","9":"first","10":"instock","11":"shipping-taxable","12":"product-type-simple"},"_links":{"self":[{"href":"https:\/\/agrarpetrovic.rs\/en\/wp-json\/wp\/v2\/product\/4813","targetHints":{"allow":["GET"]}}],"collection":[{"href":"https:\/\/agrarpetrovic.rs\/en\/wp-json\/wp\/v2\/product"}],"about":[{"href":"https:\/\/agrarpetrovic.rs\/en\/wp-json\/wp\/v2\/types\/product"}],"wp:featuredmedia":[{"embeddable":true,"href":"https:\/\/agrarpetrovic.rs\/en\/wp-json\/wp\/v2\/media\/4843"}],"wp:attachment":[{"href":"https:\/\/agrarpetrovic.rs\/en\/wp-json\/wp\/v2\/media?parent=4813"}],"wp:term":[{"taxonomy":"product_brand","embeddable":true,"href":"https:\/\/agrarpetrovic.rs\/en\/wp-json\/wp\/v2\/product_brand?post=4813"},{"taxonomy":"product_cat","embeddable":true,"href":"https:\/\/agrarpetrovic.rs\/en\/wp-json\/wp\/v2\/product_cat?post=4813"},{"taxonomy":"product_tag","embeddable":true,"href":"https:\/\/agrarpetrovic.rs\/en\/wp-json\/wp\/v2\/product_tag?post=4813"}],"curies":[{"name":"wp","href":"https:\/\/api.w.org\/{rel}","templated":true}]}}