{"id":4816,"date":"2023-07-13T16:20:15","date_gmt":"2023-07-13T14:20:15","guid":{"rendered":"https:\/\/agrarpetrovic.rs\/?post_type=product&#038;p=4816"},"modified":"2023-07-13T16:20:23","modified_gmt":"2023-07-13T14:20:23","slug":"motorna-kosacica-vs-51-rt","status":"publish","type":"product","link":"https:\/\/agrarpetrovic.rs\/en\/proizvod\/motorna-kosacica-vs-51-rt\/","title":{"rendered":"MOTORNA KOSA\u010cICA VS 51 RT"},"content":{"rendered":"<h2>OPIS<\/h2>\n<p>Glavna karakteristika nove Villager\u00ae VS 51 RT kosa\u010dice je pogon na prednjoj osovini. Prednosti ovog pogona su: lak\u0161e manevrisanje kosa\u010dicom (nije neophodno odpu\u0161tati polugu pogona prilikom promene smera); \u010duvanje travnjaka (manji pritisak na pogonskoj osovini smanjuje mogu\u0107nost o\u0161te\u0107enja na osetljivoj podlozi).<\/p>\n<p><strong>Funkcije:<\/strong><\/p>\n<ul>\n<li>Ko\u0161enje<\/li>\n<li>Mal\u010diranje<\/li>\n<li>Bo\u010dno izbacivanje<\/li>\n<li>Prednji pogon<\/li>\n<\/ul>\n<p><strong>Preporuka:<\/strong><\/p>\n<ul>\n<li>Koristiti Villager 4T ulje<\/li>\n<li>Koristiti set za zamenu ulja<\/li>\n<\/ul>","protected":false},"excerpt":{"rendered":"<table class=\"table\">\n<thead>\n<tr>\n<th colspan=\"2\">Karakteristike<\/th>\n<\/tr>\n<\/thead>\n<tbody>\n<tr>\n<td>Kategorija<\/td>\n<td><strong>Motorne kosa\u010dice<\/strong><\/td>\n<\/tr>\n<tr>\n<td>Tip motora<\/td>\n<td><strong>T475 OHV<\/strong><\/td>\n<\/tr>\n<tr>\n<td>Zapremina motora<\/td>\n<td><strong>139 cm\u00b3<\/strong><\/td>\n<\/tr>\n<tr>\n<td>Snaga motora<\/td>\n<td><strong>2.6 kW (3000 rpm)<\/strong><\/td>\n<\/tr>\n<tr>\n<td>\u0160irina ko\u0161enja<\/td>\n<td><strong>501 mm<\/strong><\/td>\n<\/tr>\n<tr>\n<td>Povr\u0161ina ko\u0161enja<\/td>\n<td><strong>1100 m\u00b2<\/strong><\/td>\n<\/tr>\n<tr>\n<td>Visina ko\u0161enja<\/td>\n<td><strong>25 &#8211; 75 mm (6 nivoa, centralno)<\/strong><\/td>\n<\/tr>\n<tr>\n<td>Tip pogona<\/td>\n<td><strong>Samohoni FWD<\/strong><\/td>\n<\/tr>\n<tr>\n<td>Pre\u010dnik to\u010dka prednji \/ zadnji<\/td>\n<td><strong>178 mm \/ 254 mm<\/strong><\/td>\n<\/tr>\n<tr>\n<td>Tip ku\u0107i\u0161ta<\/td>\n<td><strong>Metalno<\/strong><\/td>\n<\/tr>\n<tr>\n<td>Masa<\/td>\n<td><strong>31 kg<\/strong><\/td>\n<\/tr>\n<\/tbody>\n<\/table>","protected":false},"featured_media":4846,"template":"","meta":[],"product_brand":[],"product_cat":[197],"product_tag":[],"class_list":{"0":"post-4816","1":"product","2":"type-product","3":"status-publish","4":"has-post-thumbnail","6":"product_cat-razni-artikli","8":"first","9":"instock","10":"shipping-taxable","11":"product-type-simple"},"_links":{"self":[{"href":"https:\/\/agrarpetrovic.rs\/en\/wp-json\/wp\/v2\/product\/4816","targetHints":{"allow":["GET"]}}],"collection":[{"href":"https:\/\/agrarpetrovic.rs\/en\/wp-json\/wp\/v2\/product"}],"about":[{"href":"https:\/\/agrarpetrovic.rs\/en\/wp-json\/wp\/v2\/types\/product"}],"wp:featuredmedia":[{"embeddable":true,"href":"https:\/\/agrarpetrovic.rs\/en\/wp-json\/wp\/v2\/media\/4846"}],"wp:attachment":[{"href":"https:\/\/agrarpetrovic.rs\/en\/wp-json\/wp\/v2\/media?parent=4816"}],"wp:term":[{"taxonomy":"product_brand","embeddable":true,"href":"https:\/\/agrarpetrovic.rs\/en\/wp-json\/wp\/v2\/product_brand?post=4816"},{"taxonomy":"product_cat","embeddable":true,"href":"https:\/\/agrarpetrovic.rs\/en\/wp-json\/wp\/v2\/product_cat?post=4816"},{"taxonomy":"product_tag","embeddable":true,"href":"https:\/\/agrarpetrovic.rs\/en\/wp-json\/wp\/v2\/product_tag?post=4816"}],"curies":[{"name":"wp","href":"https:\/\/api.w.org\/{rel}","templated":true}]}}