{"id":4822,"date":"2023-07-13T16:20:16","date_gmt":"2023-07-13T14:20:16","guid":{"rendered":"https:\/\/agrarpetrovic.rs\/?post_type=product&#038;p=4822"},"modified":"2023-07-13T16:20:27","modified_gmt":"2023-07-13T14:20:27","slug":"robotska-kosacica-villybot","status":"publish","type":"product","link":"https:\/\/agrarpetrovic.rs\/en\/proizvod\/robotska-kosacica-villybot\/","title":{"rendered":"ROBOTSKA KOSA\u010cICA VILLYBOT"},"content":{"rendered":"<h2>OPIS<\/h2>\n<p>Villybot je autonomni robot \u010dija je svrha samostalno ko\u0161enje travnjaka sa minimalnom asistencijom \u010doveka.<\/p>\n<p>Proizvodnji Villybot robotske kosa\u010dice prethodio je vi\u0161egodi\u0161nji razvojno-istra\u017eiva\u010dki proces koji je imao za cilj stvaranje visoko soficticirane, pouzdane, autonomne jedinice, koja bi, sa druge strane, bila pouzdana u radu i dugotrajna. Prilikom razvoja se naro\u010dito vodilo ra\u010duna o korisni\u010dkom iskustvu.<\/p>\n<p>&nbsp;<\/p>\n<p><strong>Oprema:<\/strong><\/p>\n<ul>\n<li>Samsung\u00ae Li-ion baterija<\/li>\n<li>Doking stanica<\/li>\n<li>Namotaj linije vo\u0111enja<\/li>\n<li>Klinovi za u\u010dvr\u0161\u0107ivanje linije vo\u0111enja<\/li>\n<\/ul>\n<p><strong>Odr\u017eavanje<\/strong><\/p>\n<p>Povremeno je potrebno sprovesti \u010di\u0161\u0107enje nakupljene trave i brisanje ure\u0111aja. Tako\u0111e, treba kontrolisati nao\u0161trenost no\u017eeva i izvr\u0161iti zamenu (po potrebi).<\/p>\n<p><strong>Primer radnog ciklusa<\/strong><\/p>\n<p>Po\u010detak ciklusa :\u00a0ponedeljak 08:00<\/p>\n<p>&#8212;&#8212;&#8212;&#8212;&#8212;&#8212;&#8212;&#8212;&#8212;&#8212;&#8212;&#8212;&#8212;&#8212;&#8212;<br \/>\nPovr\u0161ina ko\u0161enja 600 m\u00b2<\/p>\n<p>&#8212;&#8212;&#8212;&#8212;&#8212;&#8212;&#8212;&#8212;&#8212;&#8212;&#8212;&#8212;&#8212;&#8212;&#8212;<br \/>\nKraj ciklusa ponedeljak 16:00<\/p>\n<p>&#8212;&#8212;&#8212;&#8212;&#8212;&#8212;&#8212;&#8212;&#8212;&#8212;&#8212;&#8212;&#8212;&#8212;&#8212;<br \/>\nSlede\u0107i ciklus sreda 08:00<\/p>\n<p>&#8212;&#8212;&#8212;&#8212;&#8212;&#8212;&#8212;&#8212;&#8212;&#8212;&#8212;&#8212;&#8212;&#8212;&#8212;<\/p>\n<p><strong>Izbor povr\u0161ine ko\u0161enja<\/strong><\/p>\n<p>300 m\u00a0 \u00a0 &#8211;\u00a0 4 h ko\u0161enja<br \/>\n600 m\u00a0 \u00a0 &#8211;\u00a0 8 h ko\u0161enja<br \/>\n1200 m\u00a0 &#8211;\u00a012 h ko\u0161enja<\/p>\n<p><strong>Senzori i komande<\/strong><\/p>\n<ul>\n<li><strong>\u00a0Senzor dodira<\/strong><\/li>\n<\/ul>\n<p>Ukoliko nai\u0111e na prepreku senzor prepoznaje i menja pravac kretanja<\/p>\n<ul>\n<li><strong>Senzor nagiba i podizanja<\/strong><\/li>\n<\/ul>\n<p>Na terenu strmijem od 30\u00b0 ili prilikom podizanja, no\u017eevi automatski prestaju sa radom<\/p>\n<ul>\n<li><strong>Brzi prekid rada<\/strong><\/li>\n<\/ul>\n<p>Brzi prekid rada omogu\u0107ava se pritiskom na dugme STOP \u010dime se ne naru\u0161ava zapo\u010deti ciklus.<\/p>\n<ul>\n<li><strong>Senzor za ki\u0161u<\/strong><\/li>\n<\/ul>\n<p>Ukoliko do\u0111e do ki\u0161e ja\u010deg inteziteta senzor \u0161alje robota na bazu<\/p>\n<ul>\n<li><strong>Slanje robota\u00a0na bazu<\/strong><\/li>\n<\/ul>\n<p>Slanje robota na bazu u bilo kom trenutku obezbe\u0111uje se pritiskom da dugme Home.<\/p>","protected":false},"excerpt":{"rendered":"<table class=\"table\">\n<thead>\n<tr>\n<th colspan=\"2\">Karakteristike<\/th>\n<\/tr>\n<\/thead>\n<tbody>\n<tr>\n<td>Kategorija<\/td>\n<td><strong>Robot kosa\u010dice<\/strong><\/td>\n<\/tr>\n<tr>\n<td>Tip motora<\/td>\n<td><strong>Indukcioni elektro-motor<\/strong><\/td>\n<\/tr>\n<tr>\n<td>Tip baterije<\/td>\n<td><strong>Li-ion<\/strong><\/td>\n<\/tr>\n<tr>\n<td>Volta\u017ea baterije<\/td>\n<td><strong>28 V<\/strong><\/td>\n<\/tr>\n<tr>\n<td>Kapacitet baterije<\/td>\n<td><strong>4 Ah<\/strong><\/td>\n<\/tr>\n<tr>\n<td>Vreme trajanja baterije<\/td>\n<td><strong>90 &#8211; 200 min<\/strong><\/td>\n<\/tr>\n<tr>\n<td>Vreme punjenja baterije<\/td>\n<td><strong>60 &#8211; 240 min<\/strong><\/td>\n<\/tr>\n<tr>\n<td>\u0160irina ko\u0161enja<\/td>\n<td><strong>240 mm<\/strong><\/td>\n<\/tr>\n<tr>\n<td>Visina ko\u0161enja<\/td>\n<td><strong>od 25 do 65 mm ( 5 nivoa, centralno)<\/strong><\/td>\n<\/tr>\n<tr>\n<td>Maksimalni radni nagib<\/td>\n<td><strong>30\u00b0<\/strong><\/td>\n<\/tr>\n<tr>\n<td>Masa<\/td>\n<td><strong>15 kg<\/strong><\/td>\n<\/tr>\n<\/tbody>\n<\/table>","protected":false},"featured_media":4852,"template":"","meta":[],"product_brand":[],"product_cat":[216,218],"product_tag":[],"class_list":{"0":"post-4822","1":"product","2":"type-product","3":"status-publish","4":"has-post-thumbnail","6":"product_cat-garden-program","7":"product_cat-kosacice","9":"first","10":"instock","11":"shipping-taxable","12":"product-type-simple"},"_links":{"self":[{"href":"https:\/\/agrarpetrovic.rs\/en\/wp-json\/wp\/v2\/product\/4822","targetHints":{"allow":["GET"]}}],"collection":[{"href":"https:\/\/agrarpetrovic.rs\/en\/wp-json\/wp\/v2\/product"}],"about":[{"href":"https:\/\/agrarpetrovic.rs\/en\/wp-json\/wp\/v2\/types\/product"}],"wp:featuredmedia":[{"embeddable":true,"href":"https:\/\/agrarpetrovic.rs\/en\/wp-json\/wp\/v2\/media\/4852"}],"wp:attachment":[{"href":"https:\/\/agrarpetrovic.rs\/en\/wp-json\/wp\/v2\/media?parent=4822"}],"wp:term":[{"taxonomy":"product_brand","embeddable":true,"href":"https:\/\/agrarpetrovic.rs\/en\/wp-json\/wp\/v2\/product_brand?post=4822"},{"taxonomy":"product_cat","embeddable":true,"href":"https:\/\/agrarpetrovic.rs\/en\/wp-json\/wp\/v2\/product_cat?post=4822"},{"taxonomy":"product_tag","embeddable":true,"href":"https:\/\/agrarpetrovic.rs\/en\/wp-json\/wp\/v2\/product_tag?post=4822"}],"curies":[{"name":"wp","href":"https:\/\/api.w.org\/{rel}","templated":true}]}}