{"id":4826,"date":"2023-07-13T16:20:16","date_gmt":"2023-07-13T14:20:16","guid":{"rendered":"https:\/\/agrarpetrovic.rs\/?post_type=product&#038;p=4826"},"modified":"2023-07-13T16:20:30","modified_gmt":"2023-07-13T14:20:30","slug":"elektricna-kosacica-villy-1800-p","status":"publish","type":"product","link":"https:\/\/agrarpetrovic.rs\/en\/proizvod\/elektricna-kosacica-villy-1800-p\/","title":{"rendered":"ELEKTRI\u010cNA KOSA\u010cICA VILLY 1800 P"},"content":{"rendered":"<h2>OPIS<\/h2>\n<div>Zajedni\u010dko za sve na\u0161e elektri\u010dne kosa\u010dice je to da su izuzetne za kori\u0161\u0107enje na manjim travnamtim povr\u0161inama gde postoji pristup elektri\u010dnoj mre\u017ei. Lagana polipropilenska ku\u0107i\u0161ta, sakuplja\u010di otkosa, pode\u0161avanja visine ko\u0161enja samo su<\/div>\n<div>neke od odlika ovih agilnih ure\u0111aja.<\/div>\n<p><strong>Osobine:<\/strong><\/p>\n<ul>\n<li>Lagana konstrukcija<\/li>\n<li>Udoban rukohvat<\/li>\n<li>Pode\u0161avanje visine rukohvata<\/li>\n<li>Centralno pode\u0161avanje visine ko\u0161enja<\/li>\n<li>Indikator popunjenosti sakuplja\u010da<\/li>\n<\/ul>\n<p><strong>Funkcije:<\/strong><\/p>\n<ul>\n<li>Ko\u0161enje<\/li>\n<li>Sakupljanje<\/li>\n<\/ul>","protected":false},"excerpt":{"rendered":"<table class=\"table\">\n<thead>\n<tr>\n<th colspan=\"2\">Karakteristike<\/th>\n<\/tr>\n<\/thead>\n<tbody>\n<tr>\n<td>Kategorija<\/td>\n<td><strong>Elektri\u010dne kosa\u010dice<\/strong><\/td>\n<\/tr>\n<tr>\n<td>tip motora<\/td>\n<td><strong>Elektro-motor<\/strong><\/td>\n<\/tr>\n<tr>\n<td>radni napon<\/td>\n<td><strong>230 V ~ 50 Hz<\/strong><\/td>\n<\/tr>\n<tr>\n<td>priklju\u010dna snaga<\/td>\n<td><strong>1800 W<\/strong><\/td>\n<\/tr>\n<tr>\n<td>\u0161irina ko\u0161enja<\/td>\n<td><strong>420 mm<\/strong><\/td>\n<\/tr>\n<tr>\n<td>povr\u0161ina ko\u0161enja<\/td>\n<td><strong>800 m\u00b2<\/strong><\/td>\n<\/tr>\n<tr>\n<td>visine ko\u0161enja<\/td>\n<td><strong>25 &#8211; 85 mm (7 nivoa, centralno)<\/strong><\/td>\n<\/tr>\n<tr>\n<td>tip pogona<\/td>\n<td><strong>Guraju\u0107i<\/strong><\/td>\n<\/tr>\n<tr>\n<td>pre\u010dnik to\u010dka prednji\/zadnji<\/td>\n<td><strong>160 mm \/ 210 mm<\/strong><\/td>\n<\/tr>\n<tr>\n<td>tip ku\u0107i\u0161ta<\/td>\n<td><strong>Polipropilensko<\/strong><\/td>\n<\/tr>\n<tr>\n<td>zapremina sakuplja\u010da<\/td>\n<td><strong>50 l<\/strong><\/td>\n<\/tr>\n<tr>\n<td>masa<\/td>\n<td><strong>19,2 kg<\/strong><\/td>\n<\/tr>\n<\/tbody>\n<\/table>","protected":false},"featured_media":4856,"template":"","meta":[],"product_brand":[],"product_cat":[216,218],"product_tag":[],"class_list":{"0":"post-4826","1":"product","2":"type-product","3":"status-publish","4":"has-post-thumbnail","6":"product_cat-garden-program","7":"product_cat-kosacice","9":"first","10":"instock","11":"shipping-taxable","12":"product-type-simple"},"_links":{"self":[{"href":"https:\/\/agrarpetrovic.rs\/en\/wp-json\/wp\/v2\/product\/4826","targetHints":{"allow":["GET"]}}],"collection":[{"href":"https:\/\/agrarpetrovic.rs\/en\/wp-json\/wp\/v2\/product"}],"about":[{"href":"https:\/\/agrarpetrovic.rs\/en\/wp-json\/wp\/v2\/types\/product"}],"wp:featuredmedia":[{"embeddable":true,"href":"https:\/\/agrarpetrovic.rs\/en\/wp-json\/wp\/v2\/media\/4856"}],"wp:attachment":[{"href":"https:\/\/agrarpetrovic.rs\/en\/wp-json\/wp\/v2\/media?parent=4826"}],"wp:term":[{"taxonomy":"product_brand","embeddable":true,"href":"https:\/\/agrarpetrovic.rs\/en\/wp-json\/wp\/v2\/product_brand?post=4826"},{"taxonomy":"product_cat","embeddable":true,"href":"https:\/\/agrarpetrovic.rs\/en\/wp-json\/wp\/v2\/product_cat?post=4826"},{"taxonomy":"product_tag","embeddable":true,"href":"https:\/\/agrarpetrovic.rs\/en\/wp-json\/wp\/v2\/product_tag?post=4826"}],"curies":[{"name":"wp","href":"https:\/\/api.w.org\/{rel}","templated":true}]}}