{"id":4831,"date":"2023-07-13T16:20:16","date_gmt":"2023-07-13T14:20:16","guid":{"rendered":"https:\/\/agrarpetrovic.rs\/?post_type=product&#038;p=4831"},"modified":"2023-07-13T16:20:33","modified_gmt":"2023-07-13T14:20:33","slug":"motorna-kosacica-vrs-51-te","status":"publish","type":"product","link":"https:\/\/agrarpetrovic.rs\/en\/proizvod\/motorna-kosacica-vrs-51-te\/","title":{"rendered":"MOTORNA KOSA\u010cICA VRS 51 TE"},"content":{"rendered":"<h2>OPIS<\/h2>\n<p>Villager\u00ae VRS 51 TE je motorna kosa\u010dica poslednje generacije. Prilikom dizajniranja ove jedinstvene kosa\u010dice vodilo se ra\u010duna o svakom detalju, kako bi se iskustvo korisnika podiglo na jedan vi\u0161i nivo. Neki od tih<br \/>\ndetalja su:<\/p>\n<p>\u2022 Lagano i jako ku\u0107i\u0161te<br \/>\n\u2022 Sna\u017ean i pouzdan T 575 OHV motor<br \/>\n\u2022 Elektri\u010dno startovanje kosa\u010dice<br \/>\n\u2022 Sopstveni pogon<br \/>\n\u2022 Velika \u0161irina ko\u0161enja (510 mm)<br \/>\n\u2022 Sakuplja\u010d velike zapremine (60 l)<br \/>\n\u2022 Mogu\u0107nost bo\u010dnog izbacivanja<br \/>\n\u2022 Set za mal\u010diranje<br \/>\n\u2022 Dopunjavanje baterije tokom rada<\/p>\n<p><strong>Funkcije:<\/strong><\/p>\n<ul>\n<li>Ko\u0161enje<\/li>\n<li>Sakupljanje<\/li>\n<li>Mal\u010diranje<\/li>\n<li>Bo\u010dno izbacivanje<\/li>\n<li>Elektro-start<\/li>\n<\/ul>\n<p><strong>Preporuka:<\/strong><\/p>\n<ul>\n<li>Koristiti Villager 4T ulje<\/li>\n<li>Koristiti Villager set za zamenu ulja<\/li>\n<\/ul>","protected":false},"excerpt":{"rendered":"<table class=\"table\">\n<thead>\n<tr>\n<th colspan=\"2\">Karakteristike<\/th>\n<\/tr>\n<\/thead>\n<tbody>\n<tr>\n<td>Kategorija<\/td>\n<td><strong>Motorne kosa\u010dice<\/strong><\/td>\n<\/tr>\n<tr>\n<td>Tip motora<\/td>\n<td><strong>T 575 OHV<\/strong><\/td>\n<\/tr>\n<tr>\n<td>Zapremina motora<\/td>\n<td><strong>173 cm\u00b3<\/strong><\/td>\n<\/tr>\n<tr>\n<td>Snaga motora<\/td>\n<td><strong>3.0 kW (3000 rpm)<\/strong><\/td>\n<\/tr>\n<tr>\n<td>\u0160irina ko\u0161enja<\/td>\n<td><strong>510 mm<\/strong><\/td>\n<\/tr>\n<tr>\n<td>Povr\u0161ina ko\u0161enja<\/td>\n<td><strong>1500 m\u00b2<\/strong><\/td>\n<\/tr>\n<tr>\n<td>Visina ko\u0161enja<\/td>\n<td><strong>25 &#8211; 75 mm (7 nivoa, centralno)<\/strong><\/td>\n<\/tr>\n<tr>\n<td>Tip pogona<\/td>\n<td><strong>Samohoni GT\u00ae<\/strong><\/td>\n<\/tr>\n<tr>\n<td>Pre\u010dnik to\u010dka prednji \/ zadnji<\/td>\n<td><strong>178 mm \/ 254 mm<\/strong><\/td>\n<\/tr>\n<tr>\n<td>Tip ku\u0107i\u0161ta<\/td>\n<td><strong>Metalno<\/strong><\/td>\n<\/tr>\n<tr>\n<td>Zapremina sakuplja\u010da<\/td>\n<td><strong>60 l<\/strong><\/td>\n<\/tr>\n<tr>\n<td>Masa<\/td>\n<td><strong>42 kg<\/strong><\/td>\n<\/tr>\n<\/tbody>\n<\/table>","protected":false},"featured_media":4861,"template":"","meta":[],"product_brand":[],"product_cat":[216,218],"product_tag":[],"class_list":{"0":"post-4831","1":"product","2":"type-product","3":"status-publish","4":"has-post-thumbnail","6":"product_cat-garden-program","7":"product_cat-kosacice","9":"first","10":"instock","11":"shipping-taxable","12":"product-type-simple"},"_links":{"self":[{"href":"https:\/\/agrarpetrovic.rs\/en\/wp-json\/wp\/v2\/product\/4831","targetHints":{"allow":["GET"]}}],"collection":[{"href":"https:\/\/agrarpetrovic.rs\/en\/wp-json\/wp\/v2\/product"}],"about":[{"href":"https:\/\/agrarpetrovic.rs\/en\/wp-json\/wp\/v2\/types\/product"}],"wp:featuredmedia":[{"embeddable":true,"href":"https:\/\/agrarpetrovic.rs\/en\/wp-json\/wp\/v2\/media\/4861"}],"wp:attachment":[{"href":"https:\/\/agrarpetrovic.rs\/en\/wp-json\/wp\/v2\/media?parent=4831"}],"wp:term":[{"taxonomy":"product_brand","embeddable":true,"href":"https:\/\/agrarpetrovic.rs\/en\/wp-json\/wp\/v2\/product_brand?post=4831"},{"taxonomy":"product_cat","embeddable":true,"href":"https:\/\/agrarpetrovic.rs\/en\/wp-json\/wp\/v2\/product_cat?post=4831"},{"taxonomy":"product_tag","embeddable":true,"href":"https:\/\/agrarpetrovic.rs\/en\/wp-json\/wp\/v2\/product_tag?post=4831"}],"curies":[{"name":"wp","href":"https:\/\/api.w.org\/{rel}","templated":true}]}}