{"id":4870,"date":"2023-07-13T16:20:37","date_gmt":"2023-07-13T14:20:37","guid":{"rendered":"https:\/\/agrarpetrovic.rs\/?post_type=product&#038;p=4870"},"modified":"2023-07-13T16:20:42","modified_gmt":"2023-07-13T14:20:42","slug":"traktor-kosacica-vt-1000-hd","status":"publish","type":"product","link":"https:\/\/agrarpetrovic.rs\/en\/proizvod\/traktor-kosacica-vt-1000-hd\/","title":{"rendered":"TRAKTOR KOSA\u010cICA VT 1000 HD"},"content":{"rendered":"<h2>OPIS<\/h2>\n<p>VT 1000 HD je traktorska kosa\u010dica pogodna za ko\u0161enje ure\u0111enih travnjaka velike povr\u0161ine preko 6000 m2. Sna\u017ean B&amp;S motor i hidrostati\u010dka transmisija su garant kvaliteta i pouzdanosti ovog izuzetnog ure\u0111aja. Dodatna oprema i priklju\u010dni ure\u0111aji \u010dine ovu traktorsku kosa\u010dicu izuzetnim vi\u0161enamenskim ure\u0111ajem.<\/p>\n<p><strong>Oprema:<\/strong><\/p>\n<ul>\n<li>Elektromagnetno kva\u010dilo<\/li>\n<li>Sigurnosti prekida\u010d ispod sedi\u0161ta<\/li>\n<li>Sigurnosni branik<\/li>\n<li>Farovi<\/li>\n<\/ul>\n<p><strong>Funkcije:<\/strong><\/p>\n<ul>\n<li>Mal\u010diranje<\/li>\n<li>Brza spojnica za pranje ku\u0107i\u0161ta no\u017eeva<\/li>\n<li>Poluga za brzo pra\u017enjenje sakuplja\u010da<\/li>\n<\/ul>\n<p><strong>Preporuka:<\/strong><\/p>\n<ul>\n<li>Koristiti Villager 4T ulje<\/li>\n<li>Koristiti set za zamenu ulja<\/li>\n<\/ul>","protected":false},"excerpt":{"rendered":"<table class=\"table\">\n<thead>\n<tr>\n<th colspan=\"2\">Karakteristike<\/th>\n<\/tr>\n<\/thead>\n<tbody>\n<tr>\n<td>Kategorija<\/td>\n<td><strong>Traktor kosa\u010dice<\/strong><\/td>\n<\/tr>\n<tr>\n<td>Tip motora<\/td>\n<td><strong>B&amp;S series 4 POWERBUILT 4165 AVS<\/strong><\/td>\n<\/tr>\n<tr>\n<td>Zapremina motora<\/td>\n<td><strong>500 cm\u00b3<\/strong><\/td>\n<\/tr>\n<tr>\n<td>Snaga motora<\/td>\n<td><strong>12.1 kW \/ 3600 rpm<\/strong><\/td>\n<\/tr>\n<tr>\n<td>\u0160irina ko\u0161enja<\/td>\n<td><strong>980 mm<\/strong><\/td>\n<\/tr>\n<tr>\n<td>Povr\u0161ina ko\u0161enja<\/td>\n<td><strong>6000 m\u00b2<\/strong><\/td>\n<\/tr>\n<tr>\n<td>Visina ko\u0161enja<\/td>\n<td><strong>25 &#8211; 80 mm (7 nivoa, centralno)<\/strong><\/td>\n<\/tr>\n<tr>\n<td>Tip no\u017ea<\/td>\n<td><strong>dupli no\u017e<\/strong><\/td>\n<\/tr>\n<tr>\n<td>Tip ku\u0107i\u0161ta no\u017ea<\/td>\n<td><strong>Metalno<\/strong><\/td>\n<\/tr>\n<tr>\n<td>Tip transmisije<\/td>\n<td><strong>Hidrostati\u010dka transmisija<\/strong><\/td>\n<\/tr>\n<tr>\n<td>Br. brzina napred<\/td>\n<td><strong>1 (varijabilna)<\/strong><\/td>\n<\/tr>\n<tr>\n<td>Br. brzina nazad<\/td>\n<td><strong>1 (varijabilna)<\/strong><\/td>\n<\/tr>\n<tr>\n<td>Pre\u010dnik to\u010dka prednji \/ zadnji<\/td>\n<td><strong>380 mm \/ 457 mm<\/strong><\/td>\n<\/tr>\n<tr>\n<td>Zapremina sakuplja\u010da<\/td>\n<td><strong>240 l<\/strong><\/td>\n<\/tr>\n<tr>\n<td>Masa<\/td>\n<td><strong>202 kg<\/strong><\/td>\n<\/tr>\n<\/tbody>\n<\/table>","protected":false},"featured_media":4900,"template":"","meta":[],"product_brand":[],"product_cat":[216,218],"product_tag":[],"class_list":{"0":"post-4870","1":"product","2":"type-product","3":"status-publish","4":"has-post-thumbnail","6":"product_cat-garden-program","7":"product_cat-kosacice","9":"first","10":"instock","11":"shipping-taxable","12":"product-type-simple"},"_links":{"self":[{"href":"https:\/\/agrarpetrovic.rs\/en\/wp-json\/wp\/v2\/product\/4870","targetHints":{"allow":["GET"]}}],"collection":[{"href":"https:\/\/agrarpetrovic.rs\/en\/wp-json\/wp\/v2\/product"}],"about":[{"href":"https:\/\/agrarpetrovic.rs\/en\/wp-json\/wp\/v2\/types\/product"}],"wp:featuredmedia":[{"embeddable":true,"href":"https:\/\/agrarpetrovic.rs\/en\/wp-json\/wp\/v2\/media\/4900"}],"wp:attachment":[{"href":"https:\/\/agrarpetrovic.rs\/en\/wp-json\/wp\/v2\/media?parent=4870"}],"wp:term":[{"taxonomy":"product_brand","embeddable":true,"href":"https:\/\/agrarpetrovic.rs\/en\/wp-json\/wp\/v2\/product_brand?post=4870"},{"taxonomy":"product_cat","embeddable":true,"href":"https:\/\/agrarpetrovic.rs\/en\/wp-json\/wp\/v2\/product_cat?post=4870"},{"taxonomy":"product_tag","embeddable":true,"href":"https:\/\/agrarpetrovic.rs\/en\/wp-json\/wp\/v2\/product_tag?post=4870"}],"curies":[{"name":"wp","href":"https:\/\/api.w.org\/{rel}","templated":true}]}}