{"id":4872,"date":"2023-07-13T16:20:37","date_gmt":"2023-07-13T14:20:37","guid":{"rendered":"https:\/\/agrarpetrovic.rs\/?post_type=product&#038;p=4872"},"modified":"2023-07-13T16:20:43","modified_gmt":"2023-07-13T14:20:43","slug":"traktor-kosacica-vt-840","status":"publish","type":"product","link":"https:\/\/agrarpetrovic.rs\/en\/proizvod\/traktor-kosacica-vt-840\/","title":{"rendered":"TRAKTOR KOSA\u010cICA VT 840"},"content":{"rendered":"<h2>OPIS<\/h2>\n<p>VT 840 je traktorska kosa\u010dica pogodna za ko\u0161enje ure\u0111enih travnjaka povr\u0161ine 5000 m2. Sa dodatnom opremom i priklju\u010dnm ure\u0111ajima ova traktorska kosa\u010dica postaje izuzetan vi\u0161enamenskim alat pogodan za odr\u017eavanje parkova i sportskih objekata na otvorenom poput golf i fudbalskih terena.<\/p>\n<p><strong>Oprema:<\/strong><\/p>\n<ul>\n<li>Izmenjivi branik (za laku monta\u017eu priklju\u010dnih ure\u0111aja)<\/li>\n<li>Farovi (za dobru vidljivost na neosvetljenim povr\u0161inama)<\/li>\n<li>Sigurnosti prekida\u010d ispod sedi\u0161ta<\/li>\n<li>Ergonomsko sedi\u0161te (za udoban rad)<\/li>\n<\/ul>\n<p><strong>Funkcije:<\/strong><\/p>\n<ul>\n<li>Mal\u010diranje<\/li>\n<li>Brza spojnica za pranje ku\u0107i\u0161ta no\u017eeva<\/li>\n<li>Brzo pra\u017enjenje sakuplja\u010da<\/li>\n<\/ul>\n<p><strong>Preporuka:<\/strong><\/p>\n<ul>\n<li>Koristiti Villager 4T ulje<\/li>\n<li>Koristiti set za zamenu ulja<\/li>\n<\/ul>","protected":false},"excerpt":{"rendered":"<div class=\"row\">\n<div class=\"col-md-6\">\n<table class=\"table\">\n<thead>\n<tr>\n<th colspan=\"2\">Karakteristike<\/th>\n<\/tr>\n<\/thead>\n<tbody>\n<tr>\n<td>Kategorija<\/td>\n<td><strong>Traktor kosa\u010dice<\/strong><\/td>\n<\/tr>\n<tr>\n<td>Tip motora<\/td>\n<td><strong>B&amp;S series 3 POWERBUILT 3130 AVS<\/strong><\/td>\n<\/tr>\n<tr>\n<td>Zapremina motora<\/td>\n<td><strong>344 cm\u00b3<\/strong><\/td>\n<\/tr>\n<tr>\n<td>Snaga motora<\/td>\n<td><strong>9.9 kW (3600 rpm)<\/strong><\/td>\n<\/tr>\n<tr>\n<td>\u0160irina ko\u0161enja<\/td>\n<td><strong>840 mm<\/strong><\/td>\n<\/tr>\n<tr>\n<td>Povr\u0161ina ko\u0161enja<\/td>\n<td><strong>5000 m\u00b2<\/strong><\/td>\n<\/tr>\n<tr>\n<td>Visina ko\u0161enja<\/td>\n<td><strong>25 &#8211; 80 mm (7 nivoa, centralno)<\/strong><\/td>\n<\/tr>\n<tr>\n<td>Tip no\u017ea<\/td>\n<td><strong>Dupli no\u017e<\/strong><\/td>\n<\/tr>\n<tr>\n<td>Tip ku\u0107i\u0161ta no\u017ea<\/td>\n<td><strong>Metalno<\/strong><\/td>\n<\/tr>\n<tr>\n<td>Tip transmisije<\/td>\n<td><strong>Manuelna<\/strong><\/td>\n<\/tr>\n<tr>\n<td>Br. brzina napred<\/td>\n<td><strong>5<\/strong><\/td>\n<\/tr>\n<tr>\n<td>Br. brzina nazad<\/td>\n<td><strong>1<\/strong><\/td>\n<\/tr>\n<tr>\n<td>Pre\u010dnik to\u010dka prednji \/ zadnji<\/td>\n<td><strong>380 mm \/ 457 mm<\/strong><\/td>\n<\/tr>\n<tr>\n<td>Zapremina sakuplja\u010da<\/td>\n<td><strong>240 l<\/strong><\/td>\n<\/tr>\n<tr>\n<td>Masa<\/td>\n<td><strong>160 kg<\/strong><\/td>\n<\/tr>\n<\/tbody>\n<\/table>\n<\/div>\n<div class=\"col-md-6\">\n<ul>\n<li><\/li>\n<\/ul>\n<\/div>\n<\/div>","protected":false},"featured_media":4902,"template":"","meta":[],"product_brand":[],"product_cat":[216,218],"product_tag":[],"class_list":{"0":"post-4872","1":"product","2":"type-product","3":"status-publish","4":"has-post-thumbnail","6":"product_cat-garden-program","7":"product_cat-kosacice","9":"first","10":"instock","11":"shipping-taxable","12":"product-type-simple"},"_links":{"self":[{"href":"https:\/\/agrarpetrovic.rs\/en\/wp-json\/wp\/v2\/product\/4872","targetHints":{"allow":["GET"]}}],"collection":[{"href":"https:\/\/agrarpetrovic.rs\/en\/wp-json\/wp\/v2\/product"}],"about":[{"href":"https:\/\/agrarpetrovic.rs\/en\/wp-json\/wp\/v2\/types\/product"}],"wp:featuredmedia":[{"embeddable":true,"href":"https:\/\/agrarpetrovic.rs\/en\/wp-json\/wp\/v2\/media\/4902"}],"wp:attachment":[{"href":"https:\/\/agrarpetrovic.rs\/en\/wp-json\/wp\/v2\/media?parent=4872"}],"wp:term":[{"taxonomy":"product_brand","embeddable":true,"href":"https:\/\/agrarpetrovic.rs\/en\/wp-json\/wp\/v2\/product_brand?post=4872"},{"taxonomy":"product_cat","embeddable":true,"href":"https:\/\/agrarpetrovic.rs\/en\/wp-json\/wp\/v2\/product_cat?post=4872"},{"taxonomy":"product_tag","embeddable":true,"href":"https:\/\/agrarpetrovic.rs\/en\/wp-json\/wp\/v2\/product_tag?post=4872"}],"curies":[{"name":"wp","href":"https:\/\/api.w.org\/{rel}","templated":true}]}}