{"id":4874,"date":"2023-07-13T16:20:38","date_gmt":"2023-07-13T14:20:38","guid":{"rendered":"https:\/\/agrarpetrovic.rs\/?post_type=product&#038;p=4874"},"modified":"2023-07-13T16:20:44","modified_gmt":"2023-07-13T14:20:44","slug":"traktor-kosacica-vt-980","status":"publish","type":"product","link":"https:\/\/agrarpetrovic.rs\/en\/proizvod\/traktor-kosacica-vt-980\/","title":{"rendered":"TRAKTOR KOSA\u010cICA VT 980"},"content":{"rendered":"<div class=\"row\">\n<div class=\"col-md-6\">\n<h2>OPIS<\/h2>\n<p>VT 980 je traktorska kosa\u010dica pogodna za ko\u0161enje ure\u0111enih travnjaka povr\u0161ine 5000 m2. Ova traktorska kosa\u010dica je namenjena odr\u017eavanu travnatih povr\u0161ina sa dugim intervalom ko\u0161enja. Zbog opcije bo\u010dnog izbacivanja<br \/>\npogodna je za kori\u0161\u0107enje u visokoj i gustoj travi.<\/p>\n<p><strong>Oprema:<\/strong><\/p>\n<ul>\n<li>Elektromagnetno kva\u010dilo<\/li>\n<li>Sigurnosti prekida\u010d ispod sedi\u0161ta<\/li>\n<li>Sigurnosni branik<\/li>\n<li>Farovi<\/li>\n<\/ul>\n<p><strong>Funkcije:<\/strong><\/p>\n<ul>\n<li>Mal\u010diranje<\/li>\n<li>Bo\u010dno izbacivanje<\/li>\n<li>Brza spojnica za pranje ku\u0107i\u0161ta no\u017eeva<\/li>\n<\/ul>\n<p><strong>Preporuka:<\/strong><\/p>\n<ul>\n<li>Koristiti Villager 4T ulje<\/li>\n<li>Koristiti set za zamenu ulja<\/li>\n<\/ul>\n<\/div>\n<\/div>\n<hr \/>\n<div class=\"row product-photos\">\n<div class=\"col-md-12\">\n<h2>GALERIJA<\/h2>\n<figure><\/figure>\n<\/div>\n<\/div>","protected":false},"excerpt":{"rendered":"<table class=\"table\">\n<thead>\n<tr>\n<th colspan=\"2\">Karakteristike<\/th>\n<\/tr>\n<\/thead>\n<tbody>\n<tr>\n<td>Kategorija<\/td>\n<td><strong>Traktor kosa\u010dice<\/strong><\/td>\n<\/tr>\n<tr>\n<td>Tip motora<\/td>\n<td><strong>B&amp;S series 3 PowerBuilt 3130<\/strong><\/td>\n<\/tr>\n<tr>\n<td>Zapremina motora<\/td>\n<td><strong>344 cm\u00b3<\/strong><\/td>\n<\/tr>\n<tr>\n<td>Snaga motora<\/td>\n<td><strong>9.2 kW \/ 3600 rpm<\/strong><\/td>\n<\/tr>\n<tr>\n<td>\u0160irina ko\u0161enja<\/td>\n<td><strong>980 mm<\/strong><\/td>\n<\/tr>\n<tr>\n<td>Povr\u0161ina ko\u0161enja<\/td>\n<td><strong>5000 m\u00b2<\/strong><\/td>\n<\/tr>\n<tr>\n<td>Visina ko\u0161enja<\/td>\n<td><strong>25 &#8211; 80 mm (7 nivoa, centralno)<\/strong><\/td>\n<\/tr>\n<tr>\n<td>Tip no\u017ea<\/td>\n<td><strong>Dupli no\u017e<\/strong><\/td>\n<\/tr>\n<tr>\n<td>Tip ku\u0107i\u0161ta no\u017ea<\/td>\n<td><strong>Metalno<\/strong><\/td>\n<\/tr>\n<tr>\n<td>Tip transmisije<\/td>\n<td><strong>Manuelna<\/strong><\/td>\n<\/tr>\n<tr>\n<td>Br. brzina napred<\/td>\n<td><strong>5<\/strong><\/td>\n<\/tr>\n<tr>\n<td>Br. brzina nazad<\/td>\n<td><strong>1<\/strong><\/td>\n<\/tr>\n<tr>\n<td>Pre\u010dnik to\u010dka prednji \/ zadnji<\/td>\n<td><strong>380 mm \/ 457 mm<\/strong><\/td>\n<\/tr>\n<tr>\n<td>Masa<\/td>\n<td><strong>165 kg<\/strong><\/td>\n<\/tr>\n<\/tbody>\n<\/table>","protected":false},"featured_media":4904,"template":"","meta":[],"product_brand":[],"product_cat":[216,218],"product_tag":[],"class_list":{"0":"post-4874","1":"product","2":"type-product","3":"status-publish","4":"has-post-thumbnail","6":"product_cat-garden-program","7":"product_cat-kosacice","9":"first","10":"instock","11":"shipping-taxable","12":"product-type-simple"},"_links":{"self":[{"href":"https:\/\/agrarpetrovic.rs\/en\/wp-json\/wp\/v2\/product\/4874","targetHints":{"allow":["GET"]}}],"collection":[{"href":"https:\/\/agrarpetrovic.rs\/en\/wp-json\/wp\/v2\/product"}],"about":[{"href":"https:\/\/agrarpetrovic.rs\/en\/wp-json\/wp\/v2\/types\/product"}],"wp:featuredmedia":[{"embeddable":true,"href":"https:\/\/agrarpetrovic.rs\/en\/wp-json\/wp\/v2\/media\/4904"}],"wp:attachment":[{"href":"https:\/\/agrarpetrovic.rs\/en\/wp-json\/wp\/v2\/media?parent=4874"}],"wp:term":[{"taxonomy":"product_brand","embeddable":true,"href":"https:\/\/agrarpetrovic.rs\/en\/wp-json\/wp\/v2\/product_brand?post=4874"},{"taxonomy":"product_cat","embeddable":true,"href":"https:\/\/agrarpetrovic.rs\/en\/wp-json\/wp\/v2\/product_cat?post=4874"},{"taxonomy":"product_tag","embeddable":true,"href":"https:\/\/agrarpetrovic.rs\/en\/wp-json\/wp\/v2\/product_tag?post=4874"}],"curies":[{"name":"wp","href":"https:\/\/api.w.org\/{rel}","templated":true}]}}