{"id":4876,"date":"2023-07-13T16:20:38","date_gmt":"2023-07-13T14:20:38","guid":{"rendered":"https:\/\/agrarpetrovic.rs\/?post_type=product&#038;p=4876"},"modified":"2023-07-13T16:20:45","modified_gmt":"2023-07-13T14:20:45","slug":"rider-vtr-650","status":"publish","type":"product","link":"https:\/\/agrarpetrovic.rs\/en\/proizvod\/rider-vtr-650\/","title":{"rendered":"RIDER VTR 650"},"content":{"rendered":"<h2>OPIS<\/h2>\n<p>Villager rajder kosa\u010dice su dizajnirane za rad na travnjacima srednje veli\u010dine. Opremljene Loncin benzinskim<br \/>\nmotorima ove kosa\u010die bi\u0107e Vam od velike pomo\u0107i u doma\u0107instvu.<\/p>\n<p><strong>Funkcije:<\/strong><\/p>\n<ul>\n<li>Mal\u010diranje<\/li>\n<li>Brza spojnica za pranje ku\u0107i\u0161ta no\u017eeva<\/li>\n<li>Brzo pra\u017enjenje sakuplja\u010da<\/li>\n<\/ul>\n<p><strong>Preporuka:<\/strong><\/p>\n<ul>\n<li>Koristiti Villager 4T ulje<\/li>\n<li>Koristiti set za zamenu ulja<\/li>\n<\/ul>","protected":false},"excerpt":{"rendered":"<table class=\"table\">\n<thead>\n<tr>\n<th colspan=\"2\">Karakteristike<\/th>\n<\/tr>\n<\/thead>\n<tbody>\n<tr>\n<td>Kategorija<\/td>\n<td><strong>Traktor kosa\u010dice<\/strong><\/td>\n<\/tr>\n<tr>\n<td>Tip motora<\/td>\n<td><strong>Loncin<\/strong><\/td>\n<\/tr>\n<tr>\n<td>Zapremina motora<\/td>\n<td><strong>196 cm\u00b3<\/strong><\/td>\n<\/tr>\n<tr>\n<td>Snaga motora<\/td>\n<td><strong>4.8 kW (3000 rpm)<\/strong><\/td>\n<\/tr>\n<tr>\n<td>\u0160irina ko\u0161enja<\/td>\n<td><strong>610 mm<\/strong><\/td>\n<\/tr>\n<tr>\n<td>Povr\u0161ina ko\u0161enja<\/td>\n<td><strong>4000 m\u00b2<\/strong><\/td>\n<\/tr>\n<tr>\n<td>Visina ko\u0161enja<\/td>\n<td><strong>35 &#8211; 75 mm (5 nivoa, centralno)<\/strong><\/td>\n<\/tr>\n<tr>\n<td>Tip no\u017ea<\/td>\n<td><strong>Single no\u017e<\/strong><\/td>\n<\/tr>\n<tr>\n<td>Tip ku\u0107i\u0161ta no\u017ea<\/td>\n<td><strong>Metalno<\/strong><\/td>\n<\/tr>\n<tr>\n<td>Tip transmisije<\/td>\n<td><strong>Manuelna<\/strong><\/td>\n<\/tr>\n<tr>\n<td>Br. brzina napred<\/td>\n<td><strong>4<\/strong><\/td>\n<\/tr>\n<tr>\n<td>Br. brzina nazad<\/td>\n<td><strong>1<\/strong><\/td>\n<\/tr>\n<tr>\n<td>Pre\u010dnik to\u010dka prednji \/ zadnji<\/td>\n<td><strong>250 mm \/ 325 mm<\/strong><\/td>\n<\/tr>\n<tr>\n<td>Zapremina sakuplja\u010da<\/td>\n<td><strong>150 l<\/strong><\/td>\n<\/tr>\n<tr>\n<td>Masa<\/td>\n<td><strong>136 kg<\/strong><\/td>\n<\/tr>\n<\/tbody>\n<\/table>","protected":false},"featured_media":4906,"template":"","meta":[],"product_brand":[],"product_cat":[216,218],"product_tag":[],"class_list":{"0":"post-4876","1":"product","2":"type-product","3":"status-publish","4":"has-post-thumbnail","6":"product_cat-garden-program","7":"product_cat-kosacice","9":"first","10":"instock","11":"shipping-taxable","12":"product-type-simple"},"_links":{"self":[{"href":"https:\/\/agrarpetrovic.rs\/en\/wp-json\/wp\/v2\/product\/4876","targetHints":{"allow":["GET"]}}],"collection":[{"href":"https:\/\/agrarpetrovic.rs\/en\/wp-json\/wp\/v2\/product"}],"about":[{"href":"https:\/\/agrarpetrovic.rs\/en\/wp-json\/wp\/v2\/types\/product"}],"wp:featuredmedia":[{"embeddable":true,"href":"https:\/\/agrarpetrovic.rs\/en\/wp-json\/wp\/v2\/media\/4906"}],"wp:attachment":[{"href":"https:\/\/agrarpetrovic.rs\/en\/wp-json\/wp\/v2\/media?parent=4876"}],"wp:term":[{"taxonomy":"product_brand","embeddable":true,"href":"https:\/\/agrarpetrovic.rs\/en\/wp-json\/wp\/v2\/product_brand?post=4876"},{"taxonomy":"product_cat","embeddable":true,"href":"https:\/\/agrarpetrovic.rs\/en\/wp-json\/wp\/v2\/product_cat?post=4876"},{"taxonomy":"product_tag","embeddable":true,"href":"https:\/\/agrarpetrovic.rs\/en\/wp-json\/wp\/v2\/product_tag?post=4876"}],"curies":[{"name":"wp","href":"https:\/\/api.w.org\/{rel}","templated":true}]}}