{"id":4877,"date":"2023-07-13T16:20:38","date_gmt":"2023-07-13T14:20:38","guid":{"rendered":"https:\/\/agrarpetrovic.rs\/?post_type=product&#038;p=4877"},"modified":"2023-07-13T16:20:46","modified_gmt":"2023-07-13T14:20:46","slug":"akumulatorska-traktor-kosacica-rider-vtr-690-b","status":"publish","type":"product","link":"https:\/\/agrarpetrovic.rs\/en\/proizvod\/akumulatorska-traktor-kosacica-rider-vtr-690-b\/","title":{"rendered":"AKUMULATORSKA TRAKTOR KOSA\u010cICA RIDER VTR 690 B"},"content":{"rendered":"<h2>OPIS<\/h2>\n<p>Villager rajder kosa\u010dice su dizajnirane za rad na travnjacima srednje veli\u010dine.<br \/>\nOpremljena\u00a0indukcionim elektromotorima ove kosa\u010die bi\u0107e Vam od velike pomo\u0107i u doma\u0107instvu.<\/p>\n<p><strong>Funkcije:<\/strong><\/p>\n<p>Ko\u0161enje<br \/>\nSakupljanje<\/p>\n<p><strong>Lead-acid baterija 48 V \/ 32 Ah<\/strong><\/p>\n<p><strong>Prednost:<\/strong><br \/>\nve\u0107i kapacitet baterije<br \/>\nve\u0107a autonomija kosa\u010dice<\/p>","protected":false},"excerpt":{"rendered":"<table class=\"table\">\n<thead>\n<tr>\n<th colspan=\"2\">Karakteristike<\/th>\n<\/tr>\n<\/thead>\n<tbody>\n<tr>\n<td>Kategorija<\/td>\n<td><strong>Traktor kosa\u010dice<\/strong><\/td>\n<\/tr>\n<tr>\n<td>Tip motora<\/td>\n<td><strong>Indukcioni elektro-motor<\/strong><\/td>\n<\/tr>\n<tr>\n<td>Zapremina motora<\/td>\n<td><strong>Lead-acid (48 V \/ 32 Ah)<\/strong><\/td>\n<\/tr>\n<tr>\n<td>Baterija (napon\/kapacitet)<\/td>\n<td><strong>Lead-acid (48 V \/ 32 Ah)<\/strong><\/td>\n<\/tr>\n<tr>\n<td>Vreme trajanja (punjenja) baterije<\/td>\n<td><strong>100-130 min. (10 h)<\/strong><\/td>\n<\/tr>\n<tr>\n<td>\u0160irina ko\u0161enja<\/td>\n<td><strong>685 mm<\/strong><\/td>\n<\/tr>\n<tr>\n<td>Povr\u0161ina ko\u0161enja<\/td>\n<td><strong>4000 m\u00b2<\/strong><\/td>\n<\/tr>\n<tr>\n<td>Visina ko\u0161enja<\/td>\n<td><strong>35 &#8211; 75 mm (5 nivoa, centralno)<\/strong><\/td>\n<\/tr>\n<tr>\n<td>Tip transmisije<\/td>\n<td><strong>Manuelna<\/strong><\/td>\n<\/tr>\n<tr>\n<td>Br. brzina napred<\/td>\n<td><strong>4<\/strong><\/td>\n<\/tr>\n<tr>\n<td>Br. brzina nazad<\/td>\n<td><strong>1<\/strong><\/td>\n<\/tr>\n<tr>\n<td>Pre\u010dnik to\u010dka prednji \/ zadnji<\/td>\n<td><strong>250 mm \/ 325 mm<\/strong><\/td>\n<\/tr>\n<tr>\n<td>Zapremina sakuplja\u010da<\/td>\n<td><strong>150 l<\/strong><\/td>\n<\/tr>\n<tr>\n<td>Masa<\/td>\n<td><strong>157 kg<\/strong><\/td>\n<\/tr>\n<\/tbody>\n<\/table>","protected":false},"featured_media":4907,"template":"","meta":[],"product_brand":[],"product_cat":[216,218],"product_tag":[],"class_list":{"0":"post-4877","1":"product","2":"type-product","3":"status-publish","4":"has-post-thumbnail","6":"product_cat-garden-program","7":"product_cat-kosacice","9":"first","10":"instock","11":"shipping-taxable","12":"product-type-simple"},"_links":{"self":[{"href":"https:\/\/agrarpetrovic.rs\/en\/wp-json\/wp\/v2\/product\/4877","targetHints":{"allow":["GET"]}}],"collection":[{"href":"https:\/\/agrarpetrovic.rs\/en\/wp-json\/wp\/v2\/product"}],"about":[{"href":"https:\/\/agrarpetrovic.rs\/en\/wp-json\/wp\/v2\/types\/product"}],"wp:featuredmedia":[{"embeddable":true,"href":"https:\/\/agrarpetrovic.rs\/en\/wp-json\/wp\/v2\/media\/4907"}],"wp:attachment":[{"href":"https:\/\/agrarpetrovic.rs\/en\/wp-json\/wp\/v2\/media?parent=4877"}],"wp:term":[{"taxonomy":"product_brand","embeddable":true,"href":"https:\/\/agrarpetrovic.rs\/en\/wp-json\/wp\/v2\/product_brand?post=4877"},{"taxonomy":"product_cat","embeddable":true,"href":"https:\/\/agrarpetrovic.rs\/en\/wp-json\/wp\/v2\/product_cat?post=4877"},{"taxonomy":"product_tag","embeddable":true,"href":"https:\/\/agrarpetrovic.rs\/en\/wp-json\/wp\/v2\/product_tag?post=4877"}],"curies":[{"name":"wp","href":"https:\/\/api.w.org\/{rel}","templated":true}]}}