{"id":4883,"date":"2023-07-13T16:20:38","date_gmt":"2023-07-13T14:20:38","guid":{"rendered":"https:\/\/agrarpetrovic.rs\/?post_type=product&#038;p=4883"},"modified":"2023-07-13T16:20:52","modified_gmt":"2023-07-13T14:20:52","slug":"motorna-testera-vgs-4125-pe","status":"publish","type":"product","link":"https:\/\/agrarpetrovic.rs\/en\/proizvod\/motorna-testera-vgs-4125-pe\/","title":{"rendered":"MOTORNA TESTERA VGS 4125 PE"},"content":{"rendered":"<h2>OPIS<\/h2>\n<p>VGS 4125 PE je motorna testera iz \u201ccrne linije\u201d, proizvedena po najvi\u0161im standardima. Odlikuje je odli\u010dan dizajn, mala masa i udobnost. Opremljena 1.85 kW sna\u017enim motorom, sa lako\u0107om nosi 400 mm duga\u010dku reznu garnituru koja se sastoji od Oregon\u00ae vodilice i lanca najnovije generacije iz Micro-liteTM linije.<\/p>\n<p><strong>Osobine:<\/strong><\/p>\n<ul>\n<li>Antivibration System<\/li>\n<li>Champion\u00ae sve\u0107ica<\/li>\n<li>Walbro\u00ae carburetor<\/li>\n<li>Oregon\u00ae Micro-liteTM<\/li>\n<\/ul>\n<p><strong>Preporuka:<\/strong><\/p>\n<ul>\n<li>Koristiti sme\u0161u goriva i Villager 2T ulja u razmeri 40:1 (2.5%)<\/li>\n<\/ul>","protected":false},"excerpt":{"rendered":"<table class=\"table\">\n<thead>\n<tr>\n<th colspan=\"2\">Karakteristike<\/th>\n<\/tr>\n<\/thead>\n<tbody>\n<tr>\n<td>Kategorija<\/td>\n<td><strong>Motorne testere<\/strong><\/td>\n<\/tr>\n<tr>\n<td>Tip motora<\/td>\n<td><strong>2-taktni vazdu\u0161no hla\u0111eni<\/strong><\/td>\n<\/tr>\n<tr>\n<td>Zapremina motora<\/td>\n<td><strong>41.4 cm\u00b3<\/strong><\/td>\n<\/tr>\n<tr>\n<td>Snaga motora \/ broj obrtaja<\/td>\n<td><strong>1.85 kW \/ 12000 rpm<\/strong><\/td>\n<\/tr>\n<tr>\n<td>Du\u017eina vodilice<\/td>\n<td><strong>400 mm<\/strong><\/td>\n<\/tr>\n<tr>\n<td>Model vodilice<\/td>\n<td><strong>Micro-lite<br \/>\n40 cm<br \/>\n325<br \/>\n1.3 mm<\/strong><\/td>\n<\/tr>\n<tr>\n<td>Broj zuba lanca<\/td>\n<td><strong>33<\/strong><\/td>\n<\/tr>\n<tr>\n<td>Model lanca<\/td>\n<td><strong>95VPX066E<br \/>\n325<br \/>\n1.3 mm<\/strong><\/td>\n<\/tr>\n<tr>\n<td>Zapremina rezervoara za gorivo<\/td>\n<td><strong>550 ml<\/strong><\/td>\n<\/tr>\n<tr>\n<td>Zapremina rezervoara za ulje<\/td>\n<td><strong>260 ml<\/strong><\/td>\n<\/tr>\n<tr>\n<td>Masa<\/td>\n<td><strong>5 kg<\/strong><\/td>\n<\/tr>\n<\/tbody>\n<\/table>","protected":false},"featured_media":4913,"template":"","meta":[],"product_brand":[],"product_cat":[216,304],"product_tag":[],"class_list":{"0":"post-4883","1":"product","2":"type-product","3":"status-publish","4":"has-post-thumbnail","6":"product_cat-garden-program","7":"product_cat-motorne-testere","9":"first","10":"instock","11":"shipping-taxable","12":"product-type-simple"},"_links":{"self":[{"href":"https:\/\/agrarpetrovic.rs\/en\/wp-json\/wp\/v2\/product\/4883","targetHints":{"allow":["GET"]}}],"collection":[{"href":"https:\/\/agrarpetrovic.rs\/en\/wp-json\/wp\/v2\/product"}],"about":[{"href":"https:\/\/agrarpetrovic.rs\/en\/wp-json\/wp\/v2\/types\/product"}],"wp:featuredmedia":[{"embeddable":true,"href":"https:\/\/agrarpetrovic.rs\/en\/wp-json\/wp\/v2\/media\/4913"}],"wp:attachment":[{"href":"https:\/\/agrarpetrovic.rs\/en\/wp-json\/wp\/v2\/media?parent=4883"}],"wp:term":[{"taxonomy":"product_brand","embeddable":true,"href":"https:\/\/agrarpetrovic.rs\/en\/wp-json\/wp\/v2\/product_brand?post=4883"},{"taxonomy":"product_cat","embeddable":true,"href":"https:\/\/agrarpetrovic.rs\/en\/wp-json\/wp\/v2\/product_cat?post=4883"},{"taxonomy":"product_tag","embeddable":true,"href":"https:\/\/agrarpetrovic.rs\/en\/wp-json\/wp\/v2\/product_tag?post=4883"}],"curies":[{"name":"wp","href":"https:\/\/api.w.org\/{rel}","templated":true}]}}