{"id":4924,"date":"2023-07-13T16:21:02","date_gmt":"2023-07-13T14:21:02","guid":{"rendered":"https:\/\/agrarpetrovic.rs\/?post_type=product&#038;p=4924"},"modified":"2023-07-13T16:21:05","modified_gmt":"2023-07-13T14:21:05","slug":"motorna-pumpa-wp-37-se","status":"publish","type":"product","link":"https:\/\/agrarpetrovic.rs\/en\/proizvod\/motorna-pumpa-wp-37-se\/","title":{"rendered":"MOTORNA PUMPA WP 37 SE"},"content":{"rendered":"<h2>OPIS<\/h2>\n<p>Odli\u010dna motorna pumpa, izbalansiranih performansi, pogodna za duge radne cikluse.<\/p>","protected":false},"excerpt":{"rendered":"<table class=\"table\">\n<thead>\n<tr>\n<th colspan=\"2\">Karakteristike<\/th>\n<\/tr>\n<\/thead>\n<tbody>\n<tr>\n<td>Kategorija<\/td>\n<td><strong>Pumpe za vodu<\/strong><\/td>\n<\/tr>\n<tr>\n<td>Tip motora<\/td>\n<td><strong>\u010cetvorotaktni, vazdu\u0161no hla\u0111eni<\/strong><\/td>\n<\/tr>\n<tr>\n<td>Zapremina motora<\/td>\n<td><strong>163 cm\u00b3<\/strong><\/td>\n<\/tr>\n<tr>\n<td>Snaga motora \/ broj obrtaja<\/td>\n<td><strong>3.8 kW (3600 rpm)<\/strong><\/td>\n<\/tr>\n<tr>\n<td>Obrtni moment \/ broj obrtaja<\/td>\n<td><strong>11 Nm \/ 2500 rpm<\/strong><\/td>\n<\/tr>\n<tr>\n<td>Pre\u010dnik usisa (\u00d8)<\/td>\n<td><strong>2<\/strong><\/td>\n<\/tr>\n<tr>\n<td>Pre\u010dnik izlaza (\u00d8<\/td>\n<td><strong>2<\/strong><\/td>\n<\/tr>\n<tr>\n<td>Maksimalna dubina povla\u010denja<\/td>\n<td><strong>8 m<\/strong><\/td>\n<\/tr>\n<tr>\n<td>Maksimalna visina vodenog stuba<\/td>\n<td><strong>30 m<\/strong><\/td>\n<\/tr>\n<tr>\n<td>Maks. radni pritisak<\/td>\n<td><strong>2.8 bara<\/strong><\/td>\n<\/tr>\n<tr>\n<td>Maksimalni protok vode<\/td>\n<td><strong>30 m\u00b3\/h<\/strong><\/td>\n<\/tr>\n<tr>\n<td>Zapremina rezervoara za gorivo<\/td>\n<td><strong>5 l<\/strong><\/td>\n<\/tr>\n<tr>\n<td>Vreme rada (75% maks. optere\u0107enja)<\/td>\n<td><strong>4 h<\/strong><\/td>\n<\/tr>\n<tr>\n<td>Masa<\/td>\n<td><strong>28 kg<\/strong><\/td>\n<\/tr>\n<\/tbody>\n<\/table>","protected":false},"featured_media":4954,"template":"","meta":[],"product_brand":[],"product_cat":[305,193],"product_tag":[],"class_list":{"0":"post-4924","1":"product","2":"type-product","3":"status-publish","4":"has-post-thumbnail","6":"product_cat-motorne-pumpe-za-vodu","7":"product_cat-navodnjavanje","9":"first","10":"instock","11":"shipping-taxable","12":"product-type-simple"},"_links":{"self":[{"href":"https:\/\/agrarpetrovic.rs\/en\/wp-json\/wp\/v2\/product\/4924","targetHints":{"allow":["GET"]}}],"collection":[{"href":"https:\/\/agrarpetrovic.rs\/en\/wp-json\/wp\/v2\/product"}],"about":[{"href":"https:\/\/agrarpetrovic.rs\/en\/wp-json\/wp\/v2\/types\/product"}],"wp:featuredmedia":[{"embeddable":true,"href":"https:\/\/agrarpetrovic.rs\/en\/wp-json\/wp\/v2\/media\/4954"}],"wp:attachment":[{"href":"https:\/\/agrarpetrovic.rs\/en\/wp-json\/wp\/v2\/media?parent=4924"}],"wp:term":[{"taxonomy":"product_brand","embeddable":true,"href":"https:\/\/agrarpetrovic.rs\/en\/wp-json\/wp\/v2\/product_brand?post=4924"},{"taxonomy":"product_cat","embeddable":true,"href":"https:\/\/agrarpetrovic.rs\/en\/wp-json\/wp\/v2\/product_cat?post=4924"},{"taxonomy":"product_tag","embeddable":true,"href":"https:\/\/agrarpetrovic.rs\/en\/wp-json\/wp\/v2\/product_tag?post=4924"}],"curies":[{"name":"wp","href":"https:\/\/api.w.org\/{rel}","templated":true}]}}