{"id":4932,"date":"2023-07-13T16:21:02","date_gmt":"2023-07-13T14:21:02","guid":{"rendered":"https:\/\/agrarpetrovic.rs\/?post_type=product&#038;p=4932"},"modified":"2023-07-13T16:21:08","modified_gmt":"2023-07-13T14:21:08","slug":"hidrofor-vgp-800","status":"publish","type":"product","link":"https:\/\/agrarpetrovic.rs\/en\/proizvod\/hidrofor-vgp-800\/","title":{"rendered":"HIDROFOR VGP 800"},"content":{"rendered":"<h2>OPIS<\/h2>\n<p>Namena Villager VGP hidrofora je u doma\u0107instvima za snabdevanje manjom koli\u010dinom vode, crpljenjem iz bunara ili cisterni. Namenjeni su za \u010distu vodu. Klasi\u010dni hidrofori, sa membranskom posudom i pritisnom sklopkom u krugu regulacije izlaznog pritiska. Uz pomo\u0107 njih \u0107ete lako regulisati pritisak u celom sistemu, tako da \u0107e pritisak vode biti isti i na prvoj i na ostalim eta\u017eama va\u0161eg doma\u0107instva.<\/p>\n<p>Opis:<\/p>\n<p>Namena Villager VGP hidrofora je u doma\u0107instvima za snabdevanje manjom koli\u010dinom<br \/>\nvode, crpljenjem iz bunara ili cisterni. Namenjeni su za \u010distu vodu. Klasi\u010dni<br \/>\nhidrofori, sa membranskom posudom i pritisnom sklopkom u krugu regulacije<br \/>\nizlaznog pritiska. Uz pomo\u0107 njih \u0107ete lako regulisati pritisak u celom<br \/>\nsistemu, tako da \u0107e pritisak vode biti isti i na prvoj i na ostalim eta\u017eama va\u0161eg<br \/>\ndoma\u0107instva.<\/p>","protected":false},"excerpt":{"rendered":"<table class=\"table\">\n<thead>\n<tr>\n<th colspan=\"2\">Karakteristike<\/th>\n<\/tr>\n<\/thead>\n<tbody>\n<tr>\n<td>Kategorija<\/td>\n<td><strong>Pumpe za vodu<\/strong><\/td>\n<\/tr>\n<tr>\n<td>Tip motora<\/td>\n<td><strong>Elektro-motor<\/strong><\/td>\n<\/tr>\n<tr>\n<td>Radni napon<\/td>\n<td><strong>230 V ~ 50 Hz<\/strong><\/td>\n<\/tr>\n<tr>\n<td>Priklju\u010dna snaga<\/td>\n<td><strong>800 W<\/strong><\/td>\n<\/tr>\n<tr>\n<td>Pre\u010dnik usisa (\u00d8)<\/td>\n<td><strong>1<\/strong><\/td>\n<\/tr>\n<tr>\n<td>Pre\u010dnik izlaza (\u00d8<\/td>\n<td><strong>1<\/strong><\/td>\n<\/tr>\n<tr>\n<td>Maksimalna dubina povla\u010denja<\/td>\n<td><strong>8 m<\/strong><\/td>\n<\/tr>\n<tr>\n<td>Maksimalna visina vodenog stuba<\/td>\n<td><strong>40 m<\/strong><\/td>\n<\/tr>\n<tr>\n<td>Maks. radni pritisak<\/td>\n<td><strong>3 bara<\/strong><\/td>\n<\/tr>\n<tr>\n<td>Maksimalni protok vode<\/td>\n<td><strong>3.2 m\u00b3\/h<\/strong><\/td>\n<\/tr>\n<tr>\n<td>Maks. temperatura vode<\/td>\n<td><strong>35\u00b0C<\/strong><\/td>\n<\/tr>\n<tr>\n<td>Tip ku\u0107i\u0161ta pumpe<\/td>\n<td><strong>Inox<\/strong><\/td>\n<\/tr>\n<tr>\n<td>Masa<\/td>\n<td><strong>12 kg<\/strong><\/td>\n<\/tr>\n<\/tbody>\n<\/table>","protected":false},"featured_media":4959,"template":"","meta":[],"product_brand":[],"product_cat":[216,306],"product_tag":[],"class_list":{"0":"post-4932","1":"product","2":"type-product","3":"status-publish","4":"has-post-thumbnail","6":"product_cat-garden-program","7":"product_cat-pumpe-i-creva-za-bastu","9":"first","10":"instock","11":"shipping-taxable","12":"product-type-simple"},"_links":{"self":[{"href":"https:\/\/agrarpetrovic.rs\/en\/wp-json\/wp\/v2\/product\/4932","targetHints":{"allow":["GET"]}}],"collection":[{"href":"https:\/\/agrarpetrovic.rs\/en\/wp-json\/wp\/v2\/product"}],"about":[{"href":"https:\/\/agrarpetrovic.rs\/en\/wp-json\/wp\/v2\/types\/product"}],"wp:featuredmedia":[{"embeddable":true,"href":"https:\/\/agrarpetrovic.rs\/en\/wp-json\/wp\/v2\/media\/4959"}],"wp:attachment":[{"href":"https:\/\/agrarpetrovic.rs\/en\/wp-json\/wp\/v2\/media?parent=4932"}],"wp:term":[{"taxonomy":"product_brand","embeddable":true,"href":"https:\/\/agrarpetrovic.rs\/en\/wp-json\/wp\/v2\/product_brand?post=4932"},{"taxonomy":"product_cat","embeddable":true,"href":"https:\/\/agrarpetrovic.rs\/en\/wp-json\/wp\/v2\/product_cat?post=4932"},{"taxonomy":"product_tag","embeddable":true,"href":"https:\/\/agrarpetrovic.rs\/en\/wp-json\/wp\/v2\/product_tag?post=4932"}],"curies":[{"name":"wp","href":"https:\/\/api.w.org\/{rel}","templated":true}]}}