{"id":4936,"date":"2023-07-13T16:21:02","date_gmt":"2023-07-13T14:21:02","guid":{"rendered":"https:\/\/agrarpetrovic.rs\/?post_type=product&#038;p=4936"},"modified":"2023-07-13T16:21:09","modified_gmt":"2023-07-13T14:21:09","slug":"potapajuca-pumpa-vsp-13000","status":"publish","type":"product","link":"https:\/\/agrarpetrovic.rs\/en\/proizvod\/potapajuca-pumpa-vsp-13000\/","title":{"rendered":"POTAPAJU\u0106A PUMPA VSP 13000"},"content":{"rendered":"<h2>OPIS<\/h2>\n<p>Villager potapaju\u0107e pumpe su pogodne za hidromelioraciju, bez obzira da li je u pitanju \u010dista ili zaga\u0111ena voda. U zavisnosti od snage, protoci ovih pumpi se kre\u0107u u intervalu od 6 do 18 m3\/h. Pumpe za \u010distu vodu mogu usisati \u010destice prljav\u0161tine pre\u010dnika do 5 mm, dok pumpe za prljavu vodu mogu usisati \u010destice pre\u010dnika do 15 mm.<\/p>\n<p>Model za zaprljanu vodu<\/p>","protected":false},"excerpt":{"rendered":"<table class=\"table\">\n<thead>\n<tr>\n<th colspan=\"2\">Karakteristike<\/th>\n<\/tr>\n<\/thead>\n<tbody>\n<tr>\n<td>Kategorija<\/td>\n<td><strong>Pumpe za vodu<\/strong><\/td>\n<\/tr>\n<tr>\n<td>Tip motora<\/td>\n<td><strong>Elektro-motor<\/strong><\/td>\n<\/tr>\n<tr>\n<td>Radni napon<\/td>\n<td><strong>230 V ~ 50 Hz<\/strong><\/td>\n<\/tr>\n<tr>\n<td>Priklju\u010dna snaga<\/td>\n<td><strong>750 W<\/strong><\/td>\n<\/tr>\n<tr>\n<td>Pre\u010dnik usisa (\u00d8)<\/td>\n<td><strong>1&#8243; (25 mm)<\/strong><\/td>\n<\/tr>\n<tr>\n<td>Pre\u010dnik izlaza (\u00d8<\/td>\n<td><strong>1&#8243; (25 mm)<\/strong><\/td>\n<\/tr>\n<tr>\n<td>Maksimalna dubina povla\u010denja<\/td>\n<td><strong>7 m<\/strong><\/td>\n<\/tr>\n<tr>\n<td>Maksimalna visina vodenog stuba<\/td>\n<td><strong>8 m<\/strong><\/td>\n<\/tr>\n<tr>\n<td>Maksimalni protok vode<\/td>\n<td><strong>13 m\u00b3\/h<\/strong><\/td>\n<\/tr>\n<tr>\n<td>Maks. temperatura vode<\/td>\n<td><strong>35\u00b0C<\/strong><\/td>\n<\/tr>\n<tr>\n<td>Tip ku\u0107i\u0161ta pumpe<\/td>\n<td><strong>Plasti\u010dno<\/strong><\/td>\n<\/tr>\n<tr>\n<td>Masa<\/td>\n<td><strong>5.6 kg<\/strong><\/td>\n<\/tr>\n<\/tbody>\n<\/table>","protected":false},"featured_media":4961,"template":"","meta":[],"product_brand":[],"product_cat":[216,306],"product_tag":[],"class_list":{"0":"post-4936","1":"product","2":"type-product","3":"status-publish","4":"has-post-thumbnail","6":"product_cat-garden-program","7":"product_cat-pumpe-i-creva-za-bastu","9":"first","10":"instock","11":"shipping-taxable","12":"product-type-simple"},"_links":{"self":[{"href":"https:\/\/agrarpetrovic.rs\/en\/wp-json\/wp\/v2\/product\/4936","targetHints":{"allow":["GET"]}}],"collection":[{"href":"https:\/\/agrarpetrovic.rs\/en\/wp-json\/wp\/v2\/product"}],"about":[{"href":"https:\/\/agrarpetrovic.rs\/en\/wp-json\/wp\/v2\/types\/product"}],"wp:featuredmedia":[{"embeddable":true,"href":"https:\/\/agrarpetrovic.rs\/en\/wp-json\/wp\/v2\/media\/4961"}],"wp:attachment":[{"href":"https:\/\/agrarpetrovic.rs\/en\/wp-json\/wp\/v2\/media?parent=4936"}],"wp:term":[{"taxonomy":"product_brand","embeddable":true,"href":"https:\/\/agrarpetrovic.rs\/en\/wp-json\/wp\/v2\/product_brand?post=4936"},{"taxonomy":"product_cat","embeddable":true,"href":"https:\/\/agrarpetrovic.rs\/en\/wp-json\/wp\/v2\/product_cat?post=4936"},{"taxonomy":"product_tag","embeddable":true,"href":"https:\/\/agrarpetrovic.rs\/en\/wp-json\/wp\/v2\/product_tag?post=4936"}],"curies":[{"name":"wp","href":"https:\/\/api.w.org\/{rel}","templated":true}]}}