{"id":4949,"date":"2023-07-13T16:21:03","date_gmt":"2023-07-13T14:21:03","guid":{"rendered":"https:\/\/agrarpetrovic.rs\/?post_type=product&#038;p=4949"},"modified":"2023-07-13T16:21:14","modified_gmt":"2023-07-13T14:21:14","slug":"soluveg-22-10-10-orange","status":"publish","type":"product","link":"https:\/\/agrarpetrovic.rs\/en\/proizvod\/soluveg-22-10-10-orange\/","title":{"rendered":"SOLUVEG 22-10-10 ORANGE"},"content":{"rendered":"<p>Nakon po\u010detka vegetacije biljke imaju velike potrebe za azotom. Azot je<br \/>\nnosilac prinosa kod ve\u0107ine biljaka i zaslu\u017ean je za sintezu proteina. Soluveg<br \/>\nOrange je izuzetno izbalansirano \u0111ubrivo za tretmane nakon startnih \u0111ubriva, sadr\u017ei pribli\u017eno 50% azota u nitratnom obliku i 50% u amonija\u010dnom uz<br \/>\ndruge prate\u0107e makro i mikro elemente. Mikroelementi su u helatnom obliku.<br \/>\n*1 g\/l vode (mS\/cm), **1 g\/l vode<br \/>\n\u2714 Za sna\u017ean vegetativni porast<br \/>\n\u2714 Bez azota u obliku uree<br \/>\n\u2714 Visok sadr\u017eaj magnezijuma<br \/>\n\u2714 Bez natrijuma i hlora<br \/>\nSoluveg Orange 22-10-10+3,5MgO+ME<br \/>\nProizvod N N-NO3 N-NH4 P2<br \/>\nO5 K2<br \/>\nO MgO Bor Bakar Gvo\u017e\u0111e Mangan Molibden Cink EC* pH**<br \/>\nSoluveg Orange<br \/>\n22-10-10+<br \/>\n3.5MgO+ME<br \/>\n22 11.5 10.5 10 10 3.5 150<br \/>\nppm<br \/>\n30<br \/>\nppm<br \/>\n600<br \/>\nppm 330 ppm<\/p>","protected":false},"excerpt":{"rendered":"<table class=\"detailsTable\">\n<tbody>\n<tr>\n<td class=\"label\">Klasa<\/td>\n<td class=\"separator\"><\/td>\n<td class=\"value\">\u00d0ubriva<\/td>\n<\/tr>\n<tr>\n<td class=\"label\">Opis<\/td>\n<td class=\"separator\"><\/td>\n<td class=\"value\">Neorgansko slo\u017eeno \u010dvrsto \u0111ubrivo sa sekundarnim elementom i mikroelementima<\/td>\n<\/tr>\n<tr>\n<td class=\"label\">Proizvo\u0111a\u010d<\/td>\n<td class=\"separator\"><\/td>\n<td class=\"value\">Angibaud Derome &amp; Specialites, Francuska<\/td>\n<\/tr>\n<tr>\n<td class=\"label\">Aktivna materija<\/td>\n<td class=\"separator\"><\/td>\n<td class=\"value\">NPK<\/td>\n<\/tr>\n<tr>\n<td class=\"label\">Formulacija<\/td>\n<td class=\"separator\"><\/td>\n<td class=\"value\">kristalna vodotopiva \u0111ubriva u zastupstvu<\/td>\n<\/tr>\n<tr>\n<td class=\"label\">Doza\/ koncentracija<\/td>\n<td class=\"separator\"><\/td>\n<td class=\"value\">0.5-2.5 g\/l vode<\/td>\n<\/tr>\n<tr>\n<td class=\"label\">Primena<\/td>\n<td class=\"separator\"><\/td>\n<td class=\"value\">ratarstvo, vo\u0107arstvo, vinogradarstvo, povrtarstvo, cve\u0107arstvo<\/td>\n<\/tr>\n<tr>\n<td class=\"label\">Sadr\u017eaj<br \/>\naktivne materije<\/td>\n<td class=\"separator\"><\/td>\n<td class=\"value\">N 22%, P 10%, K 10%<\/td>\n<\/tr>\n<tr>\n<td class=\"label\">Pakovanje<\/td>\n<td class=\"separator\"><\/td>\n<td class=\"value\">25 kg<\/td>\n<\/tr>\n<\/tbody>\n<\/table>","protected":false},"featured_media":4970,"template":"","meta":[],"product_brand":[],"product_cat":[200,201],"product_tag":[],"class_list":{"0":"post-4949","1":"product","2":"type-product","3":"status-publish","4":"has-post-thumbnail","6":"product_cat-ishrana-bilja","7":"product_cat-vodotopiva-djubriva","9":"first","10":"instock","11":"shipping-taxable","12":"product-type-simple"},"_links":{"self":[{"href":"https:\/\/agrarpetrovic.rs\/en\/wp-json\/wp\/v2\/product\/4949","targetHints":{"allow":["GET"]}}],"collection":[{"href":"https:\/\/agrarpetrovic.rs\/en\/wp-json\/wp\/v2\/product"}],"about":[{"href":"https:\/\/agrarpetrovic.rs\/en\/wp-json\/wp\/v2\/types\/product"}],"wp:featuredmedia":[{"embeddable":true,"href":"https:\/\/agrarpetrovic.rs\/en\/wp-json\/wp\/v2\/media\/4970"}],"wp:attachment":[{"href":"https:\/\/agrarpetrovic.rs\/en\/wp-json\/wp\/v2\/media?parent=4949"}],"wp:term":[{"taxonomy":"product_brand","embeddable":true,"href":"https:\/\/agrarpetrovic.rs\/en\/wp-json\/wp\/v2\/product_brand?post=4949"},{"taxonomy":"product_cat","embeddable":true,"href":"https:\/\/agrarpetrovic.rs\/en\/wp-json\/wp\/v2\/product_cat?post=4949"},{"taxonomy":"product_tag","embeddable":true,"href":"https:\/\/agrarpetrovic.rs\/en\/wp-json\/wp\/v2\/product_tag?post=4949"}],"curies":[{"name":"wp","href":"https:\/\/api.w.org\/{rel}","templated":true}]}}