{"id":4985,"date":"2023-07-13T16:21:19","date_gmt":"2023-07-13T14:21:19","guid":{"rendered":"https:\/\/agrarpetrovic.rs\/?post_type=product&#038;p=4985"},"modified":"2023-07-13T16:21:33","modified_gmt":"2023-07-13T14:21:33","slug":"foligal-mg-500","status":"publish","type":"product","link":"https:\/\/agrarpetrovic.rs\/en\/proizvod\/foligal-mg-500\/","title":{"rendered":"FOLIGAL MG 500"},"content":{"rendered":"","protected":false},"excerpt":{"rendered":"<table class=\"detailsTable\">\n<tbody>\n<tr>\n<td class=\"label\">Klasa<\/td>\n<td class=\"separator\"><\/td>\n<td class=\"value\">Klasa: \u00d0ubriva<\/td>\n<\/tr>\n<tr>\n<td class=\"label\">Opis<\/td>\n<td class=\"separator\"><\/td>\n<td class=\"value\">Opis: Neorgansko \u0111ubrivo sa sekundarnim elementima, suspezija magnezijum hidroksida koji se koristi za prihranu razli\u010ditih biljnih vrsta na zemlji\u0161tima deficitarnim magnezijumom<\/td>\n<\/tr>\n<tr>\n<td class=\"label\">Proizvo\u0111a\u010d<\/td>\n<td class=\"separator\"><\/td>\n<td class=\"value\">Proizvo\u0111a\u010d: Galenika-Fitofarmacija<\/td>\n<\/tr>\n<tr>\n<td class=\"label\">Aktivna materija<\/td>\n<td class=\"separator\"><\/td>\n<td class=\"value\">Aktivna materija: Mg<\/td>\n<\/tr>\n<tr>\n<td class=\"label\">Formulacija<\/td>\n<td class=\"separator\"><\/td>\n<td class=\"value\">Formulacija: te\u010dna \u0111ubriva<\/td>\n<\/tr>\n<tr>\n<td class=\"label\">Doza\/ koncentracija<\/td>\n<td class=\"separator\"><\/td>\n<td class=\"value\">Doza\/koncetracija: 2-4 l\/ha, 5-7 l\/ha na pa\u0161njacima<\/td>\n<\/tr>\n<tr>\n<td class=\"label\">Primena<\/td>\n<td class=\"separator\"><\/td>\n<td class=\"value\">Primena: ratarstvo, vo\u0107arstvo, povrtarstvo, pa\u0161njaci<\/td>\n<\/tr>\n<tr>\n<td class=\"label\">Sadr\u017eaj<br \/>\naktivne materije<\/td>\n<td class=\"separator\"><\/td>\n<td class=\"value\">Aktivna materija: Mg 34.5%<\/td>\n<\/tr>\n<tr>\n<td class=\"label\">Pakovanje<\/td>\n<td class=\"separator\"><\/td>\n<td class=\"value\">Pakovanje: 1l<\/td>\n<\/tr>\n<\/tbody>\n<\/table>","protected":false},"featured_media":5015,"template":"","meta":[],"product_brand":[],"product_cat":[307,200],"product_tag":[],"class_list":{"0":"post-4985","1":"product","2":"type-product","3":"status-publish","4":"has-post-thumbnail","6":"product_cat-folijarna-djubriva","7":"product_cat-ishrana-bilja","9":"first","10":"instock","11":"shipping-taxable","12":"product-type-simple"},"_links":{"self":[{"href":"https:\/\/agrarpetrovic.rs\/en\/wp-json\/wp\/v2\/product\/4985","targetHints":{"allow":["GET"]}}],"collection":[{"href":"https:\/\/agrarpetrovic.rs\/en\/wp-json\/wp\/v2\/product"}],"about":[{"href":"https:\/\/agrarpetrovic.rs\/en\/wp-json\/wp\/v2\/types\/product"}],"wp:featuredmedia":[{"embeddable":true,"href":"https:\/\/agrarpetrovic.rs\/en\/wp-json\/wp\/v2\/media\/5015"}],"wp:attachment":[{"href":"https:\/\/agrarpetrovic.rs\/en\/wp-json\/wp\/v2\/media?parent=4985"}],"wp:term":[{"taxonomy":"product_brand","embeddable":true,"href":"https:\/\/agrarpetrovic.rs\/en\/wp-json\/wp\/v2\/product_brand?post=4985"},{"taxonomy":"product_cat","embeddable":true,"href":"https:\/\/agrarpetrovic.rs\/en\/wp-json\/wp\/v2\/product_cat?post=4985"},{"taxonomy":"product_tag","embeddable":true,"href":"https:\/\/agrarpetrovic.rs\/en\/wp-json\/wp\/v2\/product_tag?post=4985"}],"curies":[{"name":"wp","href":"https:\/\/api.w.org\/{rel}","templated":true}]}}