{"id":4987,"date":"2023-07-13T16:21:19","date_gmt":"2023-07-13T14:21:19","guid":{"rendered":"https:\/\/agrarpetrovic.rs\/?post_type=product&#038;p=4987"},"modified":"2023-07-13T16:21:34","modified_gmt":"2023-07-13T14:21:34","slug":"foligal-super","status":"publish","type":"product","link":"https:\/\/agrarpetrovic.rs\/en\/proizvod\/foligal-super\/","title":{"rendered":"FOLIGAL SUPER"},"content":{"rendered":"","protected":false},"excerpt":{"rendered":"<table class=\"detailsTable\">\n<tbody>\n<tr>\n<td class=\"label\">Klasa<\/td>\n<td class=\"separator\"><\/td>\n<td class=\"value\">Klasa: \u00d0ubriva<\/td>\n<\/tr>\n<tr>\n<td class=\"label\">Opis<\/td>\n<td class=\"separator\"><\/td>\n<td class=\"value\">Opis: Slo\u017eeno te\u010dno NPK \u0111ubrivo sa mikroelementima koje se primenjuje za prihranu razli\u010ditih biljnih vrsta povr\u0107a, vo\u0107a, vinove loze i cve\u0107a, na razli\u010ditim tipovima zemlji\u0161ta<\/td>\n<\/tr>\n<tr>\n<td class=\"label\">Proizvo\u0111a\u010d<\/td>\n<td class=\"separator\"><\/td>\n<td class=\"value\">Proizvo\u0111a\u010d: Galenika-Fitofarmacija<\/td>\n<\/tr>\n<tr>\n<td class=\"label\">Aktivna materija<\/td>\n<td class=\"separator\"><\/td>\n<td class=\"value\">Aktivna materija: NPK<\/td>\n<\/tr>\n<tr>\n<td class=\"label\">Formulacija<\/td>\n<td class=\"separator\"><\/td>\n<td class=\"value\">Formulacija: te\u010dna \u0111ubriva<\/td>\n<\/tr>\n<tr>\n<td class=\"label\">Doza\/ koncentracija<\/td>\n<td class=\"separator\"><\/td>\n<td class=\"value\">Doza\/koncetracija: 1 &#8211; 3 l\/ha<\/td>\n<\/tr>\n<tr>\n<td class=\"label\">Primena<\/td>\n<td class=\"separator\"><\/td>\n<td class=\"value\">Primena: ratarstvo, vo\u0107arstvo, vinogradarstvo, povrtarstvo, cve\u0107arstvo<\/td>\n<\/tr>\n<tr>\n<td class=\"label\">Sadr\u017eaj<br \/>\naktivne materije<\/td>\n<td class=\"separator\"><\/td>\n<td class=\"value\">Sadr\u017eaj aktivne materije: N 8%, P 8%, K 6%<\/td>\n<\/tr>\n<tr>\n<td class=\"label\">Pakovanje<\/td>\n<td class=\"separator\"><\/td>\n<td class=\"value\">300 ml, 1l<\/td>\n<\/tr>\n<\/tbody>\n<\/table>","protected":false},"featured_media":5017,"template":"","meta":[],"product_brand":[],"product_cat":[307,200],"product_tag":[],"class_list":{"0":"post-4987","1":"product","2":"type-product","3":"status-publish","4":"has-post-thumbnail","6":"product_cat-folijarna-djubriva","7":"product_cat-ishrana-bilja","9":"first","10":"instock","11":"shipping-taxable","12":"product-type-simple"},"_links":{"self":[{"href":"https:\/\/agrarpetrovic.rs\/en\/wp-json\/wp\/v2\/product\/4987","targetHints":{"allow":["GET"]}}],"collection":[{"href":"https:\/\/agrarpetrovic.rs\/en\/wp-json\/wp\/v2\/product"}],"about":[{"href":"https:\/\/agrarpetrovic.rs\/en\/wp-json\/wp\/v2\/types\/product"}],"wp:featuredmedia":[{"embeddable":true,"href":"https:\/\/agrarpetrovic.rs\/en\/wp-json\/wp\/v2\/media\/5017"}],"wp:attachment":[{"href":"https:\/\/agrarpetrovic.rs\/en\/wp-json\/wp\/v2\/media?parent=4987"}],"wp:term":[{"taxonomy":"product_brand","embeddable":true,"href":"https:\/\/agrarpetrovic.rs\/en\/wp-json\/wp\/v2\/product_brand?post=4987"},{"taxonomy":"product_cat","embeddable":true,"href":"https:\/\/agrarpetrovic.rs\/en\/wp-json\/wp\/v2\/product_cat?post=4987"},{"taxonomy":"product_tag","embeddable":true,"href":"https:\/\/agrarpetrovic.rs\/en\/wp-json\/wp\/v2\/product_tag?post=4987"}],"curies":[{"name":"wp","href":"https:\/\/api.w.org\/{rel}","templated":true}]}}