{"id":4989,"date":"2023-07-13T16:21:19","date_gmt":"2023-07-13T14:21:19","guid":{"rendered":"https:\/\/agrarpetrovic.rs\/?post_type=product&#038;p=4989"},"modified":"2023-07-13T16:21:34","modified_gmt":"2023-07-13T14:21:34","slug":"mkp-fort","status":"publish","type":"product","link":"https:\/\/agrarpetrovic.rs\/en\/proizvod\/mkp-fort\/","title":{"rendered":"MKP FORT"},"content":{"rendered":"","protected":false},"excerpt":{"rendered":"<table class=\"detailsTable\">\n<tbody>\n<tr>\n<td class=\"label\">Klasa<\/td>\n<td class=\"separator\"><\/td>\n<td class=\"value\">Klasa: \u00d0ubriva<\/td>\n<\/tr>\n<tr>\n<td class=\"label\">Opis<\/td>\n<td class=\"separator\"><\/td>\n<td class=\"value\">Opis: Neorgansko slo\u017eeno \u010dvrsto PK \u0111ubrivo<\/td>\n<\/tr>\n<tr>\n<td class=\"label\">Proizvo\u0111a\u010d<\/td>\n<td class=\"separator\"><\/td>\n<td class=\"value\">Proizvo\u0111a\u010d: Abu Dhabi Fertilizer Industries Co.W.L.L, UAE<\/td>\n<\/tr>\n<tr>\n<td class=\"label\">Aktivna materija<\/td>\n<td class=\"separator\"><\/td>\n<td class=\"value\">Aktivna materija: P\u2082O\u2085, K\u2082O<\/td>\n<\/tr>\n<tr>\n<td class=\"label\">Formulacija<\/td>\n<td class=\"separator\"><\/td>\n<td class=\"value\">Formulacija: kristalna vodotopiva \u0111ubriva<\/td>\n<\/tr>\n<tr>\n<td class=\"label\">Doza\/ koncentracija<\/td>\n<td class=\"separator\"><\/td>\n<td class=\"value\">Koncetracija: 0.3-2%<\/td>\n<\/tr>\n<tr>\n<td class=\"label\">Primena<\/td>\n<td class=\"separator\"><\/td>\n<td class=\"value\">Primena: ratarstvo, vo\u0107arstvo, povrtarstvo<\/td>\n<\/tr>\n<tr>\n<td class=\"label\">Sadr\u017eaj<br \/>\naktivne materije<\/td>\n<td class=\"separator\"><\/td>\n<td class=\"value\">Sadr\u017eaj aktivne materije: P\u2082O\u2085 52.%, K\u2082O 34%<\/td>\n<\/tr>\n<tr>\n<td class=\"label\">Pakovanje<\/td>\n<td class=\"separator\"><\/td>\n<td class=\"value\">Pakovanje: 1 kg, 25 kg<\/td>\n<\/tr>\n<\/tbody>\n<\/table>","protected":false},"featured_media":5019,"template":"","meta":[],"product_brand":[],"product_cat":[307,200],"product_tag":[],"class_list":{"0":"post-4989","1":"product","2":"type-product","3":"status-publish","4":"has-post-thumbnail","6":"product_cat-folijarna-djubriva","7":"product_cat-ishrana-bilja","9":"first","10":"instock","11":"shipping-taxable","12":"product-type-simple"},"_links":{"self":[{"href":"https:\/\/agrarpetrovic.rs\/en\/wp-json\/wp\/v2\/product\/4989","targetHints":{"allow":["GET"]}}],"collection":[{"href":"https:\/\/agrarpetrovic.rs\/en\/wp-json\/wp\/v2\/product"}],"about":[{"href":"https:\/\/agrarpetrovic.rs\/en\/wp-json\/wp\/v2\/types\/product"}],"wp:featuredmedia":[{"embeddable":true,"href":"https:\/\/agrarpetrovic.rs\/en\/wp-json\/wp\/v2\/media\/5019"}],"wp:attachment":[{"href":"https:\/\/agrarpetrovic.rs\/en\/wp-json\/wp\/v2\/media?parent=4989"}],"wp:term":[{"taxonomy":"product_brand","embeddable":true,"href":"https:\/\/agrarpetrovic.rs\/en\/wp-json\/wp\/v2\/product_brand?post=4989"},{"taxonomy":"product_cat","embeddable":true,"href":"https:\/\/agrarpetrovic.rs\/en\/wp-json\/wp\/v2\/product_cat?post=4989"},{"taxonomy":"product_tag","embeddable":true,"href":"https:\/\/agrarpetrovic.rs\/en\/wp-json\/wp\/v2\/product_tag?post=4989"}],"curies":[{"name":"wp","href":"https:\/\/api.w.org\/{rel}","templated":true}]}}