{"id":4990,"date":"2023-07-13T16:21:19","date_gmt":"2023-07-13T14:21:19","guid":{"rendered":"https:\/\/agrarpetrovic.rs\/?post_type=product&#038;p=4990"},"modified":"2023-07-13T16:21:34","modified_gmt":"2023-07-13T14:21:34","slug":"sulotaste-forte","status":"publish","type":"product","link":"https:\/\/agrarpetrovic.rs\/en\/proizvod\/sulotaste-forte\/","title":{"rendered":"SULOTASTE FORTE"},"content":{"rendered":"","protected":false},"excerpt":{"rendered":"<table class=\"detailsTable\">\n<tbody>\n<tr>\n<td class=\"label\">Klasa<\/td>\n<td class=\"separator\"><\/td>\n<td class=\"value\">Klasa: \u00d0ubriva<\/td>\n<\/tr>\n<tr>\n<td class=\"label\">Opis<\/td>\n<td class=\"separator\"><\/td>\n<td class=\"value\">Opis: Neorgansko slo\u017eeno \u010dvrsto me\u0161ano NPK \u0111ubrivo sa mikroelementima<\/td>\n<\/tr>\n<tr>\n<td class=\"label\">Proizvo\u0111a\u010d<\/td>\n<td class=\"separator\"><\/td>\n<td class=\"value\">Proizvo\u0111a\u010d: Abu Dhabi Fertilizer Industries Co.W.L.L, UAE<\/td>\n<\/tr>\n<tr>\n<td class=\"label\">Aktivna materija<\/td>\n<td class=\"separator\"><\/td>\n<td class=\"value\">Aktivna materija: NPK<\/td>\n<\/tr>\n<tr>\n<td class=\"label\">Formulacija<\/td>\n<td class=\"separator\"><\/td>\n<td class=\"value\">Formulacija: kristalna vodotopiva \u0111ubriva u zastupstvu<\/td>\n<\/tr>\n<tr>\n<td class=\"label\">Doza\/ koncentracija<\/td>\n<td class=\"separator\"><\/td>\n<td class=\"value\">Doza\/koncetracija: 50 &#8211; 150 kg\/ha<\/td>\n<\/tr>\n<tr>\n<td class=\"label\">Primena<\/td>\n<td class=\"separator\"><\/td>\n<td class=\"value\">Primena: vo\u0107arstvo, vinogradarstvo, povrtarstvo, cve\u0107arstvo<\/td>\n<\/tr>\n<tr>\n<td class=\"label\">Sadr\u017eaj<br \/>\naktivne materije<\/td>\n<td class=\"separator\"><\/td>\n<td class=\"value\">Sadr\u017eaj aktivne materije: N 15%, P 30%, K 15%<\/td>\n<\/tr>\n<tr>\n<td class=\"label\">Pakovanje<\/td>\n<td class=\"separator\"><\/td>\n<td class=\"value\">Pakovanje: 1 kg, 25 kg<\/td>\n<\/tr>\n<\/tbody>\n<\/table>","protected":false},"featured_media":5020,"template":"","meta":[],"product_brand":[],"product_cat":[200,201],"product_tag":[],"class_list":{"0":"post-4990","1":"product","2":"type-product","3":"status-publish","4":"has-post-thumbnail","6":"product_cat-ishrana-bilja","7":"product_cat-vodotopiva-djubriva","9":"first","10":"instock","11":"shipping-taxable","12":"product-type-simple"},"_links":{"self":[{"href":"https:\/\/agrarpetrovic.rs\/en\/wp-json\/wp\/v2\/product\/4990","targetHints":{"allow":["GET"]}}],"collection":[{"href":"https:\/\/agrarpetrovic.rs\/en\/wp-json\/wp\/v2\/product"}],"about":[{"href":"https:\/\/agrarpetrovic.rs\/en\/wp-json\/wp\/v2\/types\/product"}],"wp:featuredmedia":[{"embeddable":true,"href":"https:\/\/agrarpetrovic.rs\/en\/wp-json\/wp\/v2\/media\/5020"}],"wp:attachment":[{"href":"https:\/\/agrarpetrovic.rs\/en\/wp-json\/wp\/v2\/media?parent=4990"}],"wp:term":[{"taxonomy":"product_brand","embeddable":true,"href":"https:\/\/agrarpetrovic.rs\/en\/wp-json\/wp\/v2\/product_brand?post=4990"},{"taxonomy":"product_cat","embeddable":true,"href":"https:\/\/agrarpetrovic.rs\/en\/wp-json\/wp\/v2\/product_cat?post=4990"},{"taxonomy":"product_tag","embeddable":true,"href":"https:\/\/agrarpetrovic.rs\/en\/wp-json\/wp\/v2\/product_tag?post=4990"}],"curies":[{"name":"wp","href":"https:\/\/api.w.org\/{rel}","templated":true}]}}