{"id":5025,"date":"2023-07-13T16:21:41","date_gmt":"2023-07-13T14:21:41","guid":{"rendered":"https:\/\/agrarpetrovic.rs\/?post_type=product&#038;p=5025"},"modified":"2023-07-13T16:22:23","modified_gmt":"2023-07-13T14:22:23","slug":"ranman-top-fungicid","status":"publish","type":"product","link":"https:\/\/agrarpetrovic.rs\/en\/proizvod\/ranman-top-fungicid\/","title":{"rendered":"Ranman Top &#8211; Fungicid"},"content":{"rendered":"<p>Preventivni fungicid za suzbijanje prouzrokova\u010da plamenja\u010de krompira i paradajza<\/p>\n<p>Primena<br \/>\n<strong>Ranman\u00ae Top <\/strong>je sna\u017ena kombinacija aktivne materije cijazofamid i specijalnih a\u0111uvanata. Odli\u010dan fungicid u suzbijanju prouzrokova\u010da plamenja\u010de krompira, paradajza, krastavca i bostana. Cijazofamid kao aktivna materija ima jedinstven mehanizam delovanja, \u010dime predstavlja najbolji alat u antirezistentnoj strategiji. Ranman Top je najbolji preventivni fungicid za za\u0161titu novog porasta. Sa inovativnom TOP formulacijom ravnomerno se raspore\u0111uje na povr\u0161ini lista i stabla kreiraju\u0107i idealan za\u0161titni film. Ranman Top ima odli\u010dnu efikasnost u svim vremenskim uslovima i odli\u010dnu otpornost od spiranja ki\u0161om.<\/p>\n<p>&nbsp;<\/p>\n<table id=\"tablepress-17\" class=\"tablepress tablepress-id-17\">\n<tbody class=\"row-hover\">\n<tr class=\"row-1 odd\">\n<td class=\"column-1\">Aktivna materija<\/td>\n<td class=\"column-2\">cijazofamid 160g\/l<\/td>\n<\/tr>\n<tr class=\"row-2 even\">\n<td class=\"column-1\">Formulacija<\/td>\n<td class=\"column-2\">koncentrovana suspenzija (SC)<\/td>\n<\/tr>\n<tr class=\"row-3 odd\">\n<td class=\"column-1\">Koli\u010dina primene<\/td>\n<td class=\"column-2\">0,5 l\/ha<\/td>\n<\/tr>\n<tr class=\"row-4 even\">\n<td class=\"column-1\">Karenca<\/td>\n<td class=\"column-2\">3 dana paradajz, 7 dana krompir<\/td>\n<\/tr>\n<tr class=\"row-5 odd\">\n<td class=\"column-1\">Pakovanje<\/td>\n<td class=\"column-2\">50ml, 500ml, 1l<\/td>\n<\/tr>\n<\/tbody>\n<\/table>","protected":false},"excerpt":{"rendered":"<p>Klasa: Fungicid<\/p>\n<p>Aktivna materija: cijazofamid 160 g\/l<\/p>\n<p>Formulacija: koncentrovana suspenzija (SC)<\/p>\n<p>Proizvo\u0111a\u010d: Belchim<\/p>","protected":false},"featured_media":5060,"template":"","meta":[],"product_brand":[],"product_cat":[219,226,220],"product_tag":[],"class_list":{"0":"post-5025","1":"product","2":"type-product","3":"status-publish","4":"has-post-thumbnail","6":"product_cat-fungicidi","7":"product_cat-fungicidi-protiv-plamenjace","8":"product_cat-fungicidi-u-povrtarstvu","10":"first","11":"instock","12":"shipping-taxable","13":"product-type-simple"},"_links":{"self":[{"href":"https:\/\/agrarpetrovic.rs\/en\/wp-json\/wp\/v2\/product\/5025","targetHints":{"allow":["GET"]}}],"collection":[{"href":"https:\/\/agrarpetrovic.rs\/en\/wp-json\/wp\/v2\/product"}],"about":[{"href":"https:\/\/agrarpetrovic.rs\/en\/wp-json\/wp\/v2\/types\/product"}],"wp:featuredmedia":[{"embeddable":true,"href":"https:\/\/agrarpetrovic.rs\/en\/wp-json\/wp\/v2\/media\/5060"}],"wp:attachment":[{"href":"https:\/\/agrarpetrovic.rs\/en\/wp-json\/wp\/v2\/media?parent=5025"}],"wp:term":[{"taxonomy":"product_brand","embeddable":true,"href":"https:\/\/agrarpetrovic.rs\/en\/wp-json\/wp\/v2\/product_brand?post=5025"},{"taxonomy":"product_cat","embeddable":true,"href":"https:\/\/agrarpetrovic.rs\/en\/wp-json\/wp\/v2\/product_cat?post=5025"},{"taxonomy":"product_tag","embeddable":true,"href":"https:\/\/agrarpetrovic.rs\/en\/wp-json\/wp\/v2\/product_tag?post=5025"}],"curies":[{"name":"wp","href":"https:\/\/api.w.org\/{rel}","templated":true}]}}