{"id":5027,"date":"2023-07-13T16:21:42","date_gmt":"2023-07-13T14:21:42","guid":{"rendered":"https:\/\/agrarpetrovic.rs\/?post_type=product&#038;p=5027"},"modified":"2023-07-13T16:22:26","modified_gmt":"2023-07-13T14:22:26","slug":"trainer","status":"publish","type":"product","link":"https:\/\/agrarpetrovic.rs\/en\/proizvod\/trainer\/","title":{"rendered":"TRAINER"},"content":{"rendered":"<p><strong>PREDNOSTI<\/strong><br \/>\n\u2022 visok stepen usvajanja biljnih aminokiselina<br \/>\n\u2022 uravnote\u017eeno snabdevanje organskim azotom<br \/>\n\u2022 otpornost na klimatske streseve<br \/>\n\u2022 maksimalna efikasnost i vrlo brzo dejstvo<br \/>\n\u2022 stimulacija rasta biljaka<br \/>\n\u2022 pove\u0107anje veli\u010dine ploda i kvaliteta<br \/>\n\u2022 ve\u0107i prinosi<br \/>\n\u2022 pove\u0107an sadr\u017eaj \u0161e\u0107era u plodu<\/p>\n<p><strong>SASTAV<\/strong><br \/>\nOrganska materija 41%<br \/>\nOrganski azot (N) 5%<br \/>\nBiljne aminokiseline i peptidi 31%<br \/>\nSpecifi\u010dna te\u017eina 1.18 kg\/L<br \/>\npH 4-5<\/p>\n<p><strong>AMINOGRAM<\/strong><br \/>\nAlanin 4.6%<br \/>\nArginin 7.0%<br \/>\nAspartinska kis. 11.7%<br \/>\nCistein 1.0%<br \/>\nGlutaminska kis. 18.0%<br \/>\nGlicin 4.5%<br \/>\nHistidin 2.8%<br \/>\nIzoleucin 4.8%<br \/>\nLeucin 8.0%<br \/>\nLizin 6.0%<br \/>\nMetionin 1.5%<br \/>\nFenilalanin 5.2%<br \/>\nProlin 5.1%<br \/>\nSerin 5.5%<br \/>\nTreonin 4.1%<br \/>\nTriptofan 1.2%<br \/>\nTirozin 3.9%<br \/>\nValin 5.1%<\/p>\n<p>\u2022\u00a0<strong>ANTISTRES DEJSTVO<\/strong>: poma\u017ee biljci tokom bilo kakvog stresa (izrazita vru\u0107ina i hladno\u0107a, mala osvetljenost, o\u0161te\u0107enje, itd.)<br \/>\n\u2022\u00a0<strong>BIOSTIMULATIVNO DEJSTVO:<\/strong>\u00a0podpoma\u017ee rast biljke i olak\u0161ava najosetljivije faze razvoja (rast, formiranje plodova i njihov rast, itd.)<br \/>\n\u2022\u00a0<strong>HRANJIVO DEJSTVO:<\/strong>\u00a0idealan je dodatak za tradicionalno \u0111ubrenje da bi se dobili visoki prinosi i kvalitetni rezultati, zahvaljuju\u0107i biolo\u0161ki aktivnim supstancama (aminokiseline, vitamini) koji podpoma\u017eu fotosintezu i fiziologiju biljaka.<\/p>\n<p><strong>PRIMENA I DOZIRANJE<\/strong><br \/>\nTRAINER je te\u010dno organsko azotno \u0111ubrivo za folijarnu primenu.<br \/>\nNa\u010din primene se odre\u0111uje na osnovu zahteva i nutricionog stanja useva.<br \/>\nU standardnim uslovima:<\/p>\n<p><strong>KOMPATIBILNOST<\/strong><br \/>\nTRAINER se mo\u017ee me\u0161ati se ve\u0107inom pesticida i \u0111ubriva na tr\u017ei\u0161tu. Ne me\u0161ati sa belim uljima, insekticidima i fungicidima baziranim na ulju i Dodin-om.<br \/>\nPre upotrebe se preporu\u010duje testiranje na maloj povr\u0161ini.POGODAN ZA ORGANSKU PROIZVODNJU.<br \/>\nTrainer je OMRI SERTIFIKOVANO \u0111ubrivo.<\/p>\n<p><strong>KVALITET, VREDNOST I SIGURNOST ZA ZDRAVLJE<\/strong><br \/>\nItalpollina koristi samo sertifikovne biljne sirovine, koje nisu genetski modifikovane, bez te\u0161kih metala (kadmijum, arsen&#8230;) i drugih zaga\u0111iva\u010da. Nikada ne koristimo \u017eivotinjske ostatke za industrijsku obradu. Sve organske supstance TRENERA su biolo\u0161ki aktivne.<\/p>","protected":false},"excerpt":{"rendered":"<p><strong>TRAINER<\/strong>\u00a0je te\u010dno organsko azotno \u0111ubrivo za folijarnu primenu. Prisutnost organskog azota omogu\u0107ava da proizvod bude energetski aktivan u razvoju biljaka, poma\u017eu\u0107i tako\u0111e prevazila\u017eenje klimatskih stresnih situacija.<\/p>\n<p>Ovaj proizvod se koristi u:\u00a0<strong>VO\u0106ARSTVU, VINOGRADARSTVU, POVRTARSTVU, RATARSTVU<\/strong><\/p>\n<p><strong>TRAINER<\/strong>\u00a0se brzo absorbuje preko lista i translocira se u tkivu biljke i u roku od nekoliko sati mo\u017ee da izvr\u0161i svoje dejstvo u biljci.<\/p>\n<p>100%\u00a0<strong>BILJNE AMINOKISELINE<\/strong>\u00a0bez aminokiselina \u017eivotinjskog porekla!<\/p>\n<p><strong>Folijarna primena:<\/strong>\u00a0150 &#8211; 350 ml\/100l vode<\/p>\n<p>za 2-4 tretmana tokom vegetativnog ciklusa u zavisnosti<br \/>\nod vrste useva, agronomskih uslova proizvodnje i nutritivnih potreba biljke.<br \/>\nPreporu\u010duje se tretman u hladnijem delu dana (ujutro ili uve\u010de) da bi se potpomogla<br \/>\nmaksimalna absorbcija od strane biljke i dobila najbolja u\u010dinkovitost.<\/p>\n<p><strong>PAKOVANJE:<\/strong><br \/>\n100 ml<br \/>\n250 ml<br \/>\n1 lit<br \/>\n5 lit<\/p>\n<p>&nbsp;<\/p>","protected":false},"featured_media":5062,"template":"","meta":[],"product_brand":[],"product_cat":[307,200],"product_tag":[],"class_list":{"0":"post-5027","1":"product","2":"type-product","3":"status-publish","4":"has-post-thumbnail","6":"product_cat-folijarna-djubriva","7":"product_cat-ishrana-bilja","9":"first","10":"instock","11":"shipping-taxable","12":"product-type-simple"},"_links":{"self":[{"href":"https:\/\/agrarpetrovic.rs\/en\/wp-json\/wp\/v2\/product\/5027","targetHints":{"allow":["GET"]}}],"collection":[{"href":"https:\/\/agrarpetrovic.rs\/en\/wp-json\/wp\/v2\/product"}],"about":[{"href":"https:\/\/agrarpetrovic.rs\/en\/wp-json\/wp\/v2\/types\/product"}],"wp:featuredmedia":[{"embeddable":true,"href":"https:\/\/agrarpetrovic.rs\/en\/wp-json\/wp\/v2\/media\/5062"}],"wp:attachment":[{"href":"https:\/\/agrarpetrovic.rs\/en\/wp-json\/wp\/v2\/media?parent=5027"}],"wp:term":[{"taxonomy":"product_brand","embeddable":true,"href":"https:\/\/agrarpetrovic.rs\/en\/wp-json\/wp\/v2\/product_brand?post=5027"},{"taxonomy":"product_cat","embeddable":true,"href":"https:\/\/agrarpetrovic.rs\/en\/wp-json\/wp\/v2\/product_cat?post=5027"},{"taxonomy":"product_tag","embeddable":true,"href":"https:\/\/agrarpetrovic.rs\/en\/wp-json\/wp\/v2\/product_tag?post=5027"}],"curies":[{"name":"wp","href":"https:\/\/api.w.org\/{rel}","templated":true}]}}