{"id":5031,"date":"2023-07-13T16:21:42","date_gmt":"2023-07-13T14:21:42","guid":{"rendered":"https:\/\/agrarpetrovic.rs\/?post_type=product&#038;p=5031"},"modified":"2023-07-13T16:22:41","modified_gmt":"2023-07-13T14:22:41","slug":"panorama-bio-plus","status":"publish","type":"product","link":"https:\/\/agrarpetrovic.rs\/en\/proizvod\/panorama-bio-plus\/","title":{"rendered":"PANORAMA BIO PLUS"},"content":{"rendered":"","protected":false},"excerpt":{"rendered":"<p>SASTAV: Rizosferne bakterije i spore Mikoriznih gljiva<\/p>\n<p>PRIMENA: Rizosferni mikroorganizmi obuhvataju specifi\u010dno odabrane rodove mikroorganizama, koji svojim dejstvima obezbe\u0111uju \u0161irok spektar mehanizama koji stimuli\u0161u rast biljaka. Proizvode strukturno razli\u010dite antibiotike, brzo kolonizuju koren biljaka i imaju sposobnost da se umno\u017eavaju na korenu. Indukuju sistemsku otpornost biljaka proizvodnjom isparljivih organskih jedinjenja i uti\u010du na rast i razvoj korena proizvodnjom fitohormona i ekstracelularnih enzima. Smanjuju nivo etilena u biljkama. U rizosferni sloj zemlji\u0161ta izlu\u010duju auksine, peptide male molekulske mase, isparljive i druge sekundarne metabolite koji uti\u010du na grananje korena, pove\u0107anje kapaciteta usvajanja hranljivih materija, \u0161to za rezultat ima bolji i ravnomerniji porast gajenih biljaka, a samim tim i vi\u0161i i kvalitetniji prinos.<\/p>\n<p>KOLI\u010cINA PRIMENE:<br \/>\nZa sve useve- 500g do 1000g\/ha u 200-400l vode, optimalno 1-3 puta u toku vegetacije u zavisnosti od useva.<br \/>\nAktivacija pre upotrebe (4-6sati), za aktivaciju mo\u017ee da se mogu koristiti te\u010dna organska \u0111ubriva, kao i proste \u0161e\u0107ere u razmeri 1:1 sa Panoramom<br \/>\nMo\u017ee se koristiti za inokilaciju semena i rasada,tretiranjem preko zemlji\u0161ta po celoj povr\u0161ini ili preko sistema irigacije<\/p>","protected":false},"featured_media":5073,"template":"","meta":[],"product_brand":[],"product_cat":[296,303,202],"product_tag":[],"class_list":{"0":"post-5031","1":"product","2":"type-product","3":"status-publish","4":"has-post-thumbnail","6":"product_cat-biopesticidi","7":"product_cat-mikrobioloska-djubriva","8":"product_cat-zastita-bilja","10":"first","11":"instock","12":"shipping-taxable","13":"product-type-simple"},"_links":{"self":[{"href":"https:\/\/agrarpetrovic.rs\/en\/wp-json\/wp\/v2\/product\/5031","targetHints":{"allow":["GET"]}}],"collection":[{"href":"https:\/\/agrarpetrovic.rs\/en\/wp-json\/wp\/v2\/product"}],"about":[{"href":"https:\/\/agrarpetrovic.rs\/en\/wp-json\/wp\/v2\/types\/product"}],"wp:featuredmedia":[{"embeddable":true,"href":"https:\/\/agrarpetrovic.rs\/en\/wp-json\/wp\/v2\/media\/5073"}],"wp:attachment":[{"href":"https:\/\/agrarpetrovic.rs\/en\/wp-json\/wp\/v2\/media?parent=5031"}],"wp:term":[{"taxonomy":"product_brand","embeddable":true,"href":"https:\/\/agrarpetrovic.rs\/en\/wp-json\/wp\/v2\/product_brand?post=5031"},{"taxonomy":"product_cat","embeddable":true,"href":"https:\/\/agrarpetrovic.rs\/en\/wp-json\/wp\/v2\/product_cat?post=5031"},{"taxonomy":"product_tag","embeddable":true,"href":"https:\/\/agrarpetrovic.rs\/en\/wp-json\/wp\/v2\/product_tag?post=5031"}],"curies":[{"name":"wp","href":"https:\/\/api.w.org\/{rel}","templated":true}]}}