{"id":5032,"date":"2023-07-13T16:21:42","date_gmt":"2023-07-13T14:21:42","guid":{"rendered":"https:\/\/agrarpetrovic.rs\/?post_type=product&#038;p=5032"},"modified":"2023-07-13T16:22:41","modified_gmt":"2023-07-13T14:22:41","slug":"bakter-sol-n","status":"publish","type":"product","link":"https:\/\/agrarpetrovic.rs\/en\/proizvod\/bakter-sol-n\/","title":{"rendered":"BAKTER SOL N"},"content":{"rendered":"<p>Baktersol N sintetizuje veoma va\u017ene biolo\u0161ki aktivne supstance, proizvodi organske kiseline koje razla\u017eu fosfate, vri\u0161i aeraciju zemlji\u0161ta, sinteti\u0161e veliku koli\u010dinu organske materije, kao i fitohormone i vitamine \u010dime <strong>stimuli\u0161e rast biljaka<\/strong>. Mo\u017ee pomo\u0107i u prevo\u0111enju neplodnog u plodno zemlji\u0161te u toku du\u017eeg perioda upotrebe. Tako\u0111e, olak\u0161ava mobilnost te\u0161kih metala i time pove\u0107ava bioremedijaciju zemlji\u0161ta od te\u0161kih metala, kao \u0161to su kadmijum, \u017eiva, olovo i drugi.<\/p>\n<p>Kao\u00a0<strong>azotofiksator<\/strong>, Baktersol N mo\u017ee biti veoma koristan dodatak, a u nekim slu\u010dajevima i\u00a0<strong>zamena klasi\u010dnim azotnim \u0111ubrivima<\/strong>, osiguravaju\u0107i pove\u0107anje prinosa.<\/p>\n<p>Primenjuje se folijarno ili zemlji\u0161no u gajenju svih biljnih kultura u periodu od oko mesec dana pre najizra\u017eenije potrebe biljke za azotom.<\/p>","protected":false},"excerpt":{"rendered":"<p>Mikrobiolo\u0161ko \u0111ubrivo Baktersol N \u010dine <strong>SLOBODNI AZOTOFIKSATORI<\/strong>, zasnovani na pa\u017eljivo odabranim selekcijama korisnih azotnih bakterija iz prirode. Svojim jedinstvenim metabolizmom produkuju enzime koji aktivno prevode atmosferski azot u amonija\u010dni\/nitratni oblik, fiksiraju ga u zemlji\u0161tu i time omogu\u0107uju biljci da ga usvoji. Na ovaj na\u010din biljka se mo\u017ee snabdeti i sa<strong>\u00a0preko 60kg azota po hektaru<\/strong>.<\/p>","protected":false},"featured_media":5074,"template":"","meta":[],"product_brand":[],"product_cat":[200,303,299],"product_tag":[],"class_list":{"0":"post-5032","1":"product","2":"type-product","3":"status-publish","4":"has-post-thumbnail","6":"product_cat-ishrana-bilja","7":"product_cat-mikrobioloska-djubriva","8":"product_cat-oplemenjivaci-zemljista","10":"first","11":"instock","12":"shipping-taxable","13":"product-type-simple"},"_links":{"self":[{"href":"https:\/\/agrarpetrovic.rs\/en\/wp-json\/wp\/v2\/product\/5032","targetHints":{"allow":["GET"]}}],"collection":[{"href":"https:\/\/agrarpetrovic.rs\/en\/wp-json\/wp\/v2\/product"}],"about":[{"href":"https:\/\/agrarpetrovic.rs\/en\/wp-json\/wp\/v2\/types\/product"}],"wp:featuredmedia":[{"embeddable":true,"href":"https:\/\/agrarpetrovic.rs\/en\/wp-json\/wp\/v2\/media\/5074"}],"wp:attachment":[{"href":"https:\/\/agrarpetrovic.rs\/en\/wp-json\/wp\/v2\/media?parent=5032"}],"wp:term":[{"taxonomy":"product_brand","embeddable":true,"href":"https:\/\/agrarpetrovic.rs\/en\/wp-json\/wp\/v2\/product_brand?post=5032"},{"taxonomy":"product_cat","embeddable":true,"href":"https:\/\/agrarpetrovic.rs\/en\/wp-json\/wp\/v2\/product_cat?post=5032"},{"taxonomy":"product_tag","embeddable":true,"href":"https:\/\/agrarpetrovic.rs\/en\/wp-json\/wp\/v2\/product_tag?post=5032"}],"curies":[{"name":"wp","href":"https:\/\/api.w.org\/{rel}","templated":true}]}}