{"id":5033,"date":"2023-07-13T16:21:42","date_gmt":"2023-07-13T14:21:42","guid":{"rendered":"https:\/\/agrarpetrovic.rs\/?post_type=product&#038;p=5033"},"modified":"2023-07-13T16:22:42","modified_gmt":"2023-07-13T14:22:42","slug":"baktersol-p","status":"publish","type":"product","link":"https:\/\/agrarpetrovic.rs\/en\/proizvod\/baktersol-p\/","title":{"rendered":"BAKTERSOL P"},"content":{"rendered":"<p>Fosfor je jedan od najva\u017enijih hranljivih elemenata, \u010diji nedostatak direktno uti\u010de na umanjen rast i razvoj biljaka. Ukupna efikasnost upotrebe ve\u0161ta\u010dkih fosfornih \u0111ubriva je niska, jer veliki deo ovako unetog fosfora ostaje trajno blokiran u zemlji\u0161tu i samim tim nedostupan u biljnoj ishrani.\u00a0<strong>Mikroorganizmi<\/strong>\u00a0u Baktersol P igraju zna\u010dajnu ulogu u olak\u0161avanju rastvaranja fosfora i njegovom lak\u0161em usvajanju od strane biljaka i veoma su\u00a0<strong>po\u017eeljni kao sastavni deo zemlji\u0161ta<\/strong>. Poma\u017eu u osloba\u0111anju bogatstva organskog i neorganskog fosfora koji se nalazi u zemlji\u0161tu, kroz rastvaranje i mineralizuju, pru\u017eaju\u0107i biljkama neophodan elemenat ishrane.<\/p>\n<p>Baktersol P se primenjuje zemlji\u0161no u gajenju svih biljnih kultura. Po\u017eeljno je primeniti ga pre osnovne obrade zemlji\u0161ta, zaorati ga, kako bi se \u0161to\u00a0<strong>efikasnije mineralizovali organski \u017eetveni ostaci<\/strong>, a mo\u017ee se primeniti i izme\u0111u operacija (setvospremanje, krimliranje, tanjiranje itd.) koje prethode setvi.<\/p>","protected":false},"excerpt":{"rendered":"<h2>STIMULATOR RASTA<br \/>\nBOLJIM UNOSOM FOSFORA BILJKE SU ZDRAVIJE,<br \/>\nOTPORNIJE NA STRES I IMAJU BOLJI RAST<\/h2>\n<p>Mikrobiolo\u0161ko \u0111ubrivo Baktersol P zasnovano je na pa\u017eljivo odabranim selekcijma korisnih bakterija iz prirode \u2013\u00a0<strong>RAZLAGA\u010cIMA FOSFORA<\/strong>. Organski produkti metabolizma ovih bakterija su mle\u010dna, glukonska, limunska i \u0107ilibarska kiselina, antibiotik polymyxin, beta-amilaze i ostali metaboliti, koji\u00a0<strong>poma\u017eu rastvaranju<\/strong>\u00a0<strong>blokiranog fosfora<\/strong>, kako bi ga u\u010dinili usvojivim za biljku.<\/p>","protected":false},"featured_media":5075,"template":"","meta":[],"product_brand":[],"product_cat":[200,303,299],"product_tag":[],"class_list":{"0":"post-5033","1":"product","2":"type-product","3":"status-publish","4":"has-post-thumbnail","6":"product_cat-ishrana-bilja","7":"product_cat-mikrobioloska-djubriva","8":"product_cat-oplemenjivaci-zemljista","10":"first","11":"instock","12":"shipping-taxable","13":"product-type-simple"},"_links":{"self":[{"href":"https:\/\/agrarpetrovic.rs\/en\/wp-json\/wp\/v2\/product\/5033","targetHints":{"allow":["GET"]}}],"collection":[{"href":"https:\/\/agrarpetrovic.rs\/en\/wp-json\/wp\/v2\/product"}],"about":[{"href":"https:\/\/agrarpetrovic.rs\/en\/wp-json\/wp\/v2\/types\/product"}],"wp:featuredmedia":[{"embeddable":true,"href":"https:\/\/agrarpetrovic.rs\/en\/wp-json\/wp\/v2\/media\/5075"}],"wp:attachment":[{"href":"https:\/\/agrarpetrovic.rs\/en\/wp-json\/wp\/v2\/media?parent=5033"}],"wp:term":[{"taxonomy":"product_brand","embeddable":true,"href":"https:\/\/agrarpetrovic.rs\/en\/wp-json\/wp\/v2\/product_brand?post=5033"},{"taxonomy":"product_cat","embeddable":true,"href":"https:\/\/agrarpetrovic.rs\/en\/wp-json\/wp\/v2\/product_cat?post=5033"},{"taxonomy":"product_tag","embeddable":true,"href":"https:\/\/agrarpetrovic.rs\/en\/wp-json\/wp\/v2\/product_tag?post=5033"}],"curies":[{"name":"wp","href":"https:\/\/api.w.org\/{rel}","templated":true}]}}