{"id":5034,"date":"2023-07-13T16:21:42","date_gmt":"2023-07-13T14:21:42","guid":{"rendered":"https:\/\/agrarpetrovic.rs\/?post_type=product&#038;p=5034"},"modified":"2023-07-13T16:22:42","modified_gmt":"2023-07-13T14:22:42","slug":"baktersol-k","status":"publish","type":"product","link":"https:\/\/agrarpetrovic.rs\/en\/proizvod\/baktersol-k\/","title":{"rendered":"BAKTERSOL K"},"content":{"rendered":"<p>Bakterije sadr\u017eane u Baktersol K aktiviraju se i multiplikuju zahvaljuju\u0107i ugljeniku ili eksudatu korena i u ovom procesu lu\u010de organske kiseline i enzime. Ovi produkti metabolizma mikroorganizama uti\u010du na pove\u0107anje mobilnosti kalijuma.<\/p>\n<p>Iako ne ulazi u organska jedinjenja biljaka, kalijum je jedan od najzna\u010dajnijih elemenata, koji igra veoma va\u017enu ulogu u biljnoj proizvodnji. Efikasnost upotrebe ve\u0161ta\u010dkih \u0111ubriva koja sadr\u017ee kalijum su ograni\u010dena, jer velika koli\u010dina ovako unetog kalijuma ostaje blokirana u zemlji\u0161tu i nedostupna biljkama. Organske kiseline i enzimi koji nastaju kao produkt upotrebe Baktersol K\u00a0<strong>\u010dine blokiran kalijum dostupnim<\/strong>\u00a0i omogu\u0107avaju pove\u0107an<strong>\u00a0prinos i bolji kvalitet<\/strong>\u00a0gajenih biljaka.<\/p>\n<p>Baktersol K se primenjuje zemlji\u0161no u gajenju svih biljnih kultura. Po\u017eeljno je primeniti ga\u00a0<strong>pre osnovne obrade zemlji\u0161ta<\/strong>, zaorati ga, a mo\u017ee se primeniti i izme\u0111u operacija (setvospremanje, krimliranje, tanjiranje itd.) koje prethode setvi.<\/p>","protected":false},"excerpt":{"rendered":"<p>Mikrobiolo\u0161ko \u0111ubrivo koje slu\u017ei za<strong>\u00a0MOBILIZACIJU KALIJUMA<\/strong>. Baktersol K je proizveden od pa\u017eljivo selektovanih korisnih bakterija iz prirode. Sadr\u017ei vegetativne \u0107elije.<\/p>","protected":false},"featured_media":5076,"template":"","meta":[],"product_brand":[],"product_cat":[200,303,299],"product_tag":[],"class_list":{"0":"post-5034","1":"product","2":"type-product","3":"status-publish","4":"has-post-thumbnail","6":"product_cat-ishrana-bilja","7":"product_cat-mikrobioloska-djubriva","8":"product_cat-oplemenjivaci-zemljista","10":"first","11":"instock","12":"shipping-taxable","13":"product-type-simple"},"_links":{"self":[{"href":"https:\/\/agrarpetrovic.rs\/en\/wp-json\/wp\/v2\/product\/5034","targetHints":{"allow":["GET"]}}],"collection":[{"href":"https:\/\/agrarpetrovic.rs\/en\/wp-json\/wp\/v2\/product"}],"about":[{"href":"https:\/\/agrarpetrovic.rs\/en\/wp-json\/wp\/v2\/types\/product"}],"wp:featuredmedia":[{"embeddable":true,"href":"https:\/\/agrarpetrovic.rs\/en\/wp-json\/wp\/v2\/media\/5076"}],"wp:attachment":[{"href":"https:\/\/agrarpetrovic.rs\/en\/wp-json\/wp\/v2\/media?parent=5034"}],"wp:term":[{"taxonomy":"product_brand","embeddable":true,"href":"https:\/\/agrarpetrovic.rs\/en\/wp-json\/wp\/v2\/product_brand?post=5034"},{"taxonomy":"product_cat","embeddable":true,"href":"https:\/\/agrarpetrovic.rs\/en\/wp-json\/wp\/v2\/product_cat?post=5034"},{"taxonomy":"product_tag","embeddable":true,"href":"https:\/\/agrarpetrovic.rs\/en\/wp-json\/wp\/v2\/product_tag?post=5034"}],"curies":[{"name":"wp","href":"https:\/\/api.w.org\/{rel}","templated":true}]}}