{"id":5038,"date":"2023-07-13T16:21:42","date_gmt":"2023-07-13T14:21:42","guid":{"rendered":"https:\/\/agrarpetrovic.rs\/?post_type=product&#038;p=5038"},"modified":"2023-07-13T16:22:48","modified_gmt":"2023-07-13T14:22:48","slug":"nervasol","status":"publish","type":"product","link":"https:\/\/agrarpetrovic.rs\/en\/proizvod\/nervasol\/","title":{"rendered":"NERVASOL"},"content":{"rendered":"<p><strong>DELOVANJE:<\/strong><\/p>\n<p>Visok procenat humifikovane organske materije u NERVOSOL-u, vrlo brzo obezbe\u0111uje intenzivnu mikrobiolo\u0161ku aktivnost u zemlji\u0161tu<\/p>\n<p>Zahvaljuju\u0107i specifi\u010dnom na\u010dinu proizvodnje i sastavu, sa NERVOSOL-om se posti\u017ee bolji efekat nego sa stajnjakom<\/p>\n<p>Ne sadr\u017ei korove, niti sli\u010dne primese<\/p>\n<p><strong>PREPORU\u010cENE KOLI\u010cINE PRIMENE:<\/strong><\/p>\n<p>U ratarstvu do 500kg\/ha<br \/>\nU vo\u0107arstvu, povrtarstvu i hortikulturi od 500-1000kg\/ha<\/p>","protected":false},"excerpt":{"rendered":"<p><strong>KONCENTROVANO, PELETIRANO<br \/>\n100% ORGANSKO \u0110UBRIVO<\/strong><\/p>\n<p><strong>SASTAV:<\/strong><\/p>\n<p>N &#8211; azot (organski) 4%<br \/>\nP &#8211; fosfor (P2O5) 3%<br \/>\nK &#8211; kalijum (K2O) 4%<br \/>\nC organski 30%<br \/>\npH 6,5<\/p>\n<p>Nervosol je proizveden od konjskog i \u017eivinskog stajnjaka<\/p>\n<p>Dugotrajnim odle\u017eavanjem (5-6 meseci), tzv. &#8222;hladnim&#8220; tehnolo\u0161kim proizvodnim postupkom, prilikom kojeg se elimini\u0161u patogeni i seme korova, u NERVOSOL-u je sa\u010duvana i pove\u0107ana mikrobiolo\u0161ka aktivnost<\/p>","protected":false},"featured_media":5080,"template":"","meta":[],"product_brand":[],"product_cat":[200,284],"product_tag":[],"class_list":{"0":"post-5038","1":"product","2":"type-product","3":"status-publish","4":"has-post-thumbnail","6":"product_cat-ishrana-bilja","7":"product_cat-organska-djubriva","9":"first","10":"instock","11":"shipping-taxable","12":"product-type-simple"},"_links":{"self":[{"href":"https:\/\/agrarpetrovic.rs\/en\/wp-json\/wp\/v2\/product\/5038","targetHints":{"allow":["GET"]}}],"collection":[{"href":"https:\/\/agrarpetrovic.rs\/en\/wp-json\/wp\/v2\/product"}],"about":[{"href":"https:\/\/agrarpetrovic.rs\/en\/wp-json\/wp\/v2\/types\/product"}],"wp:featuredmedia":[{"embeddable":true,"href":"https:\/\/agrarpetrovic.rs\/en\/wp-json\/wp\/v2\/media\/5080"}],"wp:attachment":[{"href":"https:\/\/agrarpetrovic.rs\/en\/wp-json\/wp\/v2\/media?parent=5038"}],"wp:term":[{"taxonomy":"product_brand","embeddable":true,"href":"https:\/\/agrarpetrovic.rs\/en\/wp-json\/wp\/v2\/product_brand?post=5038"},{"taxonomy":"product_cat","embeddable":true,"href":"https:\/\/agrarpetrovic.rs\/en\/wp-json\/wp\/v2\/product_cat?post=5038"},{"taxonomy":"product_tag","embeddable":true,"href":"https:\/\/agrarpetrovic.rs\/en\/wp-json\/wp\/v2\/product_tag?post=5038"}],"curies":[{"name":"wp","href":"https:\/\/api.w.org\/{rel}","templated":true}]}}