{"id":5040,"date":"2023-07-13T16:21:42","date_gmt":"2023-07-13T14:21:42","guid":{"rendered":"https:\/\/agrarpetrovic.rs\/?post_type=product&#038;p=5040"},"modified":"2023-07-13T16:22:52","modified_gmt":"2023-07-13T14:22:52","slug":"italpolina-4-4-4","status":"publish","type":"product","link":"https:\/\/agrarpetrovic.rs\/en\/proizvod\/italpolina-4-4-4\/","title":{"rendered":"ITALPOLINA 4-4-4"},"content":{"rendered":"<p>Posebna vrsta \u0111ubriva sa zna\u010dajnom koli\u010dinom huminskih, fulvinskih i amino kiselina, koje rastvaraju mineralne materije u zemlji\u0161tu. Pomo\u0107u ovih organskih kiselina korenov sistem biljaka mo\u017ee da iskoristi ve\u0107u koli\u010dinu mineralnih materija. Tokom kori\u0161\u0107enja ITALPOLLINA 4:4:4 ne javljaju se simptomi nedostatka hranljivih elemenata u biljci.<\/p>\n<p>Kori\u0161\u0107enjem ITALPOLLINA 4:4:4 smanjuju se tro\u0161kovi (manje koli\u010dine mineralnih \u0111ubriva), a pove\u0107avaju se prinosi i njihov kvalitet. Pove\u0107ava se otpornost biljaka na stres, otpornost na niske temperature, cvet i plod imaju intenzivniju boju i plodovi su ukusniji. Smanjenje koli\u010dina mineralnih \u0111ubriva u zemlji\u0161tu ima pozitivan efekat, jer se spre\u010dava njegovo zasoljavanje.<\/p>\n<p>,,Ishrana je pola za\u0161tite\u201c nije samo floskula, ve\u0107 velika istina koja se nebrojeno puta potvrdila u praksi. Ustaljen na\u010din ishrane i agrotehnike bez povremene analize zemlji\u0161ta, dovodi do degradacije zemlji\u0161ta. To zna\u010di promenu fizi\u010dkih, hemijskih i biolo\u0161kih svojstava zemlji\u0161ta (iscrpljivanje), ali i pove\u0107anje prisustva odre\u0111enih bolesti i \u0161teto\u010dina.<\/p>\n<p>To ,,iscrpivljanje\u201c odnosi se najpre na smanjenje procenta HUMUS-a u zemlji\u0161tu, izno\u0161enje hranljivih makro i mikro elementa iz zemlji\u0161ta, pove\u0107anje drugih koje biljka ne koristi u dovoljnoj meri, njihovo talo\u017eenje, a kasnije i blokiranje nekih biogenih elemenata.<br \/>\nUpotreba ,,zrelog\u201c tj. ,,dobro zgorelog\u201c stajnjaka je nezamenjiva mera u proizvodnji gotovo svih biljnih kultura, da bi se postigao visok prinos i kvalitet. Do pre petnaest, dvadeset godina, kvalitetan,, zgoreo\u201c stajnjak je bio relativno lako dostupan, ali smanjenjem sto\u010dnog fonda, smanjila se i koli\u010dina stajnjaka na ovim prostorima.<\/p>\n<p>Kao pomo\u0107 u prevazila\u017eenju nedostatka kvalitetnog i dobro zgorelog stajnjaka, firma HOYA V.S. proizvo\u0111a\u010dima nudi peletirano organsko \u0111ubrivo ITALPOLLINA 4:4:4 od najpoznatijeg i najve\u0107eg svetskog proizvo\u0111a\u010da organskih \u0111ubriva, kompanije Italpollina iz Italije.<br \/>\nITALPOLLINA 4:4:4 je peletirano organsko \u0111ubrivo u kome je pored dehidriranog perja, huminskih kiselina, guana, jedna od sirovina pile\u0107i stajnjak (nema semena korova).<\/p>\n<p>Za\u0161to ba\u0161 ITALPOLLINA 4:4:4, a ne neko drugo peletirano organsko \u0111ubrivo?<br \/>\nKoncentracija od preko 1.000.000 korisnih bakterija\/gr u \u0111ubrivu ITALPOLLINA 4:4:4 je ono \u0161to izdvaja ovo \u0111ubrivo od svih ostalih konkurentskih proizvoda na tr\u017ei\u0161tu. Posebno nagla\u0161avamo ulogu u popravljanju biolo\u0161kog sastava zemlji\u0161ta, \u0161to je i najva\u017eniji razlog uno\u0161enja ITALPOLLINA 4:4:4 u zemlji\u0161te.<\/p>\n<p>Korisni mikroorganizmi:<br \/>\n1. Oporavljaju zemlji\u0161te,<br \/>\n2. Osloba\u0111aju blokirana hraniva koja su se godinama talo\u017eila u zemlji\u0161tu,<br \/>\n3. Pobolj\u0161avaju mehani\u010dki sastav zemlji\u0161ta,<br \/>\n4. Pove\u0107avaju % humusa<br \/>\n&#8230;, jednom re\u010dju ,,vra\u0107aju \u017eivot zemlji\u0161tu\u201c<\/p>\n<p>Upotreba mineralnih \u0111ubriva u ishrani biljaka je neophodna, ali njihova upotreba bez uno\u0161enja organske materije, dugoro\u010dno mo\u017ee izazvati brojne probleme sa nesagledivim posledicama.<\/p>","protected":false},"excerpt":{"rendered":"<h4>SASTAV<\/h4>\n<p>Ukupan azot (N)\u00a0\u00a0\u00a0\u00a0\u00a0\u00a0\u00a0\u00a0\u00a0\u00a0\u00a0\u00a0\u00a0\u00a0\u00a0\u00a0\u00a0\u00a0\u00a0\u00a0\u00a0\u00a0\u00a0\u00a0\u00a0\u00a0\u00a0\u00a0\u00a0\u00a0\u00a0\u00a0\u00a0\u00a0\u00a0 4%<br \/>\nUkupan fosfor (P2O2)\u00a0\u00a0\u00a0\u00a0\u00a0\u00a0\u00a0\u00a0\u00a0\u00a0\u00a0\u00a0\u00a0\u00a0\u00a0\u00a0\u00a0\u00a0\u00a0\u00a0\u00a0\u00a0\u00a0 \u00a0\u00a0 4%<br \/>\nKalijum (K2O2)\u00a0\u00a0\u00a0\u00a0\u00a0\u00a0\u00a0\u00a0\u00a0\u00a0\u00a0\u00a0\u00a0\u00a0\u00a0\u00a0\u00a0\u00a0\u00a0\u00a0\u00a0\u00a0\u00a0\u00a0\u00a0\u00a0\u00a0\u00a0\u00a0\u00a0\u00a0\u00a0\u00a0 \u00a0 \u00a0 4%<br \/>\nVodorastvorljiv magnezijum (MgO)\u00a0\u00a0 \u00a0 0,5%<br \/>\nVodorastvorljivo gvo\u017e\u0111e (Fe)\u00a0\u00a0\u00a0\u00a0\u00a0\u00a0\u00a0\u00a0\u00a0\u00a0 \u00a0 \u00a0 0,8%<br \/>\nVodorastvorljiv bor (B)\u00a0\u00a0\u00a0\u00a0\u00a0\u00a0\u00a0\u00a0\u00a0\u00a0\u00a0\u00a0\u00a0\u00a0\u00a0\u00a0\u00a0\u00a0\u00a0\u00a0\u00a0\u00a0\u00a0\u00a0 0,2%<br \/>\nUgljenik u organskom obliku (C)\u00a0\u00a0\u00a0\u00a0\u00a0\u00a0\u00a0 \u00a0 41%<br \/>\nOrganske materije\u00a0\u00a0\u00a0\u00a0\u00a0\u00a0\u00a0\u00a0\u00a0\u00a0\u00a0\u00a0\u00a0\u00a0\u00a0\u00a0\u00a0\u00a0\u00a0\u00a0\u00a0\u00a0\u00a0\u00a0\u00a0\u00a0\u00a0\u00a0\u00a0 70,7%<br \/>\nHuminske kiseline\u00a0\u00a0\u00a0\u00a0\u00a0\u00a0\u00a0\u00a0\u00a0\u00a0\u00a0\u00a0\u00a0\u00a0\u00a0\u00a0\u00a0\u00a0\u00a0\u00a0\u00a0\u00a0\u00a0\u00a0\u00a0\u00a0\u00a0 \u00a0 \u00a0\u00a0\u00a0\u00a0 5%<br \/>\nFulvinske kiseline\u00a0\u00a0\u00a0\u00a0\u00a0\u00a0\u00a0\u00a0\u00a0\u00a0\u00a0\u00a0\u00a0\u00a0\u00a0\u00a0\u00a0\u00a0\u00a0\u00a0\u00a0\u00a0\u00a0\u00a0\u00a0\u00a0\u00a0\u00a0\u00a0 \u00a0 \u00a0 12%<br \/>\nVlaga\u00a0\u00a0\u00a0\u00a0\u00a0\u00a0\u00a0\u00a0\u00a0\u00a0\u00a0\u00a0\u00a0\u00a0\u00a0\u00a0\u00a0\u00a0\u00a0\u00a0\u00a0\u00a0\u00a0\u00a0\u00a0\u00a0\u00a0\u00a0\u00a0\u00a0\u00a0\u00a0\u00a0\u00a0\u00a0\u00a0\u00a0\u00a0\u00a0\u00a0\u00a0\u00a0\u00a0\u00a0\u00a0\u00a0\u00a0\u00a0\u00a0 \u00a0\u00a0 12%<br \/>\npH vrednost\u00a0\u00a0\u00a0\u00a0\u00a0\u00a0\u00a0\u00a0\u00a0\u00a0\u00a0\u00a0\u00a0\u00a0\u00a0\u00a0\u00a0\u00a0\u00a0\u00a0\u00a0\u00a0\u00a0\u00a0\u00a0\u00a0\u00a0\u00a0\u00a0\u00a0\u00a0\u00a0\u00a0\u00a0\u00a0\u00a0\u00a0\u00a0\u00a0\u00a0 \u00a0 \u00a0 \u00a0 7<\/p>","protected":false},"featured_media":5082,"template":"","meta":[],"product_brand":[],"product_cat":[200,284],"product_tag":[],"class_list":{"0":"post-5040","1":"product","2":"type-product","3":"status-publish","4":"has-post-thumbnail","6":"product_cat-ishrana-bilja","7":"product_cat-organska-djubriva","9":"first","10":"instock","11":"shipping-taxable","12":"product-type-simple"},"_links":{"self":[{"href":"https:\/\/agrarpetrovic.rs\/en\/wp-json\/wp\/v2\/product\/5040","targetHints":{"allow":["GET"]}}],"collection":[{"href":"https:\/\/agrarpetrovic.rs\/en\/wp-json\/wp\/v2\/product"}],"about":[{"href":"https:\/\/agrarpetrovic.rs\/en\/wp-json\/wp\/v2\/types\/product"}],"wp:featuredmedia":[{"embeddable":true,"href":"https:\/\/agrarpetrovic.rs\/en\/wp-json\/wp\/v2\/media\/5082"}],"wp:attachment":[{"href":"https:\/\/agrarpetrovic.rs\/en\/wp-json\/wp\/v2\/media?parent=5040"}],"wp:term":[{"taxonomy":"product_brand","embeddable":true,"href":"https:\/\/agrarpetrovic.rs\/en\/wp-json\/wp\/v2\/product_brand?post=5040"},{"taxonomy":"product_cat","embeddable":true,"href":"https:\/\/agrarpetrovic.rs\/en\/wp-json\/wp\/v2\/product_cat?post=5040"},{"taxonomy":"product_tag","embeddable":true,"href":"https:\/\/agrarpetrovic.rs\/en\/wp-json\/wp\/v2\/product_tag?post=5040"}],"curies":[{"name":"wp","href":"https:\/\/api.w.org\/{rel}","templated":true}]}}