{"id":5041,"date":"2023-07-13T16:21:42","date_gmt":"2023-07-13T14:21:42","guid":{"rendered":"https:\/\/agrarpetrovic.rs\/?post_type=product&#038;p=5041"},"modified":"2023-07-13T16:22:53","modified_gmt":"2023-07-13T14:22:53","slug":"guanito-6-15-3","status":"publish","type":"product","link":"https:\/\/agrarpetrovic.rs\/en\/proizvod\/guanito-6-15-3\/","title":{"rendered":"GUANITO 6-15-3"},"content":{"rendered":"<p>Guanito je prirodna prihrana za biljke, koja u sebi sadr\u017ei visoke koli\u010dine fosfora i azota. Guano je poreklom iz Perua, dosta je skupa sirovina i osnovni je sastojak ovog \u0111ubriva , garantuje nizak nivo soli i blago kiselu pH vrednost (pH= 6,5). Zatim obezbe\u0111uje biljci kontinuiranu potro\u0161nju hranljivih materija u svakom \u017eivotnom ciklusu. Sa pobolj\u0161anjem mikrobilo\u0161kih procesa u zoni korenovog sistema, Guanito omogu\u0107ava biljci da lak\u0161e usvaja stvorene hranljive materije.<\/p>\n<p>Osigurava velike prinose i aktivne supstance za porast, kao \u0161to su huminske kiseline, vitamini, amino kiseline, auksini i citokinini, zahvaljulju\u0107i kojima biljka mo\u017ee lak\u0161e da iskoristi hranljive materije.<\/p>","protected":false},"excerpt":{"rendered":"<h4>SASTAV<\/h4>\n<p>Ukupan azot (N)\u00a0\u00a0\u00a0\u00a0\u00a0\u00a0\u00a0\u00a0\u00a0\u00a0\u00a0\u00a0\u00a0\u00a0\u00a0\u00a0\u00a0\u00a0\u00a0\u00a0\u00a0\u00a0\u00a0\u00a0\u00a0\u00a0\u00a0\u00a0\u00a0 \u00a0 \u00a0\u00a0 6%<br \/>\nUkupan fosfor (P2O5)\u00a0\u00a0\u00a0\u00a0\u00a0\u00a0\u00a0\u00a0\u00a0\u00a0\u00a0\u00a0\u00a0\u00a0\u00a0\u00a0\u00a0\u00a0\u00a0\u00a0\u00a0 \u00a0 15%<br \/>\nKalijum (K2O)\u00a0\u00a0\u00a0\u00a0\u00a0\u00a0\u00a0\u00a0\u00a0\u00a0\u00a0\u00a0\u00a0\u00a0\u00a0\u00a0\u00a0\u00a0\u00a0\u00a0\u00a0\u00a0\u00a0\u00a0\u00a0\u00a0\u00a0\u00a0\u00a0\u00a0\u00a0\u00a0\u00a0\u00a0 \u00a0 \u00a0 3%<br \/>\nVodorastvorljiv magnezijum (MgO)\u00a0\u00a0\u00a0\u00a0\u00a0\u00a0 2%<br \/>\nVodorastvorljivo gvo\u017e\u0111e (Fe)\u00a0\u00a0\u00a0\u00a0\u00a0\u00a0\u00a0\u00a0\u00a0 \u00a0\u00a0 0,8%<br \/>\nVodorastvorljiv (B) \u00a0 \u00a0 \u00a0 \u00a0 \u00a0 \u00a0 \u00a0 \u00a0 \u00a0 \u00a0 \u00a0 \u00a0 \u00a0 \u00a0\u00a0 0,2%<br \/>\nKalcijum-oksid (CaO) \u00a0 \u00a0 \u00a0 \u00a0 \u00a0 \u00a0 \u00a0 \u00a0 \u00a0 \u00a0 \u00a0\u00a0\u00a0\u00a0 10%<br \/>\nUgljenik u organskom obliku (C) \u00a0 \u00a0 \u00a0 \u00a0 32%<br \/>\nOrganska materija \u00a0 \u00a0 \u00a0 \u00a0 \u00a0 \u00a0 \u00a0 \u00a0 \u00a0 \u00a0 \u00a0 \u00a0 \u00a0\u00a0 55,2%<br \/>\nHuminske kiseline\u00a0\u00a0\u00a0\u00a0\u00a0\u00a0\u00a0\u00a0\u00a0\u00a0\u00a0\u00a0\u00a0\u00a0\u00a0\u00a0\u00a0\u00a0\u00a0\u00a0\u00a0\u00a0\u00a0\u00a0\u00a0\u00a0\u00a0\u00a0\u00a0 3,5%<br \/>\nFulvinske kiseline\u00a0\u00a0\u00a0\u00a0\u00a0\u00a0\u00a0\u00a0\u00a0\u00a0\u00a0\u00a0\u00a0\u00a0\u00a0\u00a0\u00a0\u00a0\u00a0\u00a0\u00a0\u00a0\u00a0\u00a0\u00a0\u00a0\u00a0\u00a0\u00a0\u00a0 7,5%<br \/>\nVlaga\u00a0\u00a0\u00a0\u00a0\u00a0\u00a0\u00a0\u00a0\u00a0\u00a0\u00a0\u00a0\u00a0\u00a0\u00a0\u00a0\u00a0\u00a0\u00a0\u00a0\u00a0\u00a0\u00a0\u00a0\u00a0\u00a0\u00a0\u00a0\u00a0\u00a0\u00a0\u00a0\u00a0\u00a0\u00a0\u00a0\u00a0\u00a0\u00a0\u00a0\u00a0\u00a0\u00a0\u00a0\u00a0\u00a0\u00a0\u00a0\u00a0\u00a0 \u00a0 7%<br \/>\npH vrednost\u00a0\u00a0\u00a0\u00a0\u00a0\u00a0\u00a0\u00a0\u00a0\u00a0\u00a0\u00a0\u00a0\u00a0\u00a0\u00a0\u00a0\u00a0\u00a0\u00a0\u00a0\u00a0\u00a0\u00a0\u00a0\u00a0\u00a0\u00a0\u00a0\u00a0\u00a0\u00a0\u00a0\u00a0\u00a0 \u00a0 \u00a0\u00a0 \u00a0 6,5<\/p>","protected":false},"featured_media":5083,"template":"","meta":[],"product_brand":[],"product_cat":[200,284],"product_tag":[],"class_list":{"0":"post-5041","1":"product","2":"type-product","3":"status-publish","4":"has-post-thumbnail","6":"product_cat-ishrana-bilja","7":"product_cat-organska-djubriva","9":"first","10":"instock","11":"shipping-taxable","12":"product-type-simple"},"_links":{"self":[{"href":"https:\/\/agrarpetrovic.rs\/en\/wp-json\/wp\/v2\/product\/5041","targetHints":{"allow":["GET"]}}],"collection":[{"href":"https:\/\/agrarpetrovic.rs\/en\/wp-json\/wp\/v2\/product"}],"about":[{"href":"https:\/\/agrarpetrovic.rs\/en\/wp-json\/wp\/v2\/types\/product"}],"wp:featuredmedia":[{"embeddable":true,"href":"https:\/\/agrarpetrovic.rs\/en\/wp-json\/wp\/v2\/media\/5083"}],"wp:attachment":[{"href":"https:\/\/agrarpetrovic.rs\/en\/wp-json\/wp\/v2\/media?parent=5041"}],"wp:term":[{"taxonomy":"product_brand","embeddable":true,"href":"https:\/\/agrarpetrovic.rs\/en\/wp-json\/wp\/v2\/product_brand?post=5041"},{"taxonomy":"product_cat","embeddable":true,"href":"https:\/\/agrarpetrovic.rs\/en\/wp-json\/wp\/v2\/product_cat?post=5041"},{"taxonomy":"product_tag","embeddable":true,"href":"https:\/\/agrarpetrovic.rs\/en\/wp-json\/wp\/v2\/product_tag?post=5041"}],"curies":[{"name":"wp","href":"https:\/\/api.w.org\/{rel}","templated":true}]}}