{"id":5042,"date":"2023-07-13T16:21:42","date_gmt":"2023-07-13T14:21:42","guid":{"rendered":"https:\/\/agrarpetrovic.rs\/?post_type=product&#038;p=5042"},"modified":"2023-07-13T16:22:54","modified_gmt":"2023-07-13T14:22:54","slug":"italpolina-12-5-15","status":"publish","type":"product","link":"https:\/\/agrarpetrovic.rs\/en\/proizvod\/italpolina-12-5-15\/","title":{"rendered":"ITALPOLINA 12-5-15"},"content":{"rendered":"<p><strong>1. ISTRA\u017dIVANJE NOVIH FORMULA<\/strong><br \/>\nEkskluzivno organsko \u0111ubrivo sa visokim sadr\u017eajem organskog azota i fosfora koji deluju sa mineralnim azotom i kalijumom i stvaraju kroz organsku supstancu mnogostruke veze izme\u0111u huminskih kiselina i mineralnih elemenata.<\/p>\n<p><strong>2. USMERENO DEJSTVO RADI POBOLJ\u0160ANJA KVALITETA I PROIZVODNJE<\/strong><br \/>\nZahvaljuju\u0107i prisustvu hraniva tokom celog perioda razvoja useva, 12-5-15 garantuje dostupnost pravih elemenata tokom perioda najve\u0107eg usvajanja.<\/p>\n<p><strong>3. FLEKSIBILNOST UPOTREBE<\/strong><br \/>\nBez obzira na tip zemlji\u0161a (lako ili te\u0161ko) i klimatskih uslova (hladno prole\u0107e).<\/p>\n<p><strong>4. USVAJANJE ORGANSKE MATERIJE<\/strong><\/p>\n<p><strong>5. POBOLJ\u0160ANA BIOLO\u0160KA PLODNOST<\/strong><br \/>\nITALPOLLINA 12-5-15 je pogodan za transformaciju slame i smanjenja zamora zemlji\u0161ta.<\/p>\n<p>ITALPOLLINA 12-5-15 je pogodna za \u0111ubrenje \u017eitarica i vo\u0107njaka zahvaljuju\u0107i odnosu izme\u0111u azota, fosfora i kalijuma. Peletirana formulacija zna\u010di da postoji velika koli\u010dina biolo\u0161ki aktivne huminske organske materije, \u0161to ga \u010dini pogodnim za umorna zemlji\u0161ta, siroma\u0161na u organskoj materiji, ili lakim zemlji\u0161tima, gde je nedostatak vode ograni\u010davaju\u0107i faktor. Zahvaljuju\u0107i vezama izme\u0111u elemenata u organskom i mineralnom obliku njegova upotreba je fleksibilna i mo\u017ee da se baci na njivu vrlo kasno.<br \/>\nUstvari,12-5-15 ne samo da kontroli\u0161e otpu\u0161tanje, nego tako\u0111e i koli\u010dinu elemenata, koji se mogu usvojiti od strane biljke.<\/p>\n<p>ITALPOLLINA 12-5-15 spre\u010dava gubitak glavnih elemenata (N,P,K ) usled stalnih ki\u0161a tokom prole\u0107a, i zadr\u017eava visoko usvajanje azota, fosfora i kalijuma tokom meseci u lakim zemlji\u0161tima.<\/p>","protected":false},"excerpt":{"rendered":"<p>Ukupan azot (N)\u00a0\u00a0\u00a0\u00a0\u00a0\u00a0\u00a0\u00a0\u00a0\u00a0\u00a0\u00a0\u00a0\u00a0\u00a0\u00a0\u00a0\u00a0\u00a0\u00a0\u00a0\u00a0\u00a0\u00a0\u00a0 12%<br \/>\nAmonija\u010dni azot\u00a0\u00a0\u00a0\u00a0\u00a0\u00a0\u00a0\u00a0\u00a0\u00a0\u00a0\u00a0\u00a0\u00a0\u00a0\u00a0\u00a0\u00a0\u00a0\u00a0\u00a0\u00a0\u00a0\u00a0\u00a0\u00a0\u00a0\u00a0 2%<br \/>\nUrei\u010dni azot\u00a0\u00a0\u00a0\u00a0\u00a0\u00a0\u00a0\u00a0\u00a0\u00a0\u00a0\u00a0\u00a0\u00a0\u00a0\u00a0\u00a0\u00a0\u00a0\u00a0\u00a0\u00a0\u00a0\u00a0\u00a0\u00a0\u00a0\u00a0\u00a0\u00a0\u00a0\u00a0\u00a0\u00a0 7%<br \/>\nOrganski azot\u00a0\u00a0\u00a0\u00a0\u00a0\u00a0\u00a0\u00a0\u00a0\u00a0\u00a0\u00a0\u00a0\u00a0\u00a0\u00a0\u00a0\u00a0\u00a0\u00a0\u00a0\u00a0\u00a0 \u00a0\u00a0\u00a0\u00a0\u00a0\u00a0\u00a0 3%<br \/>\nUkupan fosfor (P2O5)\u00a0\u00a0\u00a0\u00a0\u00a0\u00a0\u00a0\u00a0\u00a0\u00a0\u00a0\u00a0\u00a0\u00a0\u00a0\u00a0\u00a0\u00a0 5%<br \/>\nVodorastvorljiv kalijum (K2O)\u00a0\u00a0\u00a0\u00a0\u00a0 15%<br \/>\nOrganski ugljenik (C)\u00a0\u00a0\u00a0\u00a0\u00a0\u00a0\u00a0\u00a0\u00a0\u00a0\u00a0\u00a0\u00a0\u00a0\u00a0\u00a0\u00a0\u00a0 21%<br \/>\npH\u00a0\u00a0\u00a0\u00a0\u00a0\u00a0\u00a0\u00a0\u00a0\u00a0\u00a0\u00a0\u00a0\u00a0\u00a0\u00a0\u00a0\u00a0\u00a0\u00a0\u00a0\u00a0\u00a0\u00a0\u00a0\u00a0\u00a0\u00a0\u00a0\u00a0\u00a0\u00a0\u00a0\u00a0\u00a0\u00a0\u00a0\u00a0\u00a0\u00a0\u00a0\u00a0\u00a0\u00a0\u00a0\u00a0\u00a0\u00a0\u00a0\u00a0\u00a0 7<\/p>\n<p>&nbsp;<\/p>\n<p>Organo-mineralno \u0111ubrivo sa velikom koli\u010dinom sporoodpu\u0161taju\u0107eg azota (N = 12%),\u00a0 kalijuma (K2O = 15%) i organskog ugljenika (C = 21%). Pru\u017ea veliku koli\u010dinu hranljiva tokom celog perioda razvoja biljke zahvaljuju\u0107i sporom odpu\u0161tanju organskog azota, fosfora i kalijuma. Visok sadr\u017eaj kalijuma, pobolj\u0161ava sazrevanje plodova i njihov kvalitet.<\/p>\n<p>D\u017eakovi od 25 kg<\/p>","protected":false},"featured_media":5084,"template":"","meta":[],"product_brand":[],"product_cat":[200],"product_tag":[],"class_list":{"0":"post-5042","1":"product","2":"type-product","3":"status-publish","4":"has-post-thumbnail","6":"product_cat-ishrana-bilja","8":"first","9":"instock","10":"shipping-taxable","11":"product-type-simple"},"_links":{"self":[{"href":"https:\/\/agrarpetrovic.rs\/en\/wp-json\/wp\/v2\/product\/5042","targetHints":{"allow":["GET"]}}],"collection":[{"href":"https:\/\/agrarpetrovic.rs\/en\/wp-json\/wp\/v2\/product"}],"about":[{"href":"https:\/\/agrarpetrovic.rs\/en\/wp-json\/wp\/v2\/types\/product"}],"wp:featuredmedia":[{"embeddable":true,"href":"https:\/\/agrarpetrovic.rs\/en\/wp-json\/wp\/v2\/media\/5084"}],"wp:attachment":[{"href":"https:\/\/agrarpetrovic.rs\/en\/wp-json\/wp\/v2\/media?parent=5042"}],"wp:term":[{"taxonomy":"product_brand","embeddable":true,"href":"https:\/\/agrarpetrovic.rs\/en\/wp-json\/wp\/v2\/product_brand?post=5042"},{"taxonomy":"product_cat","embeddable":true,"href":"https:\/\/agrarpetrovic.rs\/en\/wp-json\/wp\/v2\/product_cat?post=5042"},{"taxonomy":"product_tag","embeddable":true,"href":"https:\/\/agrarpetrovic.rs\/en\/wp-json\/wp\/v2\/product_tag?post=5042"}],"curies":[{"name":"wp","href":"https:\/\/api.w.org\/{rel}","templated":true}]}}