{"id":5043,"date":"2023-07-13T16:21:42","date_gmt":"2023-07-13T14:21:42","guid":{"rendered":"https:\/\/agrarpetrovic.rs\/?post_type=product&#038;p=5043"},"modified":"2023-07-13T16:22:58","modified_gmt":"2023-07-13T14:22:58","slug":"wuxal-boron","status":"publish","type":"product","link":"https:\/\/agrarpetrovic.rs\/en\/proizvod\/wuxal-boron\/","title":{"rendered":"WUXAL BORON"},"content":{"rendered":"<p><strong>\u0160E\u0106ERNA REPA:<\/strong>\u00a0u koli\u010dini od 2 l\/ha.<br \/>\n<strong>Vreme primene:<\/strong>\u00a0kraj maja \u2013 po\u010detak juna.<br \/>\n<strong>Prvi tretman:<\/strong>\u00a0primenjuje se zajedno sa poslednjim tretmanom protiv \u0161irokolisnih korova ili tretmanom protiv divljeg sirka.<br \/>\n<strong>Drugi tretman:<\/strong>\u00a0sa istom koli\u010dinom, zajedno sa prvim tretmanom fungicidima protiv prouzrokova\u010da sive pegavosti\u00a0<em>(Cercospora beticola)<\/em>.<\/p>\n<p><strong>VINOVA LOZA:<\/strong>\u00a0u koli\u010dini od 1 l\/ha.<br \/>\n<strong>Vreme primene:<\/strong><br \/>\n<strong>Prvi tretman<\/strong>\u00a0\u2013 pred po\u010detak cvetanja.<br \/>\n<strong>Drugi tretman<\/strong>\u00a0\u2013 dve nedelje posle cvetanja.<\/p>\n<p><strong>JABUKA:<\/strong>\u00a0u koli\u010dini od 2 l\/ha.<br \/>\n<strong>Vreme primene:<\/strong>\u00a0posle berbe.<\/p>\n<p><strong>SUNCOKRET I ULJANA REPICA:<\/strong>\u00a0u koli\u010dini od 1 l\/ha.<br \/>\n<strong>Vreme primene:<\/strong><br \/>\n<strong>Prvi tretman<\/strong>\u00a0\u2013 pred po\u010detak cvetanja.<br \/>\n<strong>Drugi tretman<\/strong>\u00a0\u2013 posle dve nedelje.<br \/>\n<strong>Wuxal<sup>\u00ae<\/sup>\u00a0Boron<\/strong>\u00a0se koristi u koli\u010dini 0,5-1 l\/ha na svim drugim usevima ili vo\u0107u.<\/p>\n<p class=\"rtejustify\"><strong>MOGU\u0106NOST ME\u0160ANJA<\/strong><\/p>\n<p class=\"rtejustify\">Pre primene preparata\u00a0<strong>Wuxal<sup>\u00ae<\/sup>\u00a0Boron<\/strong>\u00a0u kombinaciji sa pesticidima proveriti njihovu kompatibilnost.<\/p>\n<p class=\"rtejustify\"><strong>NA\u010cIN DELOVANJA<\/strong><\/p>\n<p><strong>Wuxal<sup>\u00ae<\/sup>\u00a0Boron<\/strong>, zbog pove\u0107anog sadr\u017eaja bora i njegovog lako pristupa\u010dnog oblika za biljke, uti\u010de na mnoge fiziolo\u0161ke procese u biljkama:<\/p>\n<ul>\n<li class=\"rtejustify\">pospe\u0161uje klijanje polena i tako uti\u010de na bolje oplo\u0111enje i pravilnije formiranje plodova;<\/li>\n<li class=\"rtejustify\">ima va\u017enu ulogu u metabolizmu, translokaciji i skladi\u0161tenju ugljenih hidrata;<\/li>\n<li class=\"rtejustify\">u \u0161e\u0107ernoj repi spre\u010dava se pojava \u201etrule\u017ei srca\u201c i pove\u0107ava se digestija;<\/li>\n<li class=\"rtejustify\">kod vinove loze pove\u0107ava se oplodnja i spre\u010dava se pojava simptoma \u201ekoko\u0161ka i pili\u0107i\u201c (formiranje normalnih bobica koje imaju seme i ujedna\u010deno sitnijih koje su bez semena).<\/li>\n<\/ul>\n<p class=\"rtejustify\"><strong>NE\u017dELJENI EFEKTI<\/strong><\/p>\n<p>Koli\u010dine preparata iznad preporu\u010denih mogu izazvati fitotoksi\u010dnost kod rasada povr\u0107a.<\/p>","protected":false},"excerpt":{"rendered":"<div class=\"field field-name-field-product-category field-type-taxonomy-term-reference field-label-above\">\n<div class=\"field-label\">Kategorija:<\/div>\n<div class=\"field-items\">\n<div class=\"field-item even\"><a href=\"https:\/\/www.agrosava.com\/products\/foliar-fertilizers\">Folijarna hraniva<\/a><\/div>\n<\/div>\n<\/div>\n<div class=\"field field-name-field-product-packaging field-type-text field-label-above\">\n<div class=\"field-label\">Pakovanje:<\/div>\n<div class=\"field-items\">\n<div class=\"field-item even\">250 ml, 1 L i 10 L<\/div>\n<\/div>\n<\/div>\n<div class=\"field field-name-field-product-manufacturer field-type-taxonomy-term-reference field-label-above\">\n<div class=\"field-label\">Proizvo\u0111a\u010d:<\/div>\n<div class=\"field-items\">\n<div class=\"field-item even\">Aglukon<\/div>\n<\/div>\n<\/div>\n<div class=\"field field-name-field-product-technical-informat field-type-text-with-summary field-label-hidden\">\n<div class=\"field-items\">\n<div class=\"field-item even\">\n<p class=\"rtejustify\"><strong>Folijarno hranivo sa pove\u0107anim sadr\u017eajem bora<\/strong><\/p>\n<p><strong>Sadr\u017eaj hranljivih elemenata:<\/strong><\/p>\n<ul>\n<li class=\"rtejustify\">Azot (N) \u2013 8%<\/li>\n<li class=\"rtejustify\">Fosfor (P<sub>2<\/sub>O<sub>5<\/sub>) \u2013 10%<\/li>\n<li class=\"rtejustify\">Bor (\u0412) \u2013 7%<\/li>\n<li class=\"rtejustify\">Bakar (\u0421u) \u2013 0,05%<\/li>\n<li class=\"rtejustify\">Gvo\u017e\u0111e (Fe) \u2013 0,1%<\/li>\n<li class=\"rtejustify\">\u041c\u0430ngan (Mn) \u2013 0,05%<\/li>\n<li class=\"rtejustify\">\u041colibden (Mo) \u2013 0,001%<\/li>\n<li class=\"rtejustify\">Cink (Zn) \u2013 0,05%<\/li>\n<\/ul>\n<p class=\"rtejustify\"><strong>Specifi\u010dna te\u017eina:<\/strong>\u00a01,35 g\/cm<sup>3<\/sup><\/p>\n<\/div>\n<\/div>\n<\/div>\n<p><strong>Wuxal<sup>\u00ae<\/sup>\u00a0Boron<\/strong>\u00a0je folijarno hranivo u obliku suspenzije sa izbalansiranim sadr\u017eajem makro i mikro elemenata i koristi se:<\/p>\n<p class=\"rtejustify\"><strong>Wuxal<sup>\u00ae<\/sup>\u00a0Boron<\/strong>\u00a0je folijarno hranivo sa pove\u0107anim sadr\u017eajem bora i ne sadr\u017ei elemente koji spre\u010davaju usvajanje bora od strane biljaka (antagoniste).<br \/>\nOva formulacija omogu\u0107ava da se u superzasi\u0107enom rastvoru stabilizuje ve\u0107a koli\u010dina hranljivih elemenata u odnosu na standardne rastvore te\u010dnih hraniva.<br \/>\nTako\u0111e, tehnologija suspenzija omogu\u0107ava dodavanje materijala koji pobolj\u0161avaju i pove\u0107avaju usvajanje hraniva, pospe\u0161uju uniformnu distribuciju i zadr\u017eavanje rastvora za tretiranje na listu.<br \/>\nOve osobine\u00a0<strong>Wuxal<sup>\u00ae<\/sup>\u00a0Borona<\/strong>\u00a0doprinose da biljke mogu da usvajaju hraniva preko lista u du\u017eem periodu i pri nepovoljnim uslovima spoljne sredine.<\/p>\n<p class=\"rtejustify\">","protected":false},"featured_media":5099,"template":"","meta":[],"product_brand":[],"product_cat":[307,200],"product_tag":[],"class_list":{"0":"post-5043","1":"product","2":"type-product","3":"status-publish","4":"has-post-thumbnail","6":"product_cat-folijarna-djubriva","7":"product_cat-ishrana-bilja","9":"first","10":"instock","11":"shipping-taxable","12":"product-type-simple"},"_links":{"self":[{"href":"https:\/\/agrarpetrovic.rs\/en\/wp-json\/wp\/v2\/product\/5043","targetHints":{"allow":["GET"]}}],"collection":[{"href":"https:\/\/agrarpetrovic.rs\/en\/wp-json\/wp\/v2\/product"}],"about":[{"href":"https:\/\/agrarpetrovic.rs\/en\/wp-json\/wp\/v2\/types\/product"}],"wp:featuredmedia":[{"embeddable":true,"href":"https:\/\/agrarpetrovic.rs\/en\/wp-json\/wp\/v2\/media\/5099"}],"wp:attachment":[{"href":"https:\/\/agrarpetrovic.rs\/en\/wp-json\/wp\/v2\/media?parent=5043"}],"wp:term":[{"taxonomy":"product_brand","embeddable":true,"href":"https:\/\/agrarpetrovic.rs\/en\/wp-json\/wp\/v2\/product_brand?post=5043"},{"taxonomy":"product_cat","embeddable":true,"href":"https:\/\/agrarpetrovic.rs\/en\/wp-json\/wp\/v2\/product_cat?post=5043"},{"taxonomy":"product_tag","embeddable":true,"href":"https:\/\/agrarpetrovic.rs\/en\/wp-json\/wp\/v2\/product_tag?post=5043"}],"curies":[{"name":"wp","href":"https:\/\/api.w.org\/{rel}","templated":true}]}}