{"id":5044,"date":"2023-07-13T16:21:43","date_gmt":"2023-07-13T14:21:43","guid":{"rendered":"https:\/\/agrarpetrovic.rs\/?post_type=product&#038;p=5044"},"modified":"2023-07-13T16:22:58","modified_gmt":"2023-07-13T14:22:58","slug":"wuxal-calcium","status":"publish","type":"product","link":"https:\/\/agrarpetrovic.rs\/en\/proizvod\/wuxal-calcium\/","title":{"rendered":"WUXAL CALCIUM"},"content":{"rendered":"<p class=\"rtejustify\"><strong>JABUKA:<\/strong>\u00a0u koli\u010dini od 5 l\/ha, vi\u0161e tretmana.<br \/>\n<strong>Vreme primene:<\/strong>\u00a0po\u010dev\u0161i 15 dana posle oplodnje do dve nedelje pred berbu.<br \/>\nTretmane ponavljati svakih 10-14 dana, a zbog smanjenja tro\u0161kova proizvodnje najbolje je Wuxal\u00ae Calcium kombinovati sa tretmanima protiv \u0161teto\u010dina i prouzrokova\u010da bolesti.<\/p>\n<p><strong>BRESKVA I NEKTARINA:<\/strong>\u00a0u koli\u010dini 3-4 l\/ha.<br \/>\n<strong>Vreme primene:<\/strong>\u00a0u vreme intenzivnog rasta plodova.<\/p>\n<p><strong>PLODOVITO POVR\u0106E (paprika, paradajz, krastavac i lubenica):<\/strong>\u00a0u koli\u010dini 2-3 l\/ha.<br \/>\n<strong>Vreme primene:<\/strong>\u00a0u vreme intenzivnog rasta plodova.<\/p>\n<p><strong>KUPUS, KELJ, KARFIOL I KELERABA:<\/strong>\u00a0u koli\u010dini od 2-3 l\/ha.<br \/>\n<strong>Vreme primene:<\/strong>\u00a0u vreme intenzivnog rasta.<\/p>\n<p><strong>VINOVA LOZA:<\/strong>\u00a0u koli\u010dini od 2 l\/ha.<br \/>\n<strong>Vreme primene:<\/strong>\u00a0u po\u010detku rasta bobica.<\/p>\n<p class=\"rtejustify\"><strong>MOGU\u0106NOST ME\u0160ANJA<\/strong><\/p>\n<p class=\"rtejustify\"><strong>Wuxal<sup>\u00ae<\/sup>\u00a0Calcium<\/strong>\u00a0ne sme se me\u0161ati sa bordovskom \u010dorbom, sumporno-kre\u010dnom \u010dorbom i sa jako alkalnim sredstvima.<\/p>\n<p class=\"rtejustify\"><strong>Wuxal<sup>\u00ae<\/sup>\u00a0Calcium<\/strong>\u00a0je folijarno hranivo sa pove\u0107anim sadr\u017eajem kalcijuma, azota i mikroelementima. Mikroelementi su potpuno helatinizirani, a bioefektivni stimulatori koji pobolj\u0161avaju usvajanje hraniva iz\u00a0<strong>Wuxal<sup>\u00ae<\/sup>\u00a0Calciuma<\/strong>\u00a0su potpuno bezbedni za biljke. Formulacija ovog hraniva omogu\u0107ava kvalitetnu primenu sa svim vrstama prskalica, ta\u010dno pode\u0161avanje koli\u010dine hraniva prema fiziolo\u0161kim zahtevima biljne vrste i mogu\u0107nost me\u0161anja sa velikim brojem pesticida.<\/p>\n<p class=\"rtejustify\"><strong>NA\u010cIN DELOVANJA<\/strong><\/p>\n<p class=\"rtejustify\">Plodovi se u prvom delu vegetacije snabdevaju kalcijumom preko ksilema zajedno sa drugim mineralnim materijama. Kada ulogu snabdevanja plodova preuzme floem (veli\u010dina omanjeg oraha), ograni\u010deno je dopremanje kalcijuma u plodove i on se u daljem toku vegetacije samo preraspore\u0111uje.<\/p>\n<p class=\"rtejustify\">Kao posledica nedostatka kalcijuma u plodovima javljaju se fiziolo\u0161ki poreme\u0107aji kao \u0161to su gorke pege, skald i jonatan pege kod jabuka, a kod paradajza i paprike pojava slabog formiranja kutikule ili \u201esun\u010danice\u201c na vrhovima plodova. Dodavanje kalcijuma folijarnim tretmanom biljaka u toku rasta plodova omogu\u0107ava normalan razvoj plodova, bolju strukturu, \u010dvrsto\u0107u i obojenost. Pobolj\u0161anje kvaliteta plodova primenom preparata\u00a0<strong>Wuxal<sup>\u00ae<\/sup>\u00a0Calcium<\/strong>\u00a0uti\u010de na du\u017ee \u010duvanje plodova u skladi\u0161tima i hladnja\u010dama, lak\u0161i transport plodova i pove\u0107anje njihove ukupne tr\u017ei\u0161ne vrednosti.<\/p>","protected":false},"excerpt":{"rendered":"<div class=\"field field-name-field-product-category field-type-taxonomy-term-reference field-label-above\">\n<div class=\"field-label\">Kategorija:<\/div>\n<div class=\"field-items\">\n<div class=\"field-item even\"><a href=\"https:\/\/www.agrosava.com\/products\/foliar-fertilizers\">Folijarna hraniva<\/a><\/div>\n<\/div>\n<\/div>\n<div class=\"field field-name-field-product-packaging field-type-text field-label-above\">\n<div class=\"field-label\">Pakovanje:<\/div>\n<div class=\"field-items\">\n<div class=\"field-item even\">250 ml i 1 L<\/div>\n<\/div>\n<\/div>\n<div class=\"field field-name-field-product-manufacturer field-type-taxonomy-term-reference field-label-above\">\n<div class=\"field-label\">Proizvo\u0111a\u010d:<\/div>\n<div class=\"field-items\">\n<div class=\"field-item even\">Aglukon<\/div>\n<\/div>\n<\/div>\n<div class=\"field field-name-field-product-technical-informat field-type-text-with-summary field-label-hidden\">\n<div class=\"field-items\">\n<div class=\"field-item even\">\n<p class=\"rtejustify\"><strong>Folijarno hranivo sa pove\u0107anim sadr\u017eajem kalcijuma<\/strong><\/p>\n<p><strong>Sadr\u017eaj hranljivih elemenata:<\/strong><\/p>\n<ul>\n<li class=\"rtejustify\">Azot (N) \u2013 10%<\/li>\n<li class=\"rtejustify\">Kalcijum (\u0421\u0430) \u2013 15%<\/li>\n<li class=\"rtejustify\">\u041c\u0430gnezijum (\u041cg) \u2013 2%<\/li>\n<li class=\"rtejustify\">Bor (\u0412) \u2013 0,05%<\/li>\n<li class=\"rtejustify\">Bakar (Cu) \u2013 0,04%<\/li>\n<li class=\"rtejustify\">Gvo\u017e\u0111e (Fe) \u2013 0,05%<\/li>\n<li class=\"rtejustify\">\u041c\u0430ngan (Mn) \u2013 0,1%<\/li>\n<li class=\"rtejustify\">\u041c\u043elibden (Mo) \u2013 0,001%<\/li>\n<li class=\"rtejustify\">Cink (Zn) \u2013 0,02%<\/li>\n<\/ul>\n<p class=\"rtejustify\"><strong>Specifi\u010dna te\u017eina:<\/strong>\u00a01,6 g\/cm<sup>3<\/sup><br \/>\n<strong>pH vrednost:<\/strong>\u00a05<\/p>\n<\/div>\n<\/div>\n<\/div>\n<p><strong>Wuxal<sup>\u00ae<\/sup>\u00a0Calcium<\/strong>\u00a0je te\u010dno hranivo u obliku kristalne suspenzije sa visokim sadr\u017eajem kalcijuma, pove\u0107anim sadr\u017eajem azota i mikroelementima i koristi se:<\/p>","protected":false},"featured_media":5100,"template":"","meta":[],"product_brand":[],"product_cat":[307,200],"product_tag":[],"class_list":{"0":"post-5044","1":"product","2":"type-product","3":"status-publish","4":"has-post-thumbnail","6":"product_cat-folijarna-djubriva","7":"product_cat-ishrana-bilja","9":"first","10":"instock","11":"shipping-taxable","12":"product-type-simple"},"_links":{"self":[{"href":"https:\/\/agrarpetrovic.rs\/en\/wp-json\/wp\/v2\/product\/5044","targetHints":{"allow":["GET"]}}],"collection":[{"href":"https:\/\/agrarpetrovic.rs\/en\/wp-json\/wp\/v2\/product"}],"about":[{"href":"https:\/\/agrarpetrovic.rs\/en\/wp-json\/wp\/v2\/types\/product"}],"wp:featuredmedia":[{"embeddable":true,"href":"https:\/\/agrarpetrovic.rs\/en\/wp-json\/wp\/v2\/media\/5100"}],"wp:attachment":[{"href":"https:\/\/agrarpetrovic.rs\/en\/wp-json\/wp\/v2\/media?parent=5044"}],"wp:term":[{"taxonomy":"product_brand","embeddable":true,"href":"https:\/\/agrarpetrovic.rs\/en\/wp-json\/wp\/v2\/product_brand?post=5044"},{"taxonomy":"product_cat","embeddable":true,"href":"https:\/\/agrarpetrovic.rs\/en\/wp-json\/wp\/v2\/product_cat?post=5044"},{"taxonomy":"product_tag","embeddable":true,"href":"https:\/\/agrarpetrovic.rs\/en\/wp-json\/wp\/v2\/product_tag?post=5044"}],"curies":[{"name":"wp","href":"https:\/\/api.w.org\/{rel}","templated":true}]}}