{"id":5045,"date":"2023-07-13T16:21:43","date_gmt":"2023-07-13T14:21:43","guid":{"rendered":"https:\/\/agrarpetrovic.rs\/?post_type=product&#038;p=5045"},"modified":"2023-07-13T16:22:58","modified_gmt":"2023-07-13T14:22:58","slug":"wuxal-ferro","status":"publish","type":"product","link":"https:\/\/agrarpetrovic.rs\/en\/proizvod\/wuxal-ferro\/","title":{"rendered":"WUXAL FERRO"},"content":{"rendered":"<p class=\"rtejustify\"><strong>BRESKVA I JABUKA:<\/strong>\u00a0u koli\u010dini od 2 l\/ha, vi\u0161e tretmana.<br \/>\n<strong>VINOVA LOZA:\u00a0<\/strong>u koli\u010dini od 2,5 l\/ha.<br \/>\n<strong>Vreme primene:\u00a0<\/strong>odmah po uo\u010davanju simptoma otklanja se hloroza, u razmacima od 14 dana.<br \/>\nAko je nedostatak hroni\u010dan i simptomi su se ispoljavali i prethodne godine, mora se koristiti gvo\u017e\u0111e specijalno pripremljene formulacije za tretiranje preko zemlji\u0161ta.<\/p>\n<p class=\"rtejustify\"><strong>MOGU\u0106NOST ME\u0160ANJA<\/strong><\/p>\n<p class=\"rtejustify\"><strong>Wuxal<sup>\u00ae<\/sup>\u00a0Ferro<\/strong>\u00a0sa helatinskim agentom GLH osetljiv je na visoki sadr\u017eaj fosfora, pa se ne me\u0161a folijarno sa organofosfatima (pesticidima i \u0111ubrivima).<\/p>\n<p>Navedene osobine \u010dine\u00a0<strong>Wuxal<sup>\u00ae<\/sup>\u00a0Ferro<\/strong>\u00a0veoma ekonomi\u010dnim za primenu u proizvodnji vo\u0107a, povr\u0107a i cve\u0107a.<\/p>\n<p class=\"rtejustify\"><strong>NA\u010cIN DELOVANJA<\/strong><\/p>\n<p class=\"rtejustify\">Gvo\u017e\u0111e posredno ili neposredno u\u010destvuje u brojnim fiziolo\u0161kim procesima biljaka: biosinteza hlorofila, asimilacija N, redukcija nitrita i dr. Pokretljivost gvo\u017e\u0111a u biljkama je veoma slaba, pa se simptomi nedostatka gvo\u017e\u0111a najpre uo\u010davaju na najmla\u0111em (vr\u0161nom) li\u0161\u0107u, gde povr\u0161ine izme\u0111u nerava postaju svetlo\u017eute do \u017eute, a kasnije i limun-\u017eute, dok lisni nervi ostaju zeleni.<\/p>\n<p class=\"rtejustify\">Ovaj tip hloroze naziva se Fe-hloroza i \u010desto se javlja kod ve\u0107ine vo\u0107nih vrsta, posebno kru\u0161ke, breskve i nektarine. Pojava Fe-hloroza zavisi i od tipa zemlji\u0161ta na kojem se gaje usevi, a naj\u010de\u0161\u0107a je na zemlji\u0161tima koja su slabo obezbe\u0111ena gvo\u017e\u0111em i na blago alkalnim zemlji\u0161tima.<\/p>\n<p class=\"rtejustify\">Ukoliko se pojave simptomi nedostatka gvo\u017e\u0111a, najbolji na\u010din brzog otklanjanja je primena folijarnog hraniva\u00a0<strong>Wuxal<sup>\u00ae<\/sup>\u00a0Ferro<\/strong>.<\/p>","protected":false},"excerpt":{"rendered":"<p><strong>Wuxal<sup>\u00ae<\/sup>\u00a0Ferro<\/strong>\u00a0sadr\u017ei novorazvijeni Fe-organski kompleks za prevenciju i kontrolu nedostatka gvo\u017e\u0111a kod biljaka i koristi se:<\/p>\n<p class=\"rtejustify\"><strong>Wuxal<sup>\u00ae<\/sup>\u00a0Ferro<\/strong>\u00a0je folijarno hranivo sa pove\u0107anim sadr\u017eajem gvo\u017e\u0111a. Formulisan kao te\u010dna suspenzija,\u00a0<strong>Wuxal<sup>\u00ae<\/sup>\u00a0Ferro<\/strong>\u00a0pored lak\u0161eg rukovanja ima niz prednosti u odnosu na naj\u010de\u0161\u0107e kori\u0161\u0107ene metal-helatne pra\u0161kaste formulacije:<\/p>\n<ul>\n<li class=\"rtejustify\">br\u017ea apsorpcija gvo\u017e\u0111a od strane biljaka;<\/li>\n<li class=\"rtejustify\">bezbedna primena za biljke jer \u201enema spaljivanja lista\u201c;<\/li>\n<li class=\"rtejustify\">zadr\u017eavanje preparata na povr\u0161ini lista, \u0161to omogu\u0107ava du\u017ee delovanje;<\/li>\n<li class=\"rtejustify\">preparat se ne spira ki\u0161om, a gubici gvo\u017e\u0111a nastali curenjem rastvora sa povr\u0161ine lista su minimalni.<\/li>\n<\/ul>","protected":false},"featured_media":5101,"template":"","meta":[],"product_brand":[],"product_cat":[307,200],"product_tag":[],"class_list":{"0":"post-5045","1":"product","2":"type-product","3":"status-publish","4":"has-post-thumbnail","6":"product_cat-folijarna-djubriva","7":"product_cat-ishrana-bilja","9":"first","10":"instock","11":"shipping-taxable","12":"product-type-simple"},"_links":{"self":[{"href":"https:\/\/agrarpetrovic.rs\/en\/wp-json\/wp\/v2\/product\/5045","targetHints":{"allow":["GET"]}}],"collection":[{"href":"https:\/\/agrarpetrovic.rs\/en\/wp-json\/wp\/v2\/product"}],"about":[{"href":"https:\/\/agrarpetrovic.rs\/en\/wp-json\/wp\/v2\/types\/product"}],"wp:featuredmedia":[{"embeddable":true,"href":"https:\/\/agrarpetrovic.rs\/en\/wp-json\/wp\/v2\/media\/5101"}],"wp:attachment":[{"href":"https:\/\/agrarpetrovic.rs\/en\/wp-json\/wp\/v2\/media?parent=5045"}],"wp:term":[{"taxonomy":"product_brand","embeddable":true,"href":"https:\/\/agrarpetrovic.rs\/en\/wp-json\/wp\/v2\/product_brand?post=5045"},{"taxonomy":"product_cat","embeddable":true,"href":"https:\/\/agrarpetrovic.rs\/en\/wp-json\/wp\/v2\/product_cat?post=5045"},{"taxonomy":"product_tag","embeddable":true,"href":"https:\/\/agrarpetrovic.rs\/en\/wp-json\/wp\/v2\/product_tag?post=5045"}],"curies":[{"name":"wp","href":"https:\/\/api.w.org\/{rel}","templated":true}]}}