{"id":5046,"date":"2023-07-13T16:21:43","date_gmt":"2023-07-13T14:21:43","guid":{"rendered":"https:\/\/agrarpetrovic.rs\/?post_type=product&#038;p=5046"},"modified":"2023-07-13T16:22:59","modified_gmt":"2023-07-13T14:22:59","slug":"wuxal-aminocal","status":"publish","type":"product","link":"https:\/\/agrarpetrovic.rs\/en\/proizvod\/wuxal-aminocal\/","title":{"rendered":"WUXAL AMINOCAL"},"content":{"rendered":"<p class=\"rtejustify\"><strong>Wuxal<sup>\u00ae<\/sup>\u00a0Aminocal<\/strong>\u00a0je folijarno hranivo sa visokim sadr\u017eajem kalcijuma specijalno formulisano za tretmane vo\u0107a i povr\u0107a pred berbu i koristi se:<br \/>\n<strong>JABUKA:\u00a0<\/strong>u koli\u010dini 5-6 l\/ha.<br \/>\n<strong>Vreme primene:<\/strong>\u00a0tokom razvoja ploda, od zametanja do neposredno pred berbu.<br \/>\nPreporu\u010duje se posebno za sorte osetljive na fiziolo\u0161ku nestabilnost plodova.<\/p>\n<p><strong>JAGODA I KO\u0160TI\u010cAVO VO\u0106E:<\/strong>\u00a0u koli\u010dini od 5 l\/ha.<br \/>\n<strong>Vreme primene:<\/strong>\u00a0neposredno pred berbu, radi boljeg transporta i \u010duvanja plodova.<\/p>\n<p><strong>POVR\u0106E:<\/strong>\u00a0u koli\u010dini od 5 l\/ha na otvorenom polju, a u koncentraciji 0,2-0,25% u plastenicima.<br \/>\n<strong>Vreme primene:<\/strong>\u00a0neposredno pred berbu.<\/p>\n<p class=\"rtejustify\"><strong>MOGU\u0106NOST ME\u0160ANJA<\/strong><\/p>\n<p class=\"rtejustify\"><strong>Wuxal<sup>\u00ae<\/sup>\u00a0Aminocal<\/strong>\u00a0se me\u0161a sa drugim folijarnim hranivima i pesticidima, ali se mora voditi ra\u010duna o pH vrednosti vode i EC rastvora. Iz tog razloga treba se pridr\u017eavati preporu\u010denih koli\u010dina primene.<\/p>","protected":false},"excerpt":{"rendered":"<div class=\"field field-name-field-product-category field-type-taxonomy-term-reference field-label-above\">\n<div class=\"field-label\">Kategorija:<\/div>\n<div class=\"field-items\">\n<div class=\"field-item even\"><a href=\"https:\/\/www.agrosava.com\/products\/foliar-fertilizers\">Folijarna hraniva<\/a><\/div>\n<\/div>\n<\/div>\n<div class=\"field field-name-field-product-packaging field-type-text field-label-above\">\n<div class=\"field-label\">Pakovanje:<\/div>\n<div class=\"field-items\">\n<div class=\"field-item even\">1 L i 10 L<\/div>\n<\/div>\n<\/div>\n<div class=\"field field-name-field-product-manufacturer field-type-taxonomy-term-reference field-label-above\">\n<div class=\"field-label\">Proizvo\u0111a\u010d:<\/div>\n<div class=\"field-items\">\n<div class=\"field-item even\">Aglukon<\/div>\n<\/div>\n<\/div>\n<div class=\"field field-name-field-product-technical-informat field-type-text-with-summary field-label-hidden\">\n<div class=\"field-items\">\n<div class=\"field-item even\">\n<p class=\"rtejustify\"><strong>Folijarno hranivo za tretmane vo\u0107a i povr\u0107a pred berbu i pobolj\u0161anje kvaliteta \u010duvanja plodova<\/strong><\/p>\n<p><strong>Sadr\u017eaj hranljivih elemenata:<\/strong><\/p>\n<ul>\n<li class=\"rtejustify\">\u041aalcijum (Ca) \u2013 15%<\/li>\n<li class=\"rtejustify\">\u041c\u0430ngan (\u041cn) \u2013 0,5%<\/li>\n<li class=\"rtejustify\">Cink (Zn)\u00a0 5%<\/li>\n<\/ul>\n<p class=\"rtejustify\"><strong>Specifi\u010dna te\u017eina:<\/strong>\u00a01,32 g\/cm\u00b3<br \/>\n<strong>pH vrednost:<\/strong>\u00a04<\/p>\n<\/div>\n<\/div>\n<\/div>","protected":false},"featured_media":5102,"template":"","meta":[],"product_brand":[],"product_cat":[307,200],"product_tag":[],"class_list":{"0":"post-5046","1":"product","2":"type-product","3":"status-publish","4":"has-post-thumbnail","6":"product_cat-folijarna-djubriva","7":"product_cat-ishrana-bilja","9":"first","10":"instock","11":"shipping-taxable","12":"product-type-simple"},"_links":{"self":[{"href":"https:\/\/agrarpetrovic.rs\/en\/wp-json\/wp\/v2\/product\/5046","targetHints":{"allow":["GET"]}}],"collection":[{"href":"https:\/\/agrarpetrovic.rs\/en\/wp-json\/wp\/v2\/product"}],"about":[{"href":"https:\/\/agrarpetrovic.rs\/en\/wp-json\/wp\/v2\/types\/product"}],"wp:featuredmedia":[{"embeddable":true,"href":"https:\/\/agrarpetrovic.rs\/en\/wp-json\/wp\/v2\/media\/5102"}],"wp:attachment":[{"href":"https:\/\/agrarpetrovic.rs\/en\/wp-json\/wp\/v2\/media?parent=5046"}],"wp:term":[{"taxonomy":"product_brand","embeddable":true,"href":"https:\/\/agrarpetrovic.rs\/en\/wp-json\/wp\/v2\/product_brand?post=5046"},{"taxonomy":"product_cat","embeddable":true,"href":"https:\/\/agrarpetrovic.rs\/en\/wp-json\/wp\/v2\/product_cat?post=5046"},{"taxonomy":"product_tag","embeddable":true,"href":"https:\/\/agrarpetrovic.rs\/en\/wp-json\/wp\/v2\/product_tag?post=5046"}],"curies":[{"name":"wp","href":"https:\/\/api.w.org\/{rel}","templated":true}]}}