{"id":5052,"date":"2023-07-13T16:22:08","date_gmt":"2023-07-13T14:22:08","guid":{"rendered":"https:\/\/agrarpetrovic.rs\/?post_type=product&#038;p=5052"},"modified":"2023-07-13T16:22:59","modified_gmt":"2023-07-13T14:22:59","slug":"wuxal-magnesium","status":"publish","type":"product","link":"https:\/\/agrarpetrovic.rs\/en\/proizvod\/wuxal-magnesium\/","title":{"rendered":"WUXAL MAGNESIUM"},"content":{"rendered":"<p class=\"rtejustify\"><strong>JABUKA:<\/strong>\u00a0u koli\u010dini 3-5 l\/ha.<br \/>\n<strong>Vreme primene:<\/strong>\u00a0u vreme intenzivnog porasta plodova.<\/p>\n<p><strong>POVR\u0106E:<\/strong>\u00a0u koli\u010dini 3-5 l\/ha.<br \/>\n<strong>Vreme primene:<\/strong>\u00a0u vreme intenzivnog porasta plodova.<\/p>\n<p><strong>VINOVA LOZA:<\/strong>\u00a0u koli\u010dini 3-5 l\/ha.<br \/>\n<strong>Vreme primene:<\/strong>\u00a0posle cvetanja i u vreme intenzivnog nalivanja bobica.<\/p>\n<p class=\"rtejustify\"><strong>MOGU\u0106NOST ME\u0160ANJA<\/strong><\/p>\n<p class=\"rtejustify\"><strong>Wuxal<sup>\u00ae<\/sup>\u00a0Magnesium<\/strong>\u00a0je kompatibilan sa ve\u0107inom preparata za za\u0161titu bilja. Ipak, preporu\u010duje se da se uradi test me\u0161anja pre prve primene.<\/p>\n<p class=\"rtejustify\"><strong>Wuxal<sup>\u00ae<\/sup>\u00a0Magnesium<\/strong>\u00a0je folijarno hranivo za dopunsku ishranu biljaka. Sadr\u017ei specijalne oligo-peptidne aditive, koji omogu\u0107avaju bolju rasprostranjenost i dugo zadr\u017eavanje hraniva na listu, pa je mogu\u0107nost ispiranja hraniva ki\u0161om minimalna. Ima optimalnu pH vrednost za brzo usvajanje hraniva preko lista, a kvalitetna formulacija obezbe\u0111uje kompatibilnost\u00a0<strong>Wuxal<sup>\u00ae<\/sup>\u00a0Magnesiuma<\/strong>\u00a0za me\u0161anje sa velikim brojem pesticida.<\/p>\n<p class=\"rtejustify\"><strong>NA\u010cIN DELOVANJA<\/strong><\/p>\n<p class=\"rtejustify\">Magnezijum ulazi u sastav hlorofila, zna\u010dajan je aktivator enzima, u\u010destvuje u procesima prenosa energije u biljkama i mnogim drugim metaboli\u010dkim procesima. Magnezijum je mobilan u biljkama, pa se simptomi nedostatka pojavljuju na donjem li\u0161\u0107u u vreme intenzivnog rasta plodova.<\/p>\n<p class=\"rtejustify\">Simptomi nedostatka magnezijuma naj\u010de\u0161\u0107e se javljaju na povr\u0107u (paradajz) i manifestuju se u vidu \u017eu\u0107enja donjeg li\u0161\u0107a. Kod vinove loze simptomi nedostatka su u vidu su\u0161enja donjeg dela grozdova (Die Back) u vreme nalivanja bobica. Hloroza izazvana nedostatkom magnezijuma uspe\u0161no se mo\u017ee otkloniti primenom\u00a0<strong>Wuxal<sup>\u00ae<\/sup><\/strong>\u00a0<strong>Magnesiuma<\/strong>. Ishranom fitofagnih grinja javlja se hloroza li\u0161\u0107a zbog specifi\u010dnog na\u010dina ishrane (grinje sisaju sokove iz lista). Pored akaricida, koji se koriste za njihovo suzbijanje, za le\u010denje ovog tipa hloroze treba dodati i\u00a0<strong>Wuxal<sup>\u00ae<\/sup>\u00a0Magnesium<\/strong>\u00a0da bi biljke lak\u0161e uspostavile fiziolo\u0161ku ravnote\u017eu u listu.<\/p>","protected":false},"excerpt":{"rendered":"<div class=\"field field-name-field-product-category field-type-taxonomy-term-reference field-label-above\">\n<div><strong>Wuxal<sup>\u00ae<\/sup>\u00a0Magnesium<\/strong>\u00a0je hranivo sa pove\u0107anim sadr\u017eajem magnezijuma i dodatkom mikroelemenata u dobro izbalansiranom odnosu i koristi se<\/div>\n<div class=\"field-label\">Kategorija:<\/div>\n<div class=\"field-items\">\n<div class=\"field-item even\"><a href=\"https:\/\/www.agrosava.com\/products\/foliar-fertilizers\">Folijarna hraniva<\/a><\/div>\n<\/div>\n<\/div>\n<div class=\"field field-name-field-product-packaging field-type-text field-label-above\">\n<div class=\"field-label\">Pakovanje:<\/div>\n<div class=\"field-items\">\n<div class=\"field-item even\">1 L<\/div>\n<\/div>\n<\/div>\n<div class=\"field field-name-field-product-manufacturer field-type-taxonomy-term-reference field-label-above\">\n<div class=\"field-label\">Proizvo\u0111a\u010d:<\/div>\n<div class=\"field-items\">\n<div class=\"field-item even\">Aglukon<\/div>\n<\/div>\n<\/div>\n<div class=\"field field-name-field-product-technical-informat field-type-text-with-summary field-label-hidden\">\n<div class=\"field-items\">\n<div class=\"field-item even\">\n<p class=\"rtejustify\"><strong>Folijarno hranivo sa pove\u0107anim sadr\u017eajem magnezijuma<\/strong><\/p>\n<p><strong>Sadr\u017eaj hranljivih elemenata:<\/strong><\/p>\n<ul>\n<li class=\"rtejustify\">\u041c\u0430gnezijum (Mg) \u2013 12%<\/li>\n<li class=\"rtejustify\">Sumpor (S\u041e<sub>3<\/sub>) \u2013 10%<\/li>\n<li class=\"rtejustify\">\u0410zot (N) \u2013 3,6%<\/li>\n<li class=\"rtejustify\">Bor (B) \u2013 0,3%<\/li>\n<li class=\"rtejustify\">\u041c\u0430ngan (\u041cn) \u2013 1%<\/li>\n<li class=\"rtejustify\">Zink (Zn) \u2013 0,7%<\/li>\n<\/ul>\n<p class=\"rtejustify\"><strong>Specifi\u010dna te\u017eina:<\/strong>\u00a01,45\u00a0g\/cm\u00b3<br \/>\n<strong>pH\u00a0vrednost:<\/strong>\u00a07<\/p>\n<\/div>\n<\/div>\n<\/div>","protected":false},"featured_media":5103,"template":"","meta":[],"product_brand":[],"product_cat":[307,200],"product_tag":[],"class_list":{"0":"post-5052","1":"product","2":"type-product","3":"status-publish","4":"has-post-thumbnail","6":"product_cat-folijarna-djubriva","7":"product_cat-ishrana-bilja","9":"first","10":"instock","11":"shipping-taxable","12":"product-type-simple"},"_links":{"self":[{"href":"https:\/\/agrarpetrovic.rs\/en\/wp-json\/wp\/v2\/product\/5052","targetHints":{"allow":["GET"]}}],"collection":[{"href":"https:\/\/agrarpetrovic.rs\/en\/wp-json\/wp\/v2\/product"}],"about":[{"href":"https:\/\/agrarpetrovic.rs\/en\/wp-json\/wp\/v2\/types\/product"}],"wp:featuredmedia":[{"embeddable":true,"href":"https:\/\/agrarpetrovic.rs\/en\/wp-json\/wp\/v2\/media\/5103"}],"wp:attachment":[{"href":"https:\/\/agrarpetrovic.rs\/en\/wp-json\/wp\/v2\/media?parent=5052"}],"wp:term":[{"taxonomy":"product_brand","embeddable":true,"href":"https:\/\/agrarpetrovic.rs\/en\/wp-json\/wp\/v2\/product_brand?post=5052"},{"taxonomy":"product_cat","embeddable":true,"href":"https:\/\/agrarpetrovic.rs\/en\/wp-json\/wp\/v2\/product_cat?post=5052"},{"taxonomy":"product_tag","embeddable":true,"href":"https:\/\/agrarpetrovic.rs\/en\/wp-json\/wp\/v2\/product_tag?post=5052"}],"curies":[{"name":"wp","href":"https:\/\/api.w.org\/{rel}","templated":true}]}}