{"id":5054,"date":"2023-07-13T16:22:08","date_gmt":"2023-07-13T14:22:08","guid":{"rendered":"https:\/\/agrarpetrovic.rs\/?post_type=product&#038;p=5054"},"modified":"2023-07-13T16:22:59","modified_gmt":"2023-07-13T14:22:59","slug":"wuxal-cink","status":"publish","type":"product","link":"https:\/\/agrarpetrovic.rs\/en\/proizvod\/wuxal-cink\/","title":{"rendered":"WUXAL CINK"},"content":{"rendered":"<p class=\"rtejustify\"><strong>Wuxal<sup>\u00ae<\/sup>\u00a0Zink<\/strong>\u00a0je folijarno hranivo na bazi cink-organskog kompleksa za spre\u010davanje pojave nedostatka cinka kod gajenih biljaka i koristi se:<br \/>\n<strong>JABUKA:<\/strong>\u00a0u koli\u010dini 1-2 l\/ha.<br \/>\n<strong>Vreme primene:<\/strong>\u00a0tretiranjem u vreme pucanja pupoljaka u prole\u0107e ili posle berbe plodova sa 2 l\/ha.<\/p>\n<p><strong>KO\u0160TI\u010cAVO VO\u0106E:<\/strong>\u00a0u koli\u010dini 1-2 l\/ha.<br \/>\n<strong>Vreme primene:<\/strong>\u00a0tretiranjem neposredno posle cvetanja i 2-3 nedelje kasnije.<\/p>\n<p><strong>POVR\u0106E:<\/strong>\u00a0u koli\u010dini od 1 l\/ha.<br \/>\n<strong>Vreme primene:<\/strong>\u00a0posle pojave simptoma, 1-2 puta.<\/p>\n<p><strong>VINOVA LOZA:<\/strong>\u00a0u koli\u010dini od 1 l\/ha.<br \/>\n<strong>Vreme primene:<\/strong>\u00a0tretiranjem posle pojave prvih simptoma nedostatka cinka.<\/p>\n<p class=\"rtejustify\"><strong>MOGU\u0106NOST ME\u0160ANJA<\/strong><\/p>\n<p class=\"rtejustify\"><strong>Wuxal<sup>\u00ae<\/sup>\u00a0Zink<\/strong>\u00a0se koristi sam i ne me\u0161a se sa drugim hranivima ili pesticidima.<\/p>","protected":false},"excerpt":{"rendered":"<div class=\"field field-name-field-product-category field-type-taxonomy-term-reference field-label-above\">\n<div class=\"field-label\">Kategorija:<\/div>\n<div class=\"field-items\">\n<div class=\"field-item even\"><a href=\"https:\/\/www.agrosava.com\/products\/foliar-fertilizers\">Folijarna hraniva<\/a><\/div>\n<\/div>\n<\/div>\n<div class=\"field field-name-field-product-packaging field-type-text field-label-above\">\n<div class=\"field-label\">Pakovanje:<\/div>\n<div class=\"field-items\">\n<div class=\"field-item even\">1 L<\/div>\n<\/div>\n<\/div>\n<div class=\"field field-name-field-product-manufacturer field-type-taxonomy-term-reference field-label-above\">\n<div class=\"field-label\">Proizvo\u0111a\u010d:<\/div>\n<div class=\"field-items\">\n<div class=\"field-item even\">Aglukon<\/div>\n<\/div>\n<\/div>\n<div class=\"field field-name-field-product-technical-informat field-type-text-with-summary field-label-hidden\">\n<div class=\"field-items\">\n<div class=\"field-item even\">\n<p class=\"rtejustify\"><strong>Folijarno hranivo za dopunsku ishranu biljaka na zemlji\u0161tima sa deficitom u cinku<\/strong><\/p>\n<p><strong>Sadr\u017eaj hranljivih elemenata:<\/strong><\/p>\n<ul>\n<li class=\"rtejustify\">Cink (Zn) \u2013 6%<\/li>\n<li class=\"rtejustify\">\u0410zot (N) \u2013 5%<\/li>\n<li class=\"rtejustify\">Sumpor (S) \u2013 3%<\/li>\n<\/ul>\n<p class=\"rtejustify\"><strong>Specifi\u010dna te\u017eina:<\/strong>\u00a01,43\u00a0g\/cm\u00b3<br \/>\n<strong>pH\u00a0vrednost:<\/strong>\u00a06<\/p>\n<p><strong>Wuxal<sup>\u00ae<\/sup>\u00a0Zink<\/strong>\u00a0je folijarno hranivo na bazi cink-organskog kompleksa za spre\u010davanje pojave nedostatka cinka kod gajenih biljaka. Savremena formulacija\u00a0<strong>Wuxal<sup>\u00ae<\/sup>\u00a0Zink<\/strong>\u00a0omogu\u0107ava bolje prianjanje i zadr\u017eavanje hraniva na listu, jednostavniju pripremu rastvora i ve\u0107u efikasnost u odnosu na uobi\u010dajene cink-helate ili cink-sulfat soli.\u00a0<strong>Wuxal<sup>\u00ae<\/sup>\u00a0Zink<\/strong>\u00a0je bezbedan za \u017eivotnu sredinu i potpuno biorazgradiv.<\/p>\n<p class=\"rtejustify\"><strong>Wuxal<sup>\u00ae<\/sup>\u00a0Zink<\/strong>\u00a0je folijarno hranivo na bazi cink-organskog kompleksa za spre\u010davanje pojave nedostatka cinka kod gajenih biljaka. Savremena formulacija\u00a0<strong>Wuxal<sup>\u00ae<\/sup>\u00a0Zink<\/strong>\u00a0omogu\u0107ava bolje prianjanje i zadr\u017eavanje hraniva na listu, jednostavniju pripremu rastvora i ve\u0107u efikasnost u odnosu na uobi\u010dajene cink-helate ili cink-sulfat soli.\u00a0<strong>Wuxal<sup>\u00ae<\/sup>\u00a0Zink<\/strong>\u00a0je bezbedan za \u017eivotnu sredinu i potpuno biorazgradiv.<\/p>\n<p class=\"rtejustify\"><strong>NA\u010cIN DELOVANJA<\/strong><\/p>\n<p class=\"rtejustify\">Cink ima veoma va\u017enu ulogu u prometu materija kod biljaka, jer je aktivator ili sastavni deo mnogih enzima. Uti\u010de na promet nukleinskih kiselina, proces fotosinteze i neophodan je u sintezi auksina, najpoznatijeg hormona koji reguli\u0161e rast biljaka.<\/p>\n<p class=\"rtejustify\">Zbog toga su najtipi\u010dniji morfolo\u0161ki znaci nedostatka cinka izazvani nedovoljnom koli\u010dinom auksina, pre svega mali, sitni, uski listovi, skra\u0107enje internodija i stvaranje rozete. Ovi simptomi su poznati kao \u201ecinkopatija\u201c. Naj\u010de\u0161\u0107e se javljaju na lakim \u2013 peskovitim, alkalnim zemlji\u0161tima i zemlji\u0161tima bogatim fosforom, a najosetljive su vi\u0161egodi\u0161nje biljne vrste: jabuka, kru\u0161ka, breskva, vinova loza i citrusi. Kod vinove loze nedostatak cinka se uo\u010dava po pojavi rehuljavih grozdova (bobice su razli\u010dite veli\u010dine, a sva zrna su sa semenom). Kod crnog luka simptomi nedostatka cinka ispoljavaju se u vidu izbeljivanja i su\u0161enja vrhova lista.<\/p>\n<p class=\"rtejustify\"><strong>NE\u017dELJENI EFEKTI<\/strong><\/p>\n<p>Kod jabuke mo\u017ee biti toksi\u010dan ako se koristi u vreme prisustva plodova.<\/p>\n<\/div>\n<\/div>\n<\/div>","protected":false},"featured_media":5105,"template":"","meta":[],"product_brand":[],"product_cat":[307,200],"product_tag":[],"class_list":{"0":"post-5054","1":"product","2":"type-product","3":"status-publish","4":"has-post-thumbnail","6":"product_cat-folijarna-djubriva","7":"product_cat-ishrana-bilja","9":"first","10":"instock","11":"shipping-taxable","12":"product-type-simple"},"_links":{"self":[{"href":"https:\/\/agrarpetrovic.rs\/en\/wp-json\/wp\/v2\/product\/5054","targetHints":{"allow":["GET"]}}],"collection":[{"href":"https:\/\/agrarpetrovic.rs\/en\/wp-json\/wp\/v2\/product"}],"about":[{"href":"https:\/\/agrarpetrovic.rs\/en\/wp-json\/wp\/v2\/types\/product"}],"wp:featuredmedia":[{"embeddable":true,"href":"https:\/\/agrarpetrovic.rs\/en\/wp-json\/wp\/v2\/media\/5105"}],"wp:attachment":[{"href":"https:\/\/agrarpetrovic.rs\/en\/wp-json\/wp\/v2\/media?parent=5054"}],"wp:term":[{"taxonomy":"product_brand","embeddable":true,"href":"https:\/\/agrarpetrovic.rs\/en\/wp-json\/wp\/v2\/product_brand?post=5054"},{"taxonomy":"product_cat","embeddable":true,"href":"https:\/\/agrarpetrovic.rs\/en\/wp-json\/wp\/v2\/product_cat?post=5054"},{"taxonomy":"product_tag","embeddable":true,"href":"https:\/\/agrarpetrovic.rs\/en\/wp-json\/wp\/v2\/product_tag?post=5054"}],"curies":[{"name":"wp","href":"https:\/\/api.w.org\/{rel}","templated":true}]}}