{"id":5055,"date":"2023-07-13T16:22:08","date_gmt":"2023-07-13T14:22:08","guid":{"rendered":"https:\/\/agrarpetrovic.rs\/?post_type=product&#038;p=5055"},"modified":"2023-07-13T16:23:00","modified_gmt":"2023-07-13T14:23:00","slug":"asfert-univerzal","status":"publish","type":"product","link":"https:\/\/agrarpetrovic.rs\/en\/proizvod\/asfert-univerzal\/","title":{"rendered":"ASFERT UNIVERZAL"},"content":{"rendered":"<h2 id=\"ui-accordion-2-header-0\" class=\"ui-accordion-header ui-helper-reset ui-state-default ui-accordion-icons ui-state-focus ui-accordion-header-active ui-state-active ui-corner-top\" role=\"tab\">PRIMENA<\/h2>\n<div id=\"ui-accordion-2-panel-0\" class=\"content ui-accordion-content ui-helper-reset ui-widget-content ui-corner-bottom ui-accordion-content-active\" role=\"tabpanel\" aria-labelledby=\"ui-accordion-2-header-0\" aria-hidden=\"false\">\n<div class=\"field field-name-field-product-application field-type-text-with-summary field-label-hidden\">\n<div class=\"field-items\">\n<div class=\"field-item even\">\n<p class=\"rtejustify\">Za potpunu ishranu biljaka preko zemlji\u0161ta (fertirigacijom) mogu se preporu\u010diti koli\u010dine 50-200 kg\/ha, s tim da je zemlji\u0161te-supstrat klasi\u010dnim \u0111ubrenjem dovedeno u stanje optimalne plodnosti. U slu\u010daju programirane upotrebe preko vode za zalivanje (fertirigacija), koli\u010dina primene ovog \u0111ubriva unosi se rastvorom koncentracije do 0,1%, a folijarno sa rastvorom koncentracije 0,3-0,5%.<br \/>\n<strong>Vreme primene:<\/strong>\u00a0u ranim fazama vegetacije, od setve i rasa\u0111ivanja do cvetanja.<\/p>\n<p class=\"rtejustify\"><strong>NA\u010cIN PRIMENE<\/strong><\/p>\n<p class=\"rtejustify\">Programiranom primenom potrebnih koli\u010dina \u0111ubriva putem vode za zalivanje po celoj povr\u0161ini ili lokalno (zalivanjem \u201ekap po kap\u201c), i folijarno, u kombinaciji ili bez kombinacije s odgovaraju\u0107im za\u0161titnim sredstvima. U slu\u010daju folijarne primene sa za\u0161titnim sredstvima, treba po\u0161tovati pravilo rasporeda rastvaranja: voda \u2013 \u0111ubrivo \u2013 za\u0161titno sredstvo. Broj tretiranja u toku godine zavisi od zahteva gajenih biljaka, sastava zemlji\u0161ta, supstrata i predlo\u017eenih na\u010dina primene, \u0161to naj\u010de\u0161\u0107e podrazumeva vi\u0161e puta tokom godine.<\/p>\n<h2 id=\"ui-accordion-3-header-0\" class=\"ui-accordion-header ui-helper-reset ui-state-default ui-accordion-icons ui-state-focus ui-accordion-header-active ui-state-active ui-corner-top\" role=\"tab\">KARAKTERISTIKE<\/h2>\n<div id=\"ui-accordion-3-panel-0\" class=\"content ui-accordion-content ui-helper-reset ui-widget-content ui-corner-bottom ui-accordion-content-active\" role=\"tabpanel\" aria-labelledby=\"ui-accordion-3-header-0\" aria-hidden=\"false\">\n<div class=\"field field-name-field-products-characteristics field-type-text-with-summary field-label-hidden\">\n<div class=\"field-items\">\n<div class=\"field-item even\">\n<p class=\"rtejustify\"><strong>Asfert Univerzal\u00a0<\/strong>je NPK \u0111ubrivo sa pove\u0107anim sadr\u017eajem mikroelemenata i namenjeno za ishranu svih biljnih vrsta u razli\u010ditim uslovima proizvodnje. Visok sadr\u017eaj NPK elemenata i izbalansiran odnos mikroelemenata u \u0111ubrivu\u00a0<strong>ASFERT UNIVERZAL\u00a0<\/strong>podsti\u010de pravilno formiranje vegetativnih i generativnih organa kod biljaka, njihov normalan rast i razvoj \u0161to se sve odra\u017eava na postizanje visokih i stabilnih prinosa.<\/p>\n<p class=\"rtejustify\">Optimalno vreme primene \u0111ubriva\u00a0<strong>ASFERT UNIVERZAL<\/strong>\u00a0u povrtarskoj proizvodnji je od perioda ukorenjavanja pa do cvetanja, dok je za ishranu vo\u0107arskih i ratarskih useva, od perioda intenzivnog rasta i plodono\u0161enja pa sve do po\u010detka faze sazrevanja.<\/p>\n<\/div>\n<\/div>\n<\/div>\n<\/div>\n<\/div>\n<\/div>\n<\/div>\n<\/div>","protected":false},"excerpt":{"rendered":"<div class=\"field field-name-field-product-category field-type-taxonomy-term-reference field-label-above\">\n<div class=\"field-label\">Kategorija:<\/div>\n<div class=\"field-items\">\n<div class=\"field-item even\"><a href=\"https:\/\/www.agrosava.com\/products\/foliar-fertilizers\">Folijarna hraniva<\/a><\/div>\n<\/div>\n<\/div>\n<div class=\"field field-name-field-product-packaging field-type-text field-label-above\">\n<div class=\"field-label\">Pakovanje:<\/div>\n<div class=\"field-items\">\n<div class=\"field-item even\">50 g, 1 kg i 25 kg<\/div>\n<\/div>\n<\/div>\n<div class=\"field field-name-field-product-manufacturer field-type-taxonomy-term-reference field-label-above\">\n<div class=\"field-label\">Proizvo\u0111a\u010d:<\/div>\n<div class=\"field-items\">\n<div class=\"field-item even\">Chemical Agrosava<\/div>\n<\/div>\n<\/div>\n<div class=\"field field-name-field-product-technical-informat field-type-text-with-summary field-label-hidden\">\n<div class=\"field-items\">\n<div class=\"field-item even\">\n<p class=\"rtejustify\"><strong>Neorgansko slo\u017eeno \u010dvrsto NPK \u0111ubrivo sa mikroelementima<\/strong><\/p>\n<p><strong>Sadr\u017eaj hranljivih elemenata<br \/>\nMakroelementi:<\/strong><\/p>\n<ul>\n<li class=\"rtejustify\">Ukupni azot (N) \u2013 20%<\/li>\n<li class=\"rtejustify\">Fosfor (P<sub>2<\/sub>O<sub>5<\/sub>) \u2013 20%<\/li>\n<li class=\"rtejustify\">Kalijum (K<sub>2<\/sub>O) \u2013 20%<\/li>\n<\/ul>\n<p class=\"rtejustify\"><strong>Mikroelementi:<\/strong><\/p>\n<ul>\n<li class=\"rtejustify\">Gvo\u017e\u0111e (Fe) \u2013 0,04%<\/li>\n<li class=\"rtejustify\">Bakar (Cu) \u2013 0,015%<\/li>\n<li class=\"rtejustify\">Mangan (Mn) \u2013 0,025%<\/li>\n<li class=\"rtejustify\">Cink (Zn) \u2013 0,025%<\/li>\n<li class=\"rtejustify\">Bor (B) \u2013 0,01%<\/li>\n<li class=\"rtejustify\">Mobilden (Mo) \u2013 0,001%<\/li>\n<\/ul>\n<p class=\"rtejustify\"><strong>Specifi\u010dna te\u017eina:<\/strong>\u00a00,9-1 g\/cm<sup>3<\/sup><br \/>\n<strong>pH vrednost:<\/strong>\u00a04-5<\/p>\n<\/div>\n<\/div>\n<\/div>","protected":false},"featured_media":5106,"template":"","meta":[],"product_brand":[],"product_cat":[200,201],"product_tag":[],"class_list":{"0":"post-5055","1":"product","2":"type-product","3":"status-publish","4":"has-post-thumbnail","6":"product_cat-ishrana-bilja","7":"product_cat-vodotopiva-djubriva","9":"first","10":"instock","11":"shipping-taxable","12":"product-type-simple"},"_links":{"self":[{"href":"https:\/\/agrarpetrovic.rs\/en\/wp-json\/wp\/v2\/product\/5055","targetHints":{"allow":["GET"]}}],"collection":[{"href":"https:\/\/agrarpetrovic.rs\/en\/wp-json\/wp\/v2\/product"}],"about":[{"href":"https:\/\/agrarpetrovic.rs\/en\/wp-json\/wp\/v2\/types\/product"}],"wp:featuredmedia":[{"embeddable":true,"href":"https:\/\/agrarpetrovic.rs\/en\/wp-json\/wp\/v2\/media\/5106"}],"wp:attachment":[{"href":"https:\/\/agrarpetrovic.rs\/en\/wp-json\/wp\/v2\/media?parent=5055"}],"wp:term":[{"taxonomy":"product_brand","embeddable":true,"href":"https:\/\/agrarpetrovic.rs\/en\/wp-json\/wp\/v2\/product_brand?post=5055"},{"taxonomy":"product_cat","embeddable":true,"href":"https:\/\/agrarpetrovic.rs\/en\/wp-json\/wp\/v2\/product_cat?post=5055"},{"taxonomy":"product_tag","embeddable":true,"href":"https:\/\/agrarpetrovic.rs\/en\/wp-json\/wp\/v2\/product_tag?post=5055"}],"curies":[{"name":"wp","href":"https:\/\/api.w.org\/{rel}","templated":true}]}}