{"id":5119,"date":"2023-07-13T16:23:24","date_gmt":"2023-07-13T14:23:24","guid":{"rendered":"https:\/\/agrarpetrovic.rs\/?post_type=product&#038;p=5119"},"modified":"2023-07-13T16:24:52","modified_gmt":"2023-07-13T14:24:52","slug":"widya-240-sc-akaricid","status":"publish","type":"product","link":"https:\/\/agrarpetrovic.rs\/en\/proizvod\/widya-240-sc-akaricid\/","title":{"rendered":"Widya 240 SC &#8211; Akaricid"},"content":{"rendered":"<p class=\"x-text-type cs-ta-left mtn h5\" data-x-element=\"text_type\" data-x-params=\"{&quot;strings&quot;:[&quot;Nesistemiu010dni insekticid i akaricid sa kontaktnim i digestivnim delovanjem, za suzbijanje crvene vou0107ne grinje i obiu010dnog pauu010dinara&quot;],&quot;type_speed&quot;:10,&quot;start_delay&quot;:0,&quot;back_speed&quot;:50,&quot;back_delay&quot;:3000,&quot;loop&quot;:false,&quot;show_cursor&quot;:true,&quot;cursor&quot;:&quot;|&quot;}\"><span class=\"text\">Nesistemi\u010dni insekticid i akaricid sa kontaktnim i digestivnim delovanjem, za suzbijanje crvene vo\u0107ne grinje i obi\u010dnog pau\u010dinara<\/span><\/p>\n<div class=\"x-text cs-ta-left\">\n<p><strong>Delovanje<\/strong><br \/>\n<strong>WIDYA\u00ae 240-SC<\/strong> deluje kontaktno i digestivno. Aktivna materija spirodiklofen deluje inhibicijom sinteze lipida. Pripada novoj hemijskoj grupi \u2013 tetrani\u010dne kiseline. Klasifikacija rezistentnosti (IRAC): 23<\/p>\n<p><strong>Primena<\/strong><br \/>\n<strong>Jabuka:<\/strong><br \/>\n\u2013 Crvena vo\u0107na grinja (<em>Panonychus ulmi<\/em>) i obi\u010dan pau\u010dinar (<em>Tetranychus urticae<\/em>); 0,4 \u2013 0,6 l\/ha, po pojavi prvih pokretnih formi grinja (3-5 odraslih jedinki), posle cvetanja (BBCH 69) i kasnije tokom vegetacije.<strong><br \/>\n<\/strong><br \/>\n<strong>Preporuke i napomene vezane za primenu<\/strong><br \/>\n\u2192\u00a0<strong>WIDYA\u00ae 240-SC<\/strong> ima sporije startno delovanje, prvi efekti su vidljivi nakon 10 dana, a puno dejstvo posle dve nedelje.<br \/>\n\u2192\u00a0Sna\u017eno se ve\u017ee za povr\u0161inu lista, zbog \u010dega ima du\u017ee delovanje.<br \/>\n\u2192\u00a0Deluje na sve stadijume \u0161tetnih grinja.<br \/>\n\u2192\u00a0Mo\u017ee se uspe\u0161no primeniti i za suzbijanje eriofidnih grinja u zasadu maline i vinove loze i kru\u0161kine buve u zasadu kru\u0161ke.<br \/>\n\u2192 Maksimalan broj tretiranja u toku godine je 1 put.<\/p>\n<table id=\"tablepress-111\" class=\"tablepress tablepress-id-111\">\n<tbody class=\"row-hover\">\n<tr class=\"row-1 odd\">\n<td class=\"column-1\">Aktivna materija<\/td>\n<td class=\"column-2\">Spirodiklofen 240 g\/l<\/td>\n<\/tr>\n<tr class=\"row-2 even\">\n<td class=\"column-1\">Formulacija<\/td>\n<td class=\"column-2\">Koncentrovana suspenzija (SC)<\/td>\n<\/tr>\n<tr class=\"row-3 odd\">\n<td class=\"column-1\">Utro\u0161ak vode<\/td>\n<td class=\"column-2\">1000 l\/ha<\/td>\n<\/tr>\n<tr class=\"row-4 even\">\n<td class=\"column-1\">Karenca<\/td>\n<td class=\"column-2\">14 dana<\/td>\n<\/tr>\n<tr class=\"row-5 odd\">\n<td class=\"column-1\">Pakovanje<\/td>\n<td class=\"column-2\">50 ml, 100 ml, 500 ml<\/td>\n<\/tr>\n<\/tbody>\n<\/table>\n<\/div>\n","protected":false},"excerpt":{"rendered":"<p>Klasa: Akaricidi<\/p>\n<p>Aktivna materija: Spirodiklofen 240 g\/l<\/p>\n<p>Formulacija: Koncentrovana suspenzija (SC)<\/p>\n<p>Proizvo\u0111a\u010d: AgroArm<\/p>","protected":false},"featured_media":5169,"template":"","meta":[],"product_brand":[],"product_cat":[281,202],"product_tag":[],"class_list":{"0":"post-5119","1":"product","2":"type-product","3":"status-publish","4":"has-post-thumbnail","6":"product_cat-akaricidi","7":"product_cat-zastita-bilja","9":"first","10":"instock","11":"shipping-taxable","12":"product-type-simple"},"_links":{"self":[{"href":"https:\/\/agrarpetrovic.rs\/en\/wp-json\/wp\/v2\/product\/5119","targetHints":{"allow":["GET"]}}],"collection":[{"href":"https:\/\/agrarpetrovic.rs\/en\/wp-json\/wp\/v2\/product"}],"about":[{"href":"https:\/\/agrarpetrovic.rs\/en\/wp-json\/wp\/v2\/types\/product"}],"wp:featuredmedia":[{"embeddable":true,"href":"https:\/\/agrarpetrovic.rs\/en\/wp-json\/wp\/v2\/media\/5169"}],"wp:attachment":[{"href":"https:\/\/agrarpetrovic.rs\/en\/wp-json\/wp\/v2\/media?parent=5119"}],"wp:term":[{"taxonomy":"product_brand","embeddable":true,"href":"https:\/\/agrarpetrovic.rs\/en\/wp-json\/wp\/v2\/product_brand?post=5119"},{"taxonomy":"product_cat","embeddable":true,"href":"https:\/\/agrarpetrovic.rs\/en\/wp-json\/wp\/v2\/product_cat?post=5119"},{"taxonomy":"product_tag","embeddable":true,"href":"https:\/\/agrarpetrovic.rs\/en\/wp-json\/wp\/v2\/product_tag?post=5119"}],"curies":[{"name":"wp","href":"https:\/\/api.w.org\/{rel}","templated":true}]}}